{"id":9640,"date":"2025-07-01T20:41:10","date_gmt":"2025-07-01T20:41:10","guid":{"rendered":"https:\/\/thingstodoinmarrakech.ma\/?post_type=product&#038;p=9640"},"modified":"2025-07-01T21:08:25","modified_gmt":"2025-07-01T21:08:25","slug":"agafay-day-pass-buggy-500cc-pool-access-dinner-transportation-copy","status":"publish","type":"product","link":"https:\/\/thingstodoinmarrakech.ma\/fr\/product\/agafay-day-pass-buggy-500cc-pool-access-dinner-transportation-copy\/","title":{"rendered":"Day Pass Agafay : Buggy 500cc, acc\u00e8s \u00e0 la piscine, d\u00eener (2 pax minimum) &amp; Transport"},"content":{"rendered":"<p>&nbsp;<\/p>\n<p data-start=\"575\" data-end=\"1036\">Passez une journ\u00e9e inoubliable dans le d\u00e9sert d'Agafay en alliant excitation et confort. Commencez votre aventure par une balade guid\u00e9e en buggy - sentez la puissance d'un buggy de 500 cm3 alors que vous explorez les paysages rocheux d'Agafay, guid\u00e9 par des experts locaux. Apr\u00e8s votre balade, prenez le temps de vous d\u00e9tendre et de vous rafra\u00eechir en profitant de l'acc\u00e8s complet \u00e0 la piscine dans un camp du d\u00e9sert pittoresque. Le soir venu, savourez un d\u00e9licieux d\u00eener marocain servi sous les \u00e9toiles avant votre transfert de retour \u00e0 Marrakech.<\/p>\n<p data-start=\"1038\" data-end=\"1177\">Cette carte journali\u00e8re compl\u00e8te est id\u00e9ale pour les couples, les amis et les familles qui recherchent \u00e0 la fois l'aventure et la d\u00e9tente, tout \u00e9tant organis\u00e9 pour vous.<\/p>\n<p data-start=\"1707\" data-end=\"1732\"><strong data-start=\"1707\" data-end=\"1730\">Horaire et dur\u00e9e :<\/strong><\/p>\n<ul data-start=\"1733\" data-end=\"2019\">\n<li data-start=\"1733\" data-end=\"1768\">\n<p data-start=\"1735\" data-end=\"1768\">D\u00e9parts quotidiens de Marrakech<\/p>\n<\/li>\n<li data-start=\"1769\" data-end=\"1858\">\n<p data-start=\"1771\" data-end=\"1858\">Prise en charge typique : fin de matin\u00e9e ou d\u00e9but d'apr\u00e8s-midi (l'heure exacte est confirm\u00e9e apr\u00e8s la r\u00e9servation).<\/p>\n<\/li>\n<li data-start=\"1859\" data-end=\"1933\">\n<p data-start=\"1861\" data-end=\"1933\">Dur\u00e9e : environ 7 heures (balade en buggy, piscine, d\u00eener et transferts).<\/p>\n<\/li>\n<li data-start=\"1934\" data-end=\"2019\">\n<p data-start=\"1936\" data-end=\"2019\">Plusieurs heures de d\u00e9part possibles ; le d\u00eener est servi au coucher du soleil pour une exp\u00e9rience particuli\u00e8re.<\/p>\n<\/li>\n<\/ul>\n<p data-start=\"2021\" data-end=\"2043\"><strong data-start=\"2021\" data-end=\"2041\">\u00c0 qui cela s'adresse-t-il ?<\/strong><\/p>\n<ul data-start=\"2044\" data-end=\"2295\">\n<li data-start=\"2044\" data-end=\"2110\">\n<p data-start=\"2046\" data-end=\"2110\">Convient aux adultes et aux enfants plus \u00e2g\u00e9s (un \u00e2ge minimum peut \u00eatre requis)<\/p>\n<\/li>\n<li data-start=\"2111\" data-end=\"2154\">\n<p data-start=\"2113\" data-end=\"2154\">Id\u00e9al pour les couples, les amis ou les familles<\/p>\n<\/li>\n<li data-start=\"2155\" data-end=\"2217\">\n<p data-start=\"2157\" data-end=\"2217\">Aucune exp\u00e9rience pr\u00e9alable en buggy n'est n\u00e9cessaire - une instruction compl\u00e8te est fournie.<\/p>\n<\/li>\n<li data-start=\"2218\" data-end=\"2295\">\n<p data-start=\"2220\" data-end=\"2295\">Chaque buggy peut accueillir deux personnes (conducteur et passager) ; deux personnes au minimum par r\u00e9servation.<\/p>\n<\/li>\n<\/ul>\n<p data-start=\"2297\" data-end=\"2317\"><strong data-start=\"2297\" data-end=\"2315\">Ce qu'il faut apporter :<\/strong><\/p>\n<ul data-start=\"2318\" data-end=\"2534\">\n<li data-start=\"2318\" data-end=\"2366\">\n<p data-start=\"2320\" data-end=\"2366\">Maillot de bain, serviette et tongs pour la piscine<\/p>\n<\/li>\n<li data-start=\"2367\" data-end=\"2430\">\n<p data-start=\"2369\" data-end=\"2430\">V\u00eatements confortables et chaussures ferm\u00e9es pour la visite en buggy<\/p>\n<\/li>\n<li data-start=\"2431\" data-end=\"2461\">\n<p data-start=\"2433\" data-end=\"2461\">Lunettes de soleil, cr\u00e8me solaire, chapeau<\/p>\n<\/li>\n<li data-start=\"2462\" data-end=\"2492\">\n<p data-start=\"2464\" data-end=\"2492\">Appareil photo ou t\u00e9l\u00e9phone pour les photos<\/p>\n<\/li>\n<li data-start=\"2493\" data-end=\"2534\">\n<p data-start=\"2495\" data-end=\"2534\">Veste l\u00e9g\u00e8re pour les soir\u00e9es plus fra\u00eeches dans le d\u00e9sert<\/p>\n<\/li>\n<\/ul>\n<p data-start=\"2536\" data-end=\"2647\"><strong data-start=\"2536\" data-end=\"2554\">Point de rencontre :<\/strong><br data-start=\"2554\" data-end=\"2557\" \/>Prise en charge et retour \u00e0 l'h\u00f4tel, au riad ou \u00e0 la r\u00e9sidence de Marrakech (ajouter les d\u00e9tails au moment du d\u00e9part)<\/p>\n<p data-start=\"2649\" data-end=\"2668\"><strong data-start=\"2649\" data-end=\"2666\">Bon \u00e0 savoir :<\/strong><\/p>\n<ul data-start=\"2669\" data-end=\"2890\">\n<li data-start=\"2669\" data-end=\"2759\">\n<p data-start=\"2671\" data-end=\"2759\">R\u00e9servez en tant qu'\"adulte\" pour conduire le buggy, ou en tant qu'\"enfant\" pour monter en tant que passager - m\u00eame pour les adultes.<\/p>\n<\/li>\n<li data-start=\"2760\" data-end=\"2843\">\n<p data-start=\"2762\" data-end=\"2843\">Les demandes v\u00e9g\u00e9tariennes et di\u00e9t\u00e9tiques peuvent \u00eatre satisfaites (\u00e0 mentionner lors de la r\u00e9servation).<\/p>\n<\/li>\n<li data-start=\"2844\" data-end=\"2890\">\n<p data-start=\"2846\" data-end=\"2890\">L'excursion se d\u00e9roule dans la plupart des conditions m\u00e9t\u00e9orologiques<\/p>\n<\/li>\n<\/ul>\n<p data-start=\"2892\" data-end=\"2919\"><strong data-start=\"2892\" data-end=\"2917\">Instructions pour la r\u00e9servation :<\/strong><\/p>\n<ul data-start=\"2920\" data-end=\"3144\">\n<li data-start=\"2920\" data-end=\"2969\">\n<p data-start=\"2922\" data-end=\"2969\"><strong>S\u00e9lectionnez \"adulte\" si vous voulez conduire le buggy.<\/strong><\/p>\n<\/li>\n<li data-start=\"2970\" data-end=\"3038\">\n<p data-start=\"2972\" data-end=\"3038\"><strong>S\u00e9lectionnez \"Enfants\" si vous souhaitez voyager en tant que passager, m\u00eame pour les adultes.<\/strong><\/p>\n<\/li>\n<li data-start=\"2934\" data-end=\"2987\">\n<p data-start=\"2936\" data-end=\"2987\">Un minimum de deux participants par buggy est requis<\/p>\n<\/li>\n<li data-start=\"3039\" data-end=\"3144\">\n<p data-start=\"3041\" data-end=\"3144\">Veuillez indiquer votre num\u00e9ro WhatsApp complet avec l'indicatif du pays et votre h\u00f4tel ou r\u00e9sidence pour faciliter la prise en charge.<\/p>\n<\/li>\n<\/ul>","protected":false},"excerpt":{"rendered":"<p>D\u00e9couvrez le d\u00e9sert d'Agafay avec style gr\u00e2ce \u00e0 ce forfait d'une journ\u00e9e tout compris : une balade en buggy de 500 cm3, une d\u00e9tente au bord de la piscine, un d\u00eener marocain dans un campement du d\u00e9sert et les transferts aller-retour depuis Marrakech.<\/p>","protected":false},"featured_media":9641,"comment_status":"open","ping_status":"closed","template":"","meta":[],"product_brand":[],"product_cat":[57],"product_tag":[66,78,84,82,81,83,74],"class_list":{"0":"post-9640","1":"product","2":"type-product","3":"status-publish","4":"has-post-thumbnail","6":"brw_tour_types-day-passes","7":"product_cat-day-passes","8":"product_tag-adventure","9":"product_tag-agafay-day-pass","10":"product_tag-buggy","11":"product_tag-desert-camp","12":"product_tag-dinner","13":"product_tag-evening-activity","14":"product_tag-marrakech","16":"first","17":"instock","18":"sale","19":"featured","20":"shipping-taxable","21":"purchasable","22":"product-type-ovabrw_car_rental"},"yoast_head":"<!-- This site is optimized with the Yoast SEO Premium plugin v25.3.1 (Yoast SEO v27.2) - https:\/\/yoast.com\/product\/yoast-seo-premium-wordpress\/ -->\n<title>Agafay Day Pass: Buggy 500cc, Pool, Dinner &amp; Transfers<\/title>\n<meta name=\"description\" content=\"Book your Agafay Day Pass with a 500cc buggy ride, pool access, Moroccan dinner, and round-trip Marrakech transfers. The ultimate Agafay experience\" \/>\n<meta name=\"robots\" content=\"index, follow, max-snippet:-1, max-image-preview:large, max-video-preview:-1\" \/>\n<link rel=\"canonical\" href=\"https:\/\/thingstodoinmarrakech.ma\/fr\/product\/agafay-day-pass-buggy-500cc-pool-access-dinner-transportation-copy\/\" \/>\n<meta property=\"og:locale\" content=\"fr_FR\" \/>\n<meta property=\"og:type\" content=\"article\" \/>\n<meta property=\"og:title\" content=\"Agafay Day Pass: Buggy 500cc, Pool access, dinner (2 pax minimum) &amp; Transportation\" \/>\n<meta property=\"og:description\" content=\"Book your Agafay Day Pass with a 500cc buggy ride, pool access, Moroccan dinner, and round-trip Marrakech transfers. The ultimate Agafay experience\" \/>\n<meta property=\"og:url\" content=\"https:\/\/thingstodoinmarrakech.ma\/fr\/product\/agafay-day-pass-buggy-500cc-pool-access-dinner-transportation-copy\/\" \/>\n<meta property=\"og:site_name\" content=\"Things To Do In Marrakech\" \/>\n<meta property=\"article:modified_time\" content=\"2025-07-01T21:08:25+00:00\" \/>\n<meta property=\"og:image\" content=\"https:\/\/thingstodoinmarrakech.ma\/wp-content\/uploads\/2025\/07\/actFichier-4.png\" \/>\n\t<meta property=\"og:image:width\" content=\"670\" \/>\n\t<meta property=\"og:image:height\" content=\"447\" \/>\n\t<meta property=\"og:image:type\" content=\"image\/png\" \/>\n<meta name=\"twitter:card\" content=\"summary_large_image\" \/>\n<meta name=\"twitter:label1\" content=\"Prix\" \/>\n\t<meta name=\"twitter:data1\" content=\"&euro;155,00\" \/>\n\t<meta name=\"twitter:label2\" content=\"Disponibilit\u00e9\" \/>\n\t<meta name=\"twitter:data2\" content=\"En stock\" \/>\n<script type=\"application\/ld+json\" class=\"yoast-schema-graph\">{\"@context\":\"https:\/\/schema.org\",\"@graph\":[{\"@type\":\"WebPage\",\"@id\":\"https:\/\/thingstodoinmarrakech.ma\/product\/agafay-day-pass-buggy-500cc-pool-access-dinner-transportation-copy\/\",\"url\":\"https:\/\/thingstodoinmarrakech.ma\/product\/agafay-day-pass-buggy-500cc-pool-access-dinner-transportation-copy\/\",\"name\":\"Agafay Day Pass: Buggy 500cc, Pool, Dinner & Transfers\",\"isPartOf\":{\"@id\":\"https:\/\/thingstodoinmarrakech.ma\/#website\"},\"primaryImageOfPage\":{\"@id\":\"https:\/\/thingstodoinmarrakech.ma\/product\/agafay-day-pass-buggy-500cc-pool-access-dinner-transportation-copy\/#primaryimage\"},\"image\":{\"@id\":\"https:\/\/thingstodoinmarrakech.ma\/product\/agafay-day-pass-buggy-500cc-pool-access-dinner-transportation-copy\/#primaryimage\"},\"thumbnailUrl\":\"https:\/\/thingstodoinmarrakech.ma\/wp-content\/uploads\/2025\/07\/actFichier-4.png\",\"datePublished\":\"2025-07-01T20:41:10+00:00\",\"dateModified\":\"2025-07-01T21:08:25+00:00\",\"description\":\"Book your Agafay Day Pass with a 500cc buggy ride, pool access, Moroccan dinner, and round-trip Marrakech transfers. The ultimate Agafay experience\",\"breadcrumb\":{\"@id\":\"https:\/\/thingstodoinmarrakech.ma\/product\/agafay-day-pass-buggy-500cc-pool-access-dinner-transportation-copy\/#breadcrumb\"},\"inLanguage\":\"fr-FR\",\"potentialAction\":[{\"@type\":\"ReadAction\",\"target\":[\"https:\/\/thingstodoinmarrakech.ma\/product\/agafay-day-pass-buggy-500cc-pool-access-dinner-transportation-copy\/\"]}]},{\"@type\":\"ImageObject\",\"inLanguage\":\"fr-FR\",\"@id\":\"https:\/\/thingstodoinmarrakech.ma\/product\/agafay-day-pass-buggy-500cc-pool-access-dinner-transportation-copy\/#primaryimage\",\"url\":\"https:\/\/thingstodoinmarrakech.ma\/wp-content\/uploads\/2025\/07\/actFichier-4.png\",\"contentUrl\":\"https:\/\/thingstodoinmarrakech.ma\/wp-content\/uploads\/2025\/07\/actFichier-4.png\",\"width\":670,\"height\":447,\"caption\":\"Two people enjoying a 500cc buggy ride in the Agafay Desert, relaxing by a pool, and dining outdoors at a lantern-lit camp\"},{\"@type\":\"BreadcrumbList\",\"@id\":\"https:\/\/thingstodoinmarrakech.ma\/product\/agafay-day-pass-buggy-500cc-pool-access-dinner-transportation-copy\/#breadcrumb\",\"itemListElement\":[{\"@type\":\"ListItem\",\"position\":1,\"name\":\"Home\",\"item\":\"https:\/\/thingstodoinmarrakech.ma\/\"},{\"@type\":\"ListItem\",\"position\":2,\"name\":\"Shop\",\"item\":\"https:\/\/thingstodoinmarrakech.ma\/shop\/\"},{\"@type\":\"ListItem\",\"position\":3,\"name\":\"Agafay Day Pass: Buggy 500cc, Pool access, dinner (2 pax minimum) &#038; Transportation\"}]},{\"@type\":\"WebSite\",\"@id\":\"https:\/\/thingstodoinmarrakech.ma\/#website\",\"url\":\"https:\/\/thingstodoinmarrakech.ma\/\",\"name\":\"Things To Do In Marrakech\",\"description\":\"Your journey starts here\",\"potentialAction\":[{\"@type\":\"SearchAction\",\"target\":{\"@type\":\"EntryPoint\",\"urlTemplate\":\"https:\/\/thingstodoinmarrakech.ma\/?s={search_term_string}\"},\"query-input\":{\"@type\":\"PropertyValueSpecification\",\"valueRequired\":true,\"valueName\":\"search_term_string\"}}],\"inLanguage\":\"fr-FR\"}]}<\/script>\n<meta property=\"product:price:amount\" content=\"155.00\" \/>\n<meta property=\"product:price:currency\" content=\"EUR\" \/>\n<meta property=\"og:availability\" content=\"instock\" \/>\n<meta property=\"product:availability\" content=\"instock\" \/>\n<meta property=\"product:condition\" content=\"new\" \/>\n<!-- \/ Yoast SEO Premium plugin. -->","yoast_head_json":{"title":"Carte journali\u00e8re Agafay : Buggy 500cc, piscine, d\u00eener et transferts","description":"R\u00e9servez votre carte journali\u00e8re Agafay avec une balade en buggy 500cc, l'acc\u00e8s \u00e0 la piscine, un d\u00eener marocain et les transferts aller-retour \u00e0 Marrakech. L'exp\u00e9rience ultime \u00e0 Agafay","robots":{"index":"index","follow":"follow","max-snippet":"max-snippet:-1","max-image-preview":"max-image-preview:large","max-video-preview":"max-video-preview:-1"},"canonical":"https:\/\/thingstodoinmarrakech.ma\/fr\/product\/agafay-day-pass-buggy-500cc-pool-access-dinner-transportation-copy\/","og_locale":"fr_FR","og_type":"article","og_title":"Agafay Day Pass: Buggy 500cc, Pool access, dinner (2 pax minimum) & Transportation","og_description":"Book your Agafay Day Pass with a 500cc buggy ride, pool access, Moroccan dinner, and round-trip Marrakech transfers. The ultimate Agafay experience","og_url":"https:\/\/thingstodoinmarrakech.ma\/fr\/product\/agafay-day-pass-buggy-500cc-pool-access-dinner-transportation-copy\/","og_site_name":"Things To Do In Marrakech","article_modified_time":"2025-07-01T21:08:25+00:00","og_image":[{"width":670,"height":447,"url":"https:\/\/thingstodoinmarrakech.ma\/wp-content\/uploads\/2025\/07\/actFichier-4.png","type":"image\/png"}],"twitter_card":"summary_large_image","twitter_misc":{"Prix":"&euro;155,00","Disponibilit\u00e9":"En stock"},"schema":{"@context":"https:\/\/schema.org","@graph":[{"@type":"WebPage","@id":"https:\/\/thingstodoinmarrakech.ma\/product\/agafay-day-pass-buggy-500cc-pool-access-dinner-transportation-copy\/","url":"https:\/\/thingstodoinmarrakech.ma\/product\/agafay-day-pass-buggy-500cc-pool-access-dinner-transportation-copy\/","name":"Carte journali\u00e8re Agafay : Buggy 500cc, piscine, d\u00eener et transferts","isPartOf":{"@id":"https:\/\/thingstodoinmarrakech.ma\/#website"},"primaryImageOfPage":{"@id":"https:\/\/thingstodoinmarrakech.ma\/product\/agafay-day-pass-buggy-500cc-pool-access-dinner-transportation-copy\/#primaryimage"},"image":{"@id":"https:\/\/thingstodoinmarrakech.ma\/product\/agafay-day-pass-buggy-500cc-pool-access-dinner-transportation-copy\/#primaryimage"},"thumbnailUrl":"https:\/\/thingstodoinmarrakech.ma\/wp-content\/uploads\/2025\/07\/actFichier-4.png","datePublished":"2025-07-01T20:41:10+00:00","dateModified":"2025-07-01T21:08:25+00:00","description":"R\u00e9servez votre carte journali\u00e8re Agafay avec une balade en buggy 500cc, l'acc\u00e8s \u00e0 la piscine, un d\u00eener marocain et les transferts aller-retour \u00e0 Marrakech. L'exp\u00e9rience ultime \u00e0 Agafay","breadcrumb":{"@id":"https:\/\/thingstodoinmarrakech.ma\/product\/agafay-day-pass-buggy-500cc-pool-access-dinner-transportation-copy\/#breadcrumb"},"inLanguage":"fr-FR","potentialAction":[{"@type":"ReadAction","target":["https:\/\/thingstodoinmarrakech.ma\/product\/agafay-day-pass-buggy-500cc-pool-access-dinner-transportation-copy\/"]}]},{"@type":"ImageObject","inLanguage":"fr-FR","@id":"https:\/\/thingstodoinmarrakech.ma\/product\/agafay-day-pass-buggy-500cc-pool-access-dinner-transportation-copy\/#primaryimage","url":"https:\/\/thingstodoinmarrakech.ma\/wp-content\/uploads\/2025\/07\/actFichier-4.png","contentUrl":"https:\/\/thingstodoinmarrakech.ma\/wp-content\/uploads\/2025\/07\/actFichier-4.png","width":670,"height":447,"caption":"Two people enjoying a 500cc buggy ride in the Agafay Desert, relaxing by a pool, and dining outdoors at a lantern-lit camp"},{"@type":"BreadcrumbList","@id":"https:\/\/thingstodoinmarrakech.ma\/product\/agafay-day-pass-buggy-500cc-pool-access-dinner-transportation-copy\/#breadcrumb","itemListElement":[{"@type":"ListItem","position":1,"name":"Home","item":"https:\/\/thingstodoinmarrakech.ma\/"},{"@type":"ListItem","position":2,"name":"Shop","item":"https:\/\/thingstodoinmarrakech.ma\/shop\/"},{"@type":"ListItem","position":3,"name":"Agafay Day Pass: Buggy 500cc, Pool access, dinner (2 pax minimum) &#038; Transportation"}]},{"@type":"WebSite","@id":"https:\/\/thingstodoinmarrakech.ma\/#website","url":"https:\/\/thingstodoinmarrakech.ma\/","name":"Choses \u00e0 faire \u00e0 Marrakech","description":"Votre voyage commence ici","potentialAction":[{"@type":"SearchAction","target":{"@type":"EntryPoint","urlTemplate":"https:\/\/thingstodoinmarrakech.ma\/?s={search_term_string}"},"query-input":{"@type":"PropertyValueSpecification","valueRequired":true,"valueName":"search_term_string"}}],"inLanguage":"fr-FR"}]},"product_price_amount":"155.00","product_price_currency":"EUR","og_availability":"instock","product_availability":"instock","product_condition":"new"},"_links":{"self":[{"href":"https:\/\/thingstodoinmarrakech.ma\/fr\/wp-json\/wp\/v2\/product\/9640","targetHints":{"allow":["GET"]}}],"collection":[{"href":"https:\/\/thingstodoinmarrakech.ma\/fr\/wp-json\/wp\/v2\/product"}],"about":[{"href":"https:\/\/thingstodoinmarrakech.ma\/fr\/wp-json\/wp\/v2\/types\/product"}],"replies":[{"embeddable":true,"href":"https:\/\/thingstodoinmarrakech.ma\/fr\/wp-json\/wp\/v2\/comments?post=9640"}],"wp:featuredmedia":[{"embeddable":true,"href":"https:\/\/thingstodoinmarrakech.ma\/fr\/wp-json\/wp\/v2\/media\/9641"}],"wp:attachment":[{"href":"https:\/\/thingstodoinmarrakech.ma\/fr\/wp-json\/wp\/v2\/media?parent=9640"}],"wp:term":[{"taxonomy":"product_brand","embeddable":true,"href":"https:\/\/thingstodoinmarrakech.ma\/fr\/wp-json\/wp\/v2\/product_brand?post=9640"},{"taxonomy":"product_cat","embeddable":true,"href":"https:\/\/thingstodoinmarrakech.ma\/fr\/wp-json\/wp\/v2\/product_cat?post=9640"},{"taxonomy":"product_tag","embeddable":true,"href":"https:\/\/thingstodoinmarrakech.ma\/fr\/wp-json\/wp\/v2\/product_tag?post=9640"}],"curies":[{"name":"wp","href":"https:\/\/api.w.org\/{rel}","templated":true}]}}