{"id":9637,"date":"2025-07-01T19:00:13","date_gmt":"2025-07-01T19:00:13","guid":{"rendered":"https:\/\/thingstodoinmarrakech.ma\/?post_type=product&#038;p=9637"},"modified":"2025-07-01T19:25:34","modified_gmt":"2025-07-01T19:25:34","slug":"agafay-day-pass-buggy-1000cc-acces-piscine-dejeuner-copie","status":"publish","type":"product","link":"https:\/\/thingstodoinmarrakech.ma\/fr\/product\/agafay-day-pass-buggy-1000cc-acces-piscine-dejeuner-copie\/","title":{"rendered":"Day Pass Agafay : Buggy 1000cc, acc\u00e8s \u00e0 la piscine, d\u00e9jeuner (2 pax minimum) &amp; transport"},"content":{"rendered":"<p data-start=\"567\" data-end=\"1064\">Envie d'une journ\u00e9e compl\u00e8te d'amusement et de d\u00e9tente juste \u00e0 l'ext\u00e9rieur de Marrakech ? La carte journali\u00e8re d'Agafay allie aventure et confort dans le d\u00e9sert marocain.<br data-start=\"727\" data-end=\"730\" \/>Commencez par une balade guid\u00e9e en buggy 100cc \u00e0 travers les paysages rocheux d'Agafay, parfaite pour les amateurs de sensations fortes, quel que soit leur niveau d'exp\u00e9rience. Apr\u00e8s la balade, vous pourrez vous d\u00e9tendre en profitant de l'acc\u00e8s complet \u00e0 la piscine dans un magnifique camp du d\u00e9sert. Ravitaillez-vous avec un d\u00e9licieux d\u00e9jeuner marocain et profitez des vues calmes avant de retourner \u00e0 Marrakech avec les transferts aller-retour inclus.<\/p>\n<p data-start=\"1593\" data-end=\"1618\"><strong data-start=\"1593\" data-end=\"1616\">Horaire et dur\u00e9e :<\/strong><\/p>\n<ul data-start=\"1619\" data-end=\"1827\">\n<li data-start=\"1619\" data-end=\"1654\">\n<p data-start=\"1621\" data-end=\"1654\">D\u00e9parts quotidiens de Marrakech<\/p>\n<\/li>\n<li data-start=\"1655\" data-end=\"1720\">\n<p data-start=\"1657\" data-end=\"1720\">Prise en charge typique : le matin (heure exacte confirm\u00e9e apr\u00e8s la r\u00e9servation)<\/p>\n<\/li>\n<li data-start=\"1721\" data-end=\"1794\">\n<p data-start=\"1723\" data-end=\"1794\">Dur\u00e9e : environ 7 heures (trajet en buggy, temps pass\u00e9 \u00e0 la piscine, d\u00e9jeuner et transferts)<\/p>\n<\/li>\n<li data-start=\"1795\" data-end=\"1827\">\n<p data-start=\"1797\" data-end=\"1827\">Plusieurs heures de d\u00e9but disponibles<\/p>\n<\/li>\n<\/ul>\n<p data-start=\"1829\" data-end=\"1851\"><strong data-start=\"1829\" data-end=\"1849\">\u00c0 qui cela s'adresse-t-il ?<\/strong><\/p>\n<ul data-start=\"1852\" data-end=\"2027\">\n<li data-start=\"1852\" data-end=\"1918\">\n<p data-start=\"1854\" data-end=\"1918\">Convient aux adultes et aux enfants plus \u00e2g\u00e9s (un \u00e2ge minimum peut \u00eatre requis)<\/p>\n<\/li>\n<li data-start=\"1919\" data-end=\"1978\">\n<p data-start=\"1921\" data-end=\"1978\">Id\u00e9al pour les couples, les amis, les familles ou les voyageurs en solo.<\/p>\n<\/li>\n<li data-start=\"1979\" data-end=\"2027\">\n<p data-start=\"1981\" data-end=\"2027\">Aucune exp\u00e9rience n'est n\u00e9cessaire - toutes les instructions sont fournies<\/p>\n<\/li>\n<\/ul>\n<p data-start=\"2029\" data-end=\"2049\"><strong data-start=\"2029\" data-end=\"2047\">Ce qu'il faut apporter :<\/strong><\/p>\n<ul data-start=\"2050\" data-end=\"2262\">\n<li data-start=\"2050\" data-end=\"2098\">\n<p data-start=\"2052\" data-end=\"2098\">Maillot de bain, serviette et tongs pour la piscine<\/p>\n<\/li>\n<li data-start=\"2099\" data-end=\"2162\">\n<p data-start=\"2101\" data-end=\"2162\">V\u00eatements confortables et chaussures ferm\u00e9es pour la visite en buggy<\/p>\n<\/li>\n<li data-start=\"2163\" data-end=\"2197\">\n<p data-start=\"2165\" data-end=\"2197\">Lunettes de soleil, cr\u00e8me solaire et chapeau<\/p>\n<\/li>\n<li data-start=\"2198\" data-end=\"2228\">\n<p data-start=\"2200\" data-end=\"2228\">Appareil photo ou t\u00e9l\u00e9phone pour les photos<\/p>\n<\/li>\n<li data-start=\"2229\" data-end=\"2262\">\n<p data-start=\"2231\" data-end=\"2262\">Veste l\u00e9g\u00e8re pour temps plus frais<\/p>\n<\/li>\n<\/ul>\n<p data-start=\"2264\" data-end=\"2375\"><strong data-start=\"2264\" data-end=\"2282\">Point de rencontre :<\/strong><br data-start=\"2282\" data-end=\"2285\" \/>Prise en charge et retour \u00e0 l'h\u00f4tel, au riad ou \u00e0 la r\u00e9sidence de Marrakech (ajouter les d\u00e9tails au moment du d\u00e9part)<\/p>\n<p data-start=\"2377\" data-end=\"2396\"><strong data-start=\"2377\" data-end=\"2394\">Bon \u00e0 savoir :<\/strong><\/p>\n<ul data-start=\"2397\" data-end=\"2614\">\n<li data-start=\"2397\" data-end=\"2487\">\n<p data-start=\"2399\" data-end=\"2487\">R\u00e9servez en tant qu'\"adulte\" pour conduire le buggy, ou en tant qu'\"enfant\" pour monter en tant que passager - m\u00eame pour les adultes.<\/p>\n<\/li>\n<li data-start=\"2488\" data-end=\"2571\">\n<p data-start=\"2490\" data-end=\"2571\">Les demandes v\u00e9g\u00e9tariennes et di\u00e9t\u00e9tiques peuvent \u00eatre satisfaites (\u00e0 mentionner lors de la r\u00e9servation).<\/p>\n<\/li>\n<li data-start=\"2572\" data-end=\"2614\">\n<p data-start=\"2574\" data-end=\"2614\">L'excursion se d\u00e9roule dans la plupart des conditions m\u00e9t\u00e9orologiques<\/p>\n<\/li>\n<\/ul>\n<p data-start=\"2616\" data-end=\"2643\"><strong data-start=\"2616\" data-end=\"2641\">Instructions pour la r\u00e9servation :<\/strong><\/p>\n<ul data-start=\"2644\" data-end=\"2868\">\n<li data-start=\"2644\" data-end=\"2693\">\n<p data-start=\"2646\" data-end=\"2693\">S\u00e9lectionnez \"adulte\" si vous voulez conduire le buggy.<\/p>\n<\/li>\n<li data-start=\"2694\" data-end=\"2762\">\n<p data-start=\"2696\" data-end=\"2762\">S\u00e9lectionnez \"Enfants\" si vous souhaitez voyager en tant que passager, m\u00eame pour les adultes.<\/p>\n<\/li>\n<li data-start=\"2763\" data-end=\"2868\">\n<p data-start=\"2765\" data-end=\"2868\">Veuillez indiquer votre num\u00e9ro WhatsApp complet avec l'indicatif du pays et votre h\u00f4tel ou r\u00e9sidence pour faciliter la prise en charge.<\/p>\n<\/li>\n<\/ul>","protected":false},"excerpt":{"rendered":"<p>Profitez d'un forfait d'une journ\u00e9e dans le d\u00e9sert d'Agafay ! Partagez une puissante aventure en buggy, d\u00e9tendez-vous au bord d'une belle piscine, savourez un d\u00e9jeuner marocain et profitez d'un transfert aller-retour depuis Marrakech. Deux personnes par buggy sont n\u00e9cessaires.<\/p>","protected":false},"featured_media":9636,"comment_status":"open","ping_status":"closed","template":"","meta":[],"product_brand":[],"product_cat":[57],"product_tag":[66,78,84,62,65,75,80,74,79],"class_list":{"0":"post-9637","1":"product","2":"type-product","3":"status-publish","4":"has-post-thumbnail","6":"brw_tour_types-day-passes","7":"product_cat-day-passes","8":"product_tag-adventure","9":"product_tag-agafay-day-pass","10":"product_tag-buggy","11":"product_tag-camel-ride","12":"product_tag-family-friendly","13":"product_tag-group","14":"product_tag-lunch","15":"product_tag-marrakech","16":"product_tag-pool-access","18":"first","19":"instock","20":"sale","21":"featured","22":"shipping-taxable","23":"purchasable","24":"product-type-ovabrw_car_rental"},"yoast_head":"<!-- This site is optimized with the Yoast SEO Premium plugin v25.3.1 (Yoast SEO v27.2) - https:\/\/yoast.com\/product\/yoast-seo-premium-wordpress\/ -->\n<title>gafay Day Pass: Buggy 1000cc, Pool, Lunch &amp; Transfers (2 pax)<\/title>\n<meta name=\"description\" content=\"Book your Agafay Day Pass with buggy 1000cc adventure (2 people per buggy), pool access, Moroccan lunch, and round-trip transfers from Marrakech.\" \/>\n<meta name=\"robots\" content=\"index, follow, max-snippet:-1, max-image-preview:large, max-video-preview:-1\" \/>\n<link rel=\"canonical\" href=\"https:\/\/thingstodoinmarrakech.ma\/fr\/product\/agafay-day-pass-buggy-1000cc-acces-piscine-dejeuner-copie\/\" \/>\n<meta property=\"og:locale\" content=\"fr_FR\" \/>\n<meta property=\"og:type\" content=\"article\" \/>\n<meta property=\"og:title\" content=\"Agafay Day Pass: Buggy 1000cc, Pool Access, Lunch (2 pax minimum) &amp; Transportation\" \/>\n<meta property=\"og:description\" content=\"Book your Agafay Day Pass with buggy 1000cc adventure (2 people per buggy), pool access, Moroccan lunch, and round-trip transfers from Marrakech.\" \/>\n<meta property=\"og:url\" content=\"https:\/\/thingstodoinmarrakech.ma\/fr\/product\/agafay-day-pass-buggy-1000cc-acces-piscine-dejeuner-copie\/\" \/>\n<meta property=\"og:site_name\" content=\"Things To Do In Marrakech\" \/>\n<meta property=\"article:modified_time\" content=\"2025-07-01T19:25:34+00:00\" \/>\n<meta property=\"og:image\" content=\"https:\/\/thingstodoinmarrakech.ma\/wp-content\/uploads\/2025\/07\/actFichier-2.png\" \/>\n\t<meta property=\"og:image:width\" content=\"670\" \/>\n\t<meta property=\"og:image:height\" content=\"447\" \/>\n\t<meta property=\"og:image:type\" content=\"image\/png\" \/>\n<meta name=\"twitter:card\" content=\"summary_large_image\" \/>\n<meta name=\"twitter:label1\" content=\"Prix\" \/>\n\t<meta name=\"twitter:data1\" content=\"&euro;170,00\" \/>\n\t<meta name=\"twitter:label2\" content=\"Disponibilit\u00e9\" \/>\n\t<meta name=\"twitter:data2\" content=\"En stock\" \/>\n<script type=\"application\/ld+json\" class=\"yoast-schema-graph\">{\"@context\":\"https:\/\/schema.org\",\"@graph\":[{\"@type\":\"WebPage\",\"@id\":\"https:\/\/thingstodoinmarrakech.ma\/product\/agafay-day-pass-buggy-1000cc-pool-access-lunch-copy\/\",\"url\":\"https:\/\/thingstodoinmarrakech.ma\/product\/agafay-day-pass-buggy-1000cc-pool-access-lunch-copy\/\",\"name\":\"gafay Day Pass: Buggy 1000cc, Pool, Lunch & Transfers (2 pax)\",\"isPartOf\":{\"@id\":\"https:\/\/thingstodoinmarrakech.ma\/#website\"},\"primaryImageOfPage\":{\"@id\":\"https:\/\/thingstodoinmarrakech.ma\/product\/agafay-day-pass-buggy-1000cc-pool-access-lunch-copy\/#primaryimage\"},\"image\":{\"@id\":\"https:\/\/thingstodoinmarrakech.ma\/product\/agafay-day-pass-buggy-1000cc-pool-access-lunch-copy\/#primaryimage\"},\"thumbnailUrl\":\"https:\/\/thingstodoinmarrakech.ma\/wp-content\/uploads\/2025\/07\/actFichier-2.png\",\"datePublished\":\"2025-07-01T19:00:13+00:00\",\"dateModified\":\"2025-07-01T19:25:34+00:00\",\"description\":\"Book your Agafay Day Pass with buggy 1000cc adventure (2 people per buggy), pool access, Moroccan lunch, and round-trip transfers from Marrakech.\",\"breadcrumb\":{\"@id\":\"https:\/\/thingstodoinmarrakech.ma\/product\/agafay-day-pass-buggy-1000cc-pool-access-lunch-copy\/#breadcrumb\"},\"inLanguage\":\"fr-FR\",\"potentialAction\":[{\"@type\":\"ReadAction\",\"target\":[\"https:\/\/thingstodoinmarrakech.ma\/product\/agafay-day-pass-buggy-1000cc-pool-access-lunch-copy\/\"]}]},{\"@type\":\"ImageObject\",\"inLanguage\":\"fr-FR\",\"@id\":\"https:\/\/thingstodoinmarrakech.ma\/product\/agafay-day-pass-buggy-1000cc-pool-access-lunch-copy\/#primaryimage\",\"url\":\"https:\/\/thingstodoinmarrakech.ma\/wp-content\/uploads\/2025\/07\/actFichier-2.png\",\"contentUrl\":\"https:\/\/thingstodoinmarrakech.ma\/wp-content\/uploads\/2025\/07\/actFichier-2.png\",\"width\":670,\"height\":447,\"caption\":\"Two guests sharing a buggy ride in the Agafay Desert, relaxing by a pool, and enjoying Moroccan lunch at a desert camp\"},{\"@type\":\"BreadcrumbList\",\"@id\":\"https:\/\/thingstodoinmarrakech.ma\/product\/agafay-day-pass-buggy-1000cc-pool-access-lunch-copy\/#breadcrumb\",\"itemListElement\":[{\"@type\":\"ListItem\",\"position\":1,\"name\":\"Home\",\"item\":\"https:\/\/thingstodoinmarrakech.ma\/\"},{\"@type\":\"ListItem\",\"position\":2,\"name\":\"Shop\",\"item\":\"https:\/\/thingstodoinmarrakech.ma\/shop\/\"},{\"@type\":\"ListItem\",\"position\":3,\"name\":\"Agafay Day Pass: Buggy 1000cc, Pool Access, Lunch (2 pax minimum) &#038; Transportation\"}]},{\"@type\":\"WebSite\",\"@id\":\"https:\/\/thingstodoinmarrakech.ma\/#website\",\"url\":\"https:\/\/thingstodoinmarrakech.ma\/\",\"name\":\"Things To Do In Marrakech\",\"description\":\"Your journey starts here\",\"potentialAction\":[{\"@type\":\"SearchAction\",\"target\":{\"@type\":\"EntryPoint\",\"urlTemplate\":\"https:\/\/thingstodoinmarrakech.ma\/?s={search_term_string}\"},\"query-input\":{\"@type\":\"PropertyValueSpecification\",\"valueRequired\":true,\"valueName\":\"search_term_string\"}}],\"inLanguage\":\"fr-FR\"}]}<\/script>\n<meta property=\"product:price:amount\" content=\"170.00\" \/>\n<meta property=\"product:price:currency\" content=\"EUR\" \/>\n<meta property=\"og:availability\" content=\"instock\" \/>\n<meta property=\"product:availability\" content=\"instock\" \/>\n<meta property=\"product:condition\" content=\"new\" \/>\n<!-- \/ Yoast SEO Premium plugin. -->","yoast_head_json":{"title":"Carte journali\u00e8re gafay : Buggy 1000cc, Piscine, D\u00e9jeuner &amp; Transferts (2 pax)","description":"R\u00e9servez votre forfait journ\u00e9e Agafay avec aventure en buggy 1000cc (2 personnes par buggy), acc\u00e8s \u00e0 la piscine, d\u00e9jeuner marocain et transferts aller-retour depuis Marrakech.","robots":{"index":"index","follow":"follow","max-snippet":"max-snippet:-1","max-image-preview":"max-image-preview:large","max-video-preview":"max-video-preview:-1"},"canonical":"https:\/\/thingstodoinmarrakech.ma\/fr\/product\/agafay-day-pass-buggy-1000cc-acces-piscine-dejeuner-copie\/","og_locale":"fr_FR","og_type":"article","og_title":"Agafay Day Pass: Buggy 1000cc, Pool Access, Lunch (2 pax minimum) & Transportation","og_description":"Book your Agafay Day Pass with buggy 1000cc adventure (2 people per buggy), pool access, Moroccan lunch, and round-trip transfers from Marrakech.","og_url":"https:\/\/thingstodoinmarrakech.ma\/fr\/product\/agafay-day-pass-buggy-1000cc-acces-piscine-dejeuner-copie\/","og_site_name":"Things To Do In Marrakech","article_modified_time":"2025-07-01T19:25:34+00:00","og_image":[{"width":670,"height":447,"url":"https:\/\/thingstodoinmarrakech.ma\/wp-content\/uploads\/2025\/07\/actFichier-2.png","type":"image\/png"}],"twitter_card":"summary_large_image","twitter_misc":{"Prix":"&euro;170,00","Disponibilit\u00e9":"En stock"},"schema":{"@context":"https:\/\/schema.org","@graph":[{"@type":"WebPage","@id":"https:\/\/thingstodoinmarrakech.ma\/product\/agafay-day-pass-buggy-1000cc-pool-access-lunch-copy\/","url":"https:\/\/thingstodoinmarrakech.ma\/product\/agafay-day-pass-buggy-1000cc-pool-access-lunch-copy\/","name":"Carte journali\u00e8re gafay : Buggy 1000cc, Piscine, D\u00e9jeuner &amp; Transferts (2 pax)","isPartOf":{"@id":"https:\/\/thingstodoinmarrakech.ma\/#website"},"primaryImageOfPage":{"@id":"https:\/\/thingstodoinmarrakech.ma\/product\/agafay-day-pass-buggy-1000cc-pool-access-lunch-copy\/#primaryimage"},"image":{"@id":"https:\/\/thingstodoinmarrakech.ma\/product\/agafay-day-pass-buggy-1000cc-pool-access-lunch-copy\/#primaryimage"},"thumbnailUrl":"https:\/\/thingstodoinmarrakech.ma\/wp-content\/uploads\/2025\/07\/actFichier-2.png","datePublished":"2025-07-01T19:00:13+00:00","dateModified":"2025-07-01T19:25:34+00:00","description":"R\u00e9servez votre forfait journ\u00e9e Agafay avec aventure en buggy 1000cc (2 personnes par buggy), acc\u00e8s \u00e0 la piscine, d\u00e9jeuner marocain et transferts aller-retour depuis Marrakech.","breadcrumb":{"@id":"https:\/\/thingstodoinmarrakech.ma\/product\/agafay-day-pass-buggy-1000cc-pool-access-lunch-copy\/#breadcrumb"},"inLanguage":"fr-FR","potentialAction":[{"@type":"ReadAction","target":["https:\/\/thingstodoinmarrakech.ma\/product\/agafay-day-pass-buggy-1000cc-pool-access-lunch-copy\/"]}]},{"@type":"ImageObject","inLanguage":"fr-FR","@id":"https:\/\/thingstodoinmarrakech.ma\/product\/agafay-day-pass-buggy-1000cc-pool-access-lunch-copy\/#primaryimage","url":"https:\/\/thingstodoinmarrakech.ma\/wp-content\/uploads\/2025\/07\/actFichier-2.png","contentUrl":"https:\/\/thingstodoinmarrakech.ma\/wp-content\/uploads\/2025\/07\/actFichier-2.png","width":670,"height":447,"caption":"Two guests sharing a buggy ride in the Agafay Desert, relaxing by a pool, and enjoying Moroccan lunch at a desert camp"},{"@type":"BreadcrumbList","@id":"https:\/\/thingstodoinmarrakech.ma\/product\/agafay-day-pass-buggy-1000cc-pool-access-lunch-copy\/#breadcrumb","itemListElement":[{"@type":"ListItem","position":1,"name":"Home","item":"https:\/\/thingstodoinmarrakech.ma\/"},{"@type":"ListItem","position":2,"name":"Shop","item":"https:\/\/thingstodoinmarrakech.ma\/shop\/"},{"@type":"ListItem","position":3,"name":"Agafay Day Pass: Buggy 1000cc, Pool Access, Lunch (2 pax minimum) &#038; Transportation"}]},{"@type":"WebSite","@id":"https:\/\/thingstodoinmarrakech.ma\/#website","url":"https:\/\/thingstodoinmarrakech.ma\/","name":"Choses \u00e0 faire \u00e0 Marrakech","description":"Votre voyage commence ici","potentialAction":[{"@type":"SearchAction","target":{"@type":"EntryPoint","urlTemplate":"https:\/\/thingstodoinmarrakech.ma\/?s={search_term_string}"},"query-input":{"@type":"PropertyValueSpecification","valueRequired":true,"valueName":"search_term_string"}}],"inLanguage":"fr-FR"}]},"product_price_amount":"170.00","product_price_currency":"EUR","og_availability":"instock","product_availability":"instock","product_condition":"new"},"_links":{"self":[{"href":"https:\/\/thingstodoinmarrakech.ma\/fr\/wp-json\/wp\/v2\/product\/9637","targetHints":{"allow":["GET"]}}],"collection":[{"href":"https:\/\/thingstodoinmarrakech.ma\/fr\/wp-json\/wp\/v2\/product"}],"about":[{"href":"https:\/\/thingstodoinmarrakech.ma\/fr\/wp-json\/wp\/v2\/types\/product"}],"replies":[{"embeddable":true,"href":"https:\/\/thingstodoinmarrakech.ma\/fr\/wp-json\/wp\/v2\/comments?post=9637"}],"wp:featuredmedia":[{"embeddable":true,"href":"https:\/\/thingstodoinmarrakech.ma\/fr\/wp-json\/wp\/v2\/media\/9636"}],"wp:attachment":[{"href":"https:\/\/thingstodoinmarrakech.ma\/fr\/wp-json\/wp\/v2\/media?parent=9637"}],"wp:term":[{"taxonomy":"product_brand","embeddable":true,"href":"https:\/\/thingstodoinmarrakech.ma\/fr\/wp-json\/wp\/v2\/product_brand?post=9637"},{"taxonomy":"product_cat","embeddable":true,"href":"https:\/\/thingstodoinmarrakech.ma\/fr\/wp-json\/wp\/v2\/product_cat?post=9637"},{"taxonomy":"product_tag","embeddable":true,"href":"https:\/\/thingstodoinmarrakech.ma\/fr\/wp-json\/wp\/v2\/product_tag?post=9637"}],"curies":[{"name":"wp","href":"https:\/\/api.w.org\/{rel}","templated":true}]}}