{"id":9635,"date":"2025-07-01T18:38:43","date_gmt":"2025-07-01T18:38:43","guid":{"rendered":"https:\/\/thingstodoinmarrakech.ma\/?post_type=product&#038;p=9635"},"modified":"2025-07-01T19:24:56","modified_gmt":"2025-07-01T19:24:56","slug":"agafay-day-pass-buggy-500cc-pool-access-lunch","status":"publish","type":"product","link":"https:\/\/thingstodoinmarrakech.ma\/fr\/product\/agafay-day-pass-buggy-500cc-pool-access-lunch\/","title":{"rendered":"Day Pass Agafay : Buggy 500cc, acc\u00e8s \u00e0 la piscine, d\u00e9jeuner (2 pax minimum) &amp; transport"},"content":{"rendered":"<p>&nbsp;<\/p>\n<p data-start=\"629\" data-end=\"1130\">Vous recherchez un m\u00e9lange ultime d'aventure et de d\u00e9tente ? La carte journali\u00e8re d'Agafay est faite pour vous !<br data-start=\"735\" data-end=\"738\" \/>Commencez par une excitante balade en buggy \u00e0 travers le d\u00e9sert rocailleux d'Agafay - chaque buggy peut accueillir deux personnes, ce qui est parfait pour les couples ou les amis. Apr\u00e8s la mont\u00e9e d'adr\u00e9naline, rafra\u00eechissez-vous et d\u00e9tendez-vous en acc\u00e9dant \u00e0 une piscine tranquille dans un \u00e9l\u00e9gant camp du d\u00e9sert. Rechargez-vous avec un d\u00e9licieux d\u00e9jeuner marocain, tout en profitant de la vue imprenable.<br data-start=\"1057\" data-end=\"1060\" \/>Votre journ\u00e9e est sans stress gr\u00e2ce aux transferts aller-retour depuis Marrakech.<\/p>\n<p data-start=\"1676\" data-end=\"1701\"><strong data-start=\"1676\" data-end=\"1699\">Horaire et dur\u00e9e :<\/strong><\/p>\n<ul data-start=\"1702\" data-end=\"1951\">\n<li data-start=\"1702\" data-end=\"1737\">\n<p data-start=\"1704\" data-end=\"1737\">D\u00e9parts quotidiens de Marrakech<\/p>\n<\/li>\n<li data-start=\"1738\" data-end=\"1803\">\n<p data-start=\"1740\" data-end=\"1803\">Prise en charge typique : le matin (heure exacte confirm\u00e9e apr\u00e8s la r\u00e9servation)<\/p>\n<\/li>\n<li data-start=\"1804\" data-end=\"1881\">\n<p data-start=\"1806\" data-end=\"1881\">Dur\u00e9e : environ 7 heures (balade en buggy, piscine, d\u00e9jeuner, transferts).<\/p>\n<\/li>\n<\/ul>\n<p data-start=\"1953\" data-end=\"1975\"><strong data-start=\"1953\" data-end=\"1973\">\u00c0 qui cela s'adresse-t-il ?<\/strong><\/p>\n<ul data-start=\"1976\" data-end=\"2197\">\n<li data-start=\"1976\" data-end=\"2042\">\n<p data-start=\"1978\" data-end=\"2042\">Adultes et enfants plus \u00e2g\u00e9s (\u00e2ge minimum et conditions \u00e0 remplir)<\/p>\n<\/li>\n<li data-start=\"2043\" data-end=\"2121\">\n<p data-start=\"2045\" data-end=\"2121\">Chaque buggy peut accueillir deux personnes - id\u00e9al pour les couples, les amis ou la famille (2 personnes minimum).<\/p>\n<\/li>\n<li data-start=\"2122\" data-end=\"2197\">\n<p data-start=\"2124\" data-end=\"2197\">Aucune exp\u00e9rience pr\u00e9alable n'est n\u00e9cessaire ; des instructions compl\u00e8tes et des consignes de s\u00e9curit\u00e9 sont fournies.<\/p>\n<\/li>\n<\/ul>\n<p data-start=\"2199\" data-end=\"2219\"><strong data-start=\"2199\" data-end=\"2217\">Ce qu'il faut apporter :<\/strong><\/p>\n<ul data-start=\"2220\" data-end=\"2420\">\n<li data-start=\"2220\" data-end=\"2268\">\n<p data-start=\"2222\" data-end=\"2268\">Maillot de bain, serviette et tongs pour la piscine<\/p>\n<\/li>\n<li data-start=\"2269\" data-end=\"2321\">\n<p data-start=\"2271\" data-end=\"2321\">V\u00eatements et chaussures confortables pour la visite en buggy<\/p>\n<\/li>\n<li data-start=\"2322\" data-end=\"2356\">\n<p data-start=\"2324\" data-end=\"2356\">Lunettes de soleil, cr\u00e8me solaire et chapeau<\/p>\n<\/li>\n<li data-start=\"2357\" data-end=\"2387\">\n<p data-start=\"2359\" data-end=\"2387\">Appareil photo ou t\u00e9l\u00e9phone pour les photos<\/p>\n<\/li>\n<li data-start=\"2388\" data-end=\"2420\">\n<p data-start=\"2390\" data-end=\"2420\">Veste l\u00e9g\u00e8re pour les mois plus frais<\/p>\n<\/li>\n<\/ul>\n<p data-start=\"2422\" data-end=\"2540\"><strong data-start=\"2422\" data-end=\"2440\">Point de rencontre :<\/strong><br data-start=\"2440\" data-end=\"2443\" \/>Prise en charge et retour \u00e0 l'h\u00f4tel, au riad ou \u00e0 la r\u00e9sidence de Marrakech (veuillez ajouter les d\u00e9tails au moment de la r\u00e9servation).<\/p>\n<p data-start=\"2542\" data-end=\"2561\"><strong data-start=\"2542\" data-end=\"2559\">Bon \u00e0 savoir :<\/strong><\/p>\n<ul data-start=\"2562\" data-end=\"2783\">\n<li data-start=\"2562\" data-end=\"2652\">\n<p data-start=\"2564\" data-end=\"2652\">R\u00e9servez en tant qu'\"adulte\" pour conduire le buggy, ou en tant qu'\"enfant\" pour monter en tant que passager - m\u00eame pour les adultes.<\/p>\n<\/li>\n<li data-start=\"2653\" data-end=\"2736\">\n<p data-start=\"2655\" data-end=\"2736\">Les demandes v\u00e9g\u00e9tariennes et di\u00e9t\u00e9tiques peuvent \u00eatre satisfaites (\u00e0 mentionner lors de la r\u00e9servation).<\/p>\n<\/li>\n<li data-start=\"2737\" data-end=\"2783\">\n<p data-start=\"2739\" data-end=\"2783\">L'excursion se d\u00e9roule dans la plupart des conditions m\u00e9t\u00e9orologiques<\/p>\n<\/li>\n<\/ul>\n<p data-start=\"2785\" data-end=\"2812\"><strong data-start=\"2785\" data-end=\"2810\">Instructions pour la r\u00e9servation :<\/strong><\/p>\n<ul data-start=\"2813\" data-end=\"3093\">\n<li data-start=\"2813\" data-end=\"2863\">\n<p data-start=\"2815\" data-end=\"2863\"><strong>R\u00e9servez comme \"adulte\" si vous voulez conduire le buggy.<\/strong><\/p>\n<\/li>\n<li data-start=\"2864\" data-end=\"2933\">\n<p data-start=\"2866\" data-end=\"2933\"><strong>R\u00e9servez comme \"Enfants\" si vous souhaitez vous joindre \u00e0 nous en tant que passager, m\u00eame pour les adultes.<\/strong><\/p>\n<\/li>\n<li data-start=\"2934\" data-end=\"2987\">\n<p data-start=\"2936\" data-end=\"2987\">Un minimum de deux participants par buggy est requis<\/p>\n<\/li>\n<li data-start=\"2988\" data-end=\"3093\">\n<p data-start=\"2990\" data-end=\"3093\">Veuillez indiquer votre num\u00e9ro WhatsApp complet avec l'indicatif du pays et votre h\u00f4tel ou r\u00e9sidence pour faciliter la prise en charge.<\/p>\n<\/li>\n<\/ul>","protected":false},"excerpt":{"rendered":"<p>Profitez d'un forfait d'une journ\u00e9e dans le d\u00e9sert d'Agafay ! Partagez une puissante aventure en buggy, d\u00e9tendez-vous au bord d'une belle piscine, savourez un d\u00e9jeuner marocain et profitez d'un transfert aller-retour depuis Marrakech. Deux personnes par buggy sont n\u00e9cessaires.<\/p>","protected":false},"featured_media":9636,"comment_status":"open","ping_status":"closed","template":"","meta":[],"product_brand":[],"product_cat":[57],"product_tag":[66,78,84,62,65,75,80,74,79],"class_list":{"0":"post-9635","1":"product","2":"type-product","3":"status-publish","4":"has-post-thumbnail","6":"brw_tour_types-day-passes","7":"product_cat-day-passes","8":"product_tag-adventure","9":"product_tag-agafay-day-pass","10":"product_tag-buggy","11":"product_tag-camel-ride","12":"product_tag-family-friendly","13":"product_tag-group","14":"product_tag-lunch","15":"product_tag-marrakech","16":"product_tag-pool-access","18":"first","19":"instock","20":"sale","21":"featured","22":"shipping-taxable","23":"purchasable","24":"product-type-ovabrw_car_rental"},"yoast_head":"<!-- This site is optimized with the Yoast SEO Premium plugin v25.3.1 (Yoast SEO v27.2) - https:\/\/yoast.com\/product\/yoast-seo-premium-wordpress\/ -->\n<title>gafay Day Pass: Buggy 500cc, Pool, Lunch &amp; Transfers (2 pax)<\/title>\n<meta name=\"description\" content=\"Book your Agafay Day Pass with buggy 500cc adventure (2 people per buggy), pool access, Moroccan lunch, and round-trip transfers from Marrakech.\" \/>\n<meta name=\"robots\" content=\"index, follow, max-snippet:-1, max-image-preview:large, max-video-preview:-1\" \/>\n<link rel=\"canonical\" href=\"https:\/\/thingstodoinmarrakech.ma\/fr\/product\/agafay-day-pass-buggy-500cc-pool-access-lunch\/\" \/>\n<meta property=\"og:locale\" content=\"fr_FR\" \/>\n<meta property=\"og:type\" content=\"article\" \/>\n<meta property=\"og:title\" content=\"Agafay Day Pass: Buggy 500cc, Pool Access, Lunch (2 pax minimum) &amp; Transportation\" \/>\n<meta property=\"og:description\" content=\"Book your Agafay Day Pass with buggy 500cc adventure (2 people per buggy), pool access, Moroccan lunch, and round-trip transfers from Marrakech.\" \/>\n<meta property=\"og:url\" content=\"https:\/\/thingstodoinmarrakech.ma\/fr\/product\/agafay-day-pass-buggy-500cc-pool-access-lunch\/\" \/>\n<meta property=\"og:site_name\" content=\"Things To Do In Marrakech\" \/>\n<meta property=\"article:modified_time\" content=\"2025-07-01T19:24:56+00:00\" \/>\n<meta property=\"og:image\" content=\"https:\/\/thingstodoinmarrakech.ma\/wp-content\/uploads\/2025\/07\/actFichier-2.png\" \/>\n\t<meta property=\"og:image:width\" content=\"670\" \/>\n\t<meta property=\"og:image:height\" content=\"447\" \/>\n\t<meta property=\"og:image:type\" content=\"image\/png\" \/>\n<meta name=\"twitter:card\" content=\"summary_large_image\" \/>\n<meta name=\"twitter:label1\" content=\"Prix\" \/>\n\t<meta name=\"twitter:data1\" content=\"&euro;145,00\" \/>\n\t<meta name=\"twitter:label2\" content=\"Disponibilit\u00e9\" \/>\n\t<meta name=\"twitter:data2\" content=\"En stock\" \/>\n<script type=\"application\/ld+json\" class=\"yoast-schema-graph\">{\"@context\":\"https:\/\/schema.org\",\"@graph\":[{\"@type\":\"WebPage\",\"@id\":\"https:\/\/thingstodoinmarrakech.ma\/product\/agafay-day-pass-buggy-500cc-pool-access-lunch\/\",\"url\":\"https:\/\/thingstodoinmarrakech.ma\/product\/agafay-day-pass-buggy-500cc-pool-access-lunch\/\",\"name\":\"gafay Day Pass: Buggy 500cc, Pool, Lunch & Transfers (2 pax)\",\"isPartOf\":{\"@id\":\"https:\/\/thingstodoinmarrakech.ma\/#website\"},\"primaryImageOfPage\":{\"@id\":\"https:\/\/thingstodoinmarrakech.ma\/product\/agafay-day-pass-buggy-500cc-pool-access-lunch\/#primaryimage\"},\"image\":{\"@id\":\"https:\/\/thingstodoinmarrakech.ma\/product\/agafay-day-pass-buggy-500cc-pool-access-lunch\/#primaryimage\"},\"thumbnailUrl\":\"https:\/\/thingstodoinmarrakech.ma\/wp-content\/uploads\/2025\/07\/actFichier-2.png\",\"datePublished\":\"2025-07-01T18:38:43+00:00\",\"dateModified\":\"2025-07-01T19:24:56+00:00\",\"description\":\"Book your Agafay Day Pass with buggy 500cc adventure (2 people per buggy), pool access, Moroccan lunch, and round-trip transfers from Marrakech.\",\"breadcrumb\":{\"@id\":\"https:\/\/thingstodoinmarrakech.ma\/product\/agafay-day-pass-buggy-500cc-pool-access-lunch\/#breadcrumb\"},\"inLanguage\":\"fr-FR\",\"potentialAction\":[{\"@type\":\"ReadAction\",\"target\":[\"https:\/\/thingstodoinmarrakech.ma\/product\/agafay-day-pass-buggy-500cc-pool-access-lunch\/\"]}]},{\"@type\":\"ImageObject\",\"inLanguage\":\"fr-FR\",\"@id\":\"https:\/\/thingstodoinmarrakech.ma\/product\/agafay-day-pass-buggy-500cc-pool-access-lunch\/#primaryimage\",\"url\":\"https:\/\/thingstodoinmarrakech.ma\/wp-content\/uploads\/2025\/07\/actFichier-2.png\",\"contentUrl\":\"https:\/\/thingstodoinmarrakech.ma\/wp-content\/uploads\/2025\/07\/actFichier-2.png\",\"width\":670,\"height\":447,\"caption\":\"Two guests sharing a buggy ride in the Agafay Desert, relaxing by a pool, and enjoying Moroccan lunch at a desert camp\"},{\"@type\":\"BreadcrumbList\",\"@id\":\"https:\/\/thingstodoinmarrakech.ma\/product\/agafay-day-pass-buggy-500cc-pool-access-lunch\/#breadcrumb\",\"itemListElement\":[{\"@type\":\"ListItem\",\"position\":1,\"name\":\"Home\",\"item\":\"https:\/\/thingstodoinmarrakech.ma\/\"},{\"@type\":\"ListItem\",\"position\":2,\"name\":\"Shop\",\"item\":\"https:\/\/thingstodoinmarrakech.ma\/shop\/\"},{\"@type\":\"ListItem\",\"position\":3,\"name\":\"Agafay Day Pass: Buggy 500cc, Pool Access, Lunch (2 pax minimum) &#038; Transportation\"}]},{\"@type\":\"WebSite\",\"@id\":\"https:\/\/thingstodoinmarrakech.ma\/#website\",\"url\":\"https:\/\/thingstodoinmarrakech.ma\/\",\"name\":\"Things To Do In Marrakech\",\"description\":\"Your journey starts here\",\"potentialAction\":[{\"@type\":\"SearchAction\",\"target\":{\"@type\":\"EntryPoint\",\"urlTemplate\":\"https:\/\/thingstodoinmarrakech.ma\/?s={search_term_string}\"},\"query-input\":{\"@type\":\"PropertyValueSpecification\",\"valueRequired\":true,\"valueName\":\"search_term_string\"}}],\"inLanguage\":\"fr-FR\"}]}<\/script>\n<meta property=\"product:price:amount\" content=\"145.00\" \/>\n<meta property=\"product:price:currency\" content=\"EUR\" \/>\n<meta property=\"og:availability\" content=\"instock\" \/>\n<meta property=\"product:availability\" content=\"instock\" \/>\n<meta property=\"product:condition\" content=\"new\" \/>\n<!-- \/ Yoast SEO Premium plugin. -->","yoast_head_json":{"title":"Carte journali\u00e8re gafay : Buggy 500cc, Piscine, D\u00e9jeuner &amp; Transferts (2 pax)","description":"R\u00e9servez votre forfait journ\u00e9e Agafay avec aventure en buggy 500cc (2 personnes par buggy), acc\u00e8s \u00e0 la piscine, d\u00e9jeuner marocain et transferts aller-retour depuis Marrakech.","robots":{"index":"index","follow":"follow","max-snippet":"max-snippet:-1","max-image-preview":"max-image-preview:large","max-video-preview":"max-video-preview:-1"},"canonical":"https:\/\/thingstodoinmarrakech.ma\/fr\/product\/agafay-day-pass-buggy-500cc-pool-access-lunch\/","og_locale":"fr_FR","og_type":"article","og_title":"Agafay Day Pass: Buggy 500cc, Pool Access, Lunch (2 pax minimum) & Transportation","og_description":"Book your Agafay Day Pass with buggy 500cc adventure (2 people per buggy), pool access, Moroccan lunch, and round-trip transfers from Marrakech.","og_url":"https:\/\/thingstodoinmarrakech.ma\/fr\/product\/agafay-day-pass-buggy-500cc-pool-access-lunch\/","og_site_name":"Things To Do In Marrakech","article_modified_time":"2025-07-01T19:24:56+00:00","og_image":[{"width":670,"height":447,"url":"https:\/\/thingstodoinmarrakech.ma\/wp-content\/uploads\/2025\/07\/actFichier-2.png","type":"image\/png"}],"twitter_card":"summary_large_image","twitter_misc":{"Prix":"&euro;145,00","Disponibilit\u00e9":"En stock"},"schema":{"@context":"https:\/\/schema.org","@graph":[{"@type":"WebPage","@id":"https:\/\/thingstodoinmarrakech.ma\/product\/agafay-day-pass-buggy-500cc-pool-access-lunch\/","url":"https:\/\/thingstodoinmarrakech.ma\/product\/agafay-day-pass-buggy-500cc-pool-access-lunch\/","name":"Carte journali\u00e8re gafay : Buggy 500cc, Piscine, D\u00e9jeuner &amp; Transferts (2 pax)","isPartOf":{"@id":"https:\/\/thingstodoinmarrakech.ma\/#website"},"primaryImageOfPage":{"@id":"https:\/\/thingstodoinmarrakech.ma\/product\/agafay-day-pass-buggy-500cc-pool-access-lunch\/#primaryimage"},"image":{"@id":"https:\/\/thingstodoinmarrakech.ma\/product\/agafay-day-pass-buggy-500cc-pool-access-lunch\/#primaryimage"},"thumbnailUrl":"https:\/\/thingstodoinmarrakech.ma\/wp-content\/uploads\/2025\/07\/actFichier-2.png","datePublished":"2025-07-01T18:38:43+00:00","dateModified":"2025-07-01T19:24:56+00:00","description":"R\u00e9servez votre forfait journ\u00e9e Agafay avec aventure en buggy 500cc (2 personnes par buggy), acc\u00e8s \u00e0 la piscine, d\u00e9jeuner marocain et transferts aller-retour depuis Marrakech.","breadcrumb":{"@id":"https:\/\/thingstodoinmarrakech.ma\/product\/agafay-day-pass-buggy-500cc-pool-access-lunch\/#breadcrumb"},"inLanguage":"fr-FR","potentialAction":[{"@type":"ReadAction","target":["https:\/\/thingstodoinmarrakech.ma\/product\/agafay-day-pass-buggy-500cc-pool-access-lunch\/"]}]},{"@type":"ImageObject","inLanguage":"fr-FR","@id":"https:\/\/thingstodoinmarrakech.ma\/product\/agafay-day-pass-buggy-500cc-pool-access-lunch\/#primaryimage","url":"https:\/\/thingstodoinmarrakech.ma\/wp-content\/uploads\/2025\/07\/actFichier-2.png","contentUrl":"https:\/\/thingstodoinmarrakech.ma\/wp-content\/uploads\/2025\/07\/actFichier-2.png","width":670,"height":447,"caption":"Two guests sharing a buggy ride in the Agafay Desert, relaxing by a pool, and enjoying Moroccan lunch at a desert camp"},{"@type":"BreadcrumbList","@id":"https:\/\/thingstodoinmarrakech.ma\/product\/agafay-day-pass-buggy-500cc-pool-access-lunch\/#breadcrumb","itemListElement":[{"@type":"ListItem","position":1,"name":"Home","item":"https:\/\/thingstodoinmarrakech.ma\/"},{"@type":"ListItem","position":2,"name":"Shop","item":"https:\/\/thingstodoinmarrakech.ma\/shop\/"},{"@type":"ListItem","position":3,"name":"Agafay Day Pass: Buggy 500cc, Pool Access, Lunch (2 pax minimum) &#038; Transportation"}]},{"@type":"WebSite","@id":"https:\/\/thingstodoinmarrakech.ma\/#website","url":"https:\/\/thingstodoinmarrakech.ma\/","name":"Choses \u00e0 faire \u00e0 Marrakech","description":"Votre voyage commence ici","potentialAction":[{"@type":"SearchAction","target":{"@type":"EntryPoint","urlTemplate":"https:\/\/thingstodoinmarrakech.ma\/?s={search_term_string}"},"query-input":{"@type":"PropertyValueSpecification","valueRequired":true,"valueName":"search_term_string"}}],"inLanguage":"fr-FR"}]},"product_price_amount":"145.00","product_price_currency":"EUR","og_availability":"instock","product_availability":"instock","product_condition":"new"},"_links":{"self":[{"href":"https:\/\/thingstodoinmarrakech.ma\/fr\/wp-json\/wp\/v2\/product\/9635","targetHints":{"allow":["GET"]}}],"collection":[{"href":"https:\/\/thingstodoinmarrakech.ma\/fr\/wp-json\/wp\/v2\/product"}],"about":[{"href":"https:\/\/thingstodoinmarrakech.ma\/fr\/wp-json\/wp\/v2\/types\/product"}],"replies":[{"embeddable":true,"href":"https:\/\/thingstodoinmarrakech.ma\/fr\/wp-json\/wp\/v2\/comments?post=9635"}],"wp:featuredmedia":[{"embeddable":true,"href":"https:\/\/thingstodoinmarrakech.ma\/fr\/wp-json\/wp\/v2\/media\/9636"}],"wp:attachment":[{"href":"https:\/\/thingstodoinmarrakech.ma\/fr\/wp-json\/wp\/v2\/media?parent=9635"}],"wp:term":[{"taxonomy":"product_brand","embeddable":true,"href":"https:\/\/thingstodoinmarrakech.ma\/fr\/wp-json\/wp\/v2\/product_brand?post=9635"},{"taxonomy":"product_cat","embeddable":true,"href":"https:\/\/thingstodoinmarrakech.ma\/fr\/wp-json\/wp\/v2\/product_cat?post=9635"},{"taxonomy":"product_tag","embeddable":true,"href":"https:\/\/thingstodoinmarrakech.ma\/fr\/wp-json\/wp\/v2\/product_tag?post=9635"}],"curies":[{"name":"wp","href":"https:\/\/api.w.org\/{rel}","templated":true}]}}