{"id":9633,"date":"2025-07-01T18:06:24","date_gmt":"2025-07-01T18:06:24","guid":{"rendered":"https:\/\/thingstodoinmarrakech.ma\/?post_type=product&#038;p=9633"},"modified":"2025-07-01T18:20:45","modified_gmt":"2025-07-01T18:20:45","slug":"carte-journaliere-agafay-promenade-a-dos-de-chameau-acces-a-la-piscine-diner-transport","status":"publish","type":"product","link":"https:\/\/thingstodoinmarrakech.ma\/fr\/product\/carte-journaliere-agafay-promenade-a-dos-de-chameau-acces-a-la-piscine-diner-transport\/","title":{"rendered":"Day Pass Agafay : Promenade \u00e0 dos de chameau, acc\u00e8s \u00e0 la piscine, d\u00eener et transport"},"content":{"rendered":"<p>&nbsp;<\/p>\n<p data-start=\"621\" data-end=\"1115\">Profitez au maximum de votre s\u00e9jour pr\u00e8s de Marrakech gr\u00e2ce \u00e0 cette carte journali\u00e8re tout-en-un d'Agafay. Commencez votre apr\u00e8s-midi par une douce promenade \u00e0 dos de chameau \u00e0 travers le paysage rocheux d'Agafay, id\u00e9al pour prendre des photos et s'impr\u00e9gner des vues du d\u00e9sert. Apr\u00e8s la promenade, d\u00e9tendez-vous en acc\u00e9dant \u00e0 la piscine d'un camp ou d'un lodge dans le d\u00e9sert. Le soir venu, profitez d'un d\u00eener marocain sous les \u00e9toiles, entour\u00e9 par le d\u00e9sert paisible.<br data-start=\"1028\" data-end=\"1031\" \/>Les transferts aller-retour \u00e9tant inclus, votre aventure \u00e0 Agafay est simple et sans stress.<\/p>\n<p data-start=\"1117\" data-end=\"1240\">Ce forfait est id\u00e9al pour les couples, les familles et les amis qui souhaitent combiner aventure et d\u00e9tente en une seule journ\u00e9e.<\/p>\n<p data-start=\"1749\" data-end=\"1774\"><strong data-start=\"1749\" data-end=\"1772\">Horaire et dur\u00e9e :<\/strong><\/p>\n<ul data-start=\"1775\" data-end=\"2042\">\n<li data-start=\"1775\" data-end=\"1810\">\n<p data-start=\"1777\" data-end=\"1810\">D\u00e9parts quotidiens de Marrakech<\/p>\n<\/li>\n<li data-start=\"1811\" data-end=\"1884\">\n<p data-start=\"1813\" data-end=\"1884\">Prise en charge typique : d\u00e9but d'apr\u00e8s-midi (heure exacte confirm\u00e9e apr\u00e8s la r\u00e9servation)<\/p>\n<\/li>\n<li data-start=\"1885\" data-end=\"1967\">\n<p data-start=\"1887\" data-end=\"1967\">Dur\u00e9e : environ 7 heures (promenade \u00e0 dos de chameau, piscine, d\u00eener et transferts).<\/p>\n<\/li>\n<li data-start=\"1968\" data-end=\"2042\">\n<p data-start=\"1970\" data-end=\"2042\">Promenade \u00e0 dos de chameau au coucher du soleil pour une vue imprenable sur le d\u00e9sert ; d\u00eener servi apr\u00e8s la promenade.<\/p>\n<\/li>\n<\/ul>\n<p data-start=\"2044\" data-end=\"2066\"><strong data-start=\"2044\" data-end=\"2064\">\u00c0 qui cela s'adresse-t-il ?<\/strong><\/p>\n<ul data-start=\"2067\" data-end=\"2279\">\n<li data-start=\"2067\" data-end=\"2135\">\n<p data-start=\"2069\" data-end=\"2135\">Convient \u00e0 tous les \u00e2ges (les enfants doivent \u00eatre accompagn\u00e9s d'un adulte)<\/p>\n<\/li>\n<li data-start=\"2136\" data-end=\"2205\">\n<p data-start=\"2138\" data-end=\"2205\">Id\u00e9al pour les couples, les familles, les groupes d'amis ou les voyageurs solitaires.<\/p>\n<\/li>\n<li data-start=\"2206\" data-end=\"2279\">\n<p data-start=\"2208\" data-end=\"2279\">Aucune exp\u00e9rience de l'\u00e9quitation n'est n\u00e9cessaire - des chameaux doux et des instructions compl\u00e8tes sont fournis.<\/p>\n<\/li>\n<\/ul>\n<p data-start=\"2281\" data-end=\"2301\"><strong data-start=\"2281\" data-end=\"2299\">Ce qu'il faut apporter :<\/strong><\/p>\n<ul data-start=\"2302\" data-end=\"2511\">\n<li data-start=\"2302\" data-end=\"2350\">\n<p data-start=\"2304\" data-end=\"2350\">Maillot de bain, serviette et tongs pour la piscine<\/p>\n<\/li>\n<li data-start=\"2351\" data-end=\"2403\">\n<p data-start=\"2353\" data-end=\"2403\">V\u00eatements et chaussures confortables pour la promenade \u00e0 dos de chameau<\/p>\n<\/li>\n<li data-start=\"2404\" data-end=\"2438\">\n<p data-start=\"2406\" data-end=\"2438\">Lunettes de soleil, cr\u00e8me solaire et chapeau<\/p>\n<\/li>\n<li data-start=\"2439\" data-end=\"2469\">\n<p data-start=\"2441\" data-end=\"2469\">Appareil photo ou t\u00e9l\u00e9phone pour les photos<\/p>\n<\/li>\n<li data-start=\"2470\" data-end=\"2511\">\n<p data-start=\"2472\" data-end=\"2511\">Veste l\u00e9g\u00e8re pour les soir\u00e9es plus fra\u00eeches dans le d\u00e9sert<\/p>\n<\/li>\n<\/ul>\n<p data-start=\"2513\" data-end=\"2631\"><strong data-start=\"2513\" data-end=\"2531\">Point de rencontre :<\/strong><br data-start=\"2531\" data-end=\"2534\" \/>Prise en charge et retour \u00e0 l'h\u00f4tel, au riad ou \u00e0 la r\u00e9sidence de Marrakech (veuillez ajouter les d\u00e9tails au moment de la r\u00e9servation).<\/p>\n<p data-start=\"2633\" data-end=\"2652\"><strong data-start=\"2633\" data-end=\"2650\">Bon \u00e0 savoir :<\/strong><\/p>\n<ul data-start=\"2653\" data-end=\"2837\">\n<li data-start=\"2653\" data-end=\"2706\">\n<p data-start=\"2655\" data-end=\"2706\">Les promenades \u00e0 dos de chameau sont douces et conviennent aux d\u00e9butants.<\/p>\n<\/li>\n<li data-start=\"2707\" data-end=\"2790\">\n<p data-start=\"2709\" data-end=\"2790\">Les demandes v\u00e9g\u00e9tariennes et di\u00e9t\u00e9tiques peuvent \u00eatre satisfaites (\u00e0 mentionner lors de la r\u00e9servation).<\/p>\n<\/li>\n<li data-start=\"2791\" data-end=\"2837\">\n<p data-start=\"2793\" data-end=\"2837\">L'excursion se d\u00e9roule dans la plupart des conditions m\u00e9t\u00e9orologiques<\/p>\n<\/li>\n<\/ul>\n<p data-start=\"2839\" data-end=\"2866\"><strong data-start=\"2839\" data-end=\"2864\">Instructions pour la r\u00e9servation :<\/strong><\/p>\n<ul data-start=\"2867\" data-end=\"3010\">\n<li data-start=\"2867\" data-end=\"2904\">\n<p data-start=\"2869\" data-end=\"2904\">S\u00e9lectionnez le nombre de participants<\/p>\n<\/li>\n<li data-start=\"2905\" data-end=\"3010\">\n<p data-start=\"2907\" data-end=\"3010\">Veuillez indiquer votre num\u00e9ro WhatsApp complet avec l'indicatif du pays et votre h\u00f4tel ou r\u00e9sidence pour faciliter la prise en charge.<\/p>\n<\/li>\n<\/ul>","protected":false},"excerpt":{"rendered":"<p>R\u00e9servez votre carte journali\u00e8re d'Agafay avec promenade \u00e0 dos de chameau, acc\u00e8s \u00e0 la piscine, d\u00eener et transferts aller-retour \u00e0 Marrakech. La meilleure fa\u00e7on de vivre l'aventure et la d\u00e9tente dans le d\u00e9sert d'Agafay.<\/p>","protected":false},"featured_media":9634,"comment_status":"open","ping_status":"closed","template":"","meta":[],"product_brand":[],"product_cat":[57],"product_tag":[66,78,62,82,81,83,74,68],"class_list":{"0":"post-9633","1":"product","2":"type-product","3":"status-publish","4":"has-post-thumbnail","6":"brw_tour_types-day-passes","7":"product_cat-day-passes","8":"product_tag-adventure","9":"product_tag-agafay-day-pass","10":"product_tag-camel-ride","11":"product_tag-desert-camp","12":"product_tag-dinner","13":"product_tag-evening-activity","14":"product_tag-marrakech","15":"product_tag-quad-biking","17":"first","18":"instock","19":"sale","20":"featured","21":"shipping-taxable","22":"purchasable","23":"product-type-ovabrw_car_rental"},"yoast_head":"<!-- This site is optimized with the Yoast SEO Premium plugin v25.3.1 (Yoast SEO v27.2) - https:\/\/yoast.com\/product\/yoast-seo-premium-wordpress\/ -->\n<title>Agafay Day Pass: Camel Ride, Pool, Dinner &amp; Transfers | Book Now<\/title>\n<meta name=\"description\" content=\"Book your Agafay Day Pass with camel ride, pool access, dinner, and round-trip Marrakech transfers. The best way to experience adventure and relaxation\" \/>\n<meta name=\"robots\" content=\"index, follow, max-snippet:-1, max-image-preview:large, max-video-preview:-1\" \/>\n<link rel=\"canonical\" href=\"https:\/\/thingstodoinmarrakech.ma\/fr\/product\/carte-journaliere-agafay-promenade-a-dos-de-chameau-acces-a-la-piscine-diner-transport\/\" \/>\n<meta property=\"og:locale\" content=\"fr_FR\" \/>\n<meta property=\"og:type\" content=\"article\" \/>\n<meta property=\"og:title\" content=\"Agafay Day Pass: Camel Ride, Pool Access, Dinner &amp; Transportation\" \/>\n<meta property=\"og:description\" content=\"Book your Agafay Day Pass with camel ride, pool access, dinner, and round-trip Marrakech transfers. The best way to experience adventure and relaxation\" \/>\n<meta property=\"og:url\" content=\"https:\/\/thingstodoinmarrakech.ma\/fr\/product\/carte-journaliere-agafay-promenade-a-dos-de-chameau-acces-a-la-piscine-diner-transport\/\" \/>\n<meta property=\"og:site_name\" content=\"Things To Do In Marrakech\" \/>\n<meta property=\"article:modified_time\" content=\"2025-07-01T18:20:45+00:00\" \/>\n<meta property=\"og:image\" content=\"https:\/\/thingstodoinmarrakech.ma\/wp-content\/uploads\/2025\/07\/Agafay-Package-camel-ride-quad-dinner-show-1024x576-1.png\" \/>\n\t<meta property=\"og:image:width\" content=\"1024\" \/>\n\t<meta property=\"og:image:height\" content=\"576\" \/>\n\t<meta property=\"og:image:type\" content=\"image\/png\" \/>\n<meta name=\"twitter:card\" content=\"summary_large_image\" \/>\n<meta name=\"twitter:label1\" content=\"Prix\" \/>\n\t<meta name=\"twitter:data1\" content=\"&euro;100,00\" \/>\n\t<meta name=\"twitter:label2\" content=\"Disponibilit\u00e9\" \/>\n\t<meta name=\"twitter:data2\" content=\"En stock\" \/>\n<script type=\"application\/ld+json\" class=\"yoast-schema-graph\">{\"@context\":\"https:\/\/schema.org\",\"@graph\":[{\"@type\":\"WebPage\",\"@id\":\"https:\/\/thingstodoinmarrakech.ma\/product\/agafay-day-pass-camel-ride-pool-access-dinner-transportation\/\",\"url\":\"https:\/\/thingstodoinmarrakech.ma\/product\/agafay-day-pass-camel-ride-pool-access-dinner-transportation\/\",\"name\":\"Agafay Day Pass: Camel Ride, Pool, Dinner & Transfers | Book Now\",\"isPartOf\":{\"@id\":\"https:\/\/thingstodoinmarrakech.ma\/#website\"},\"primaryImageOfPage\":{\"@id\":\"https:\/\/thingstodoinmarrakech.ma\/product\/agafay-day-pass-camel-ride-pool-access-dinner-transportation\/#primaryimage\"},\"image\":{\"@id\":\"https:\/\/thingstodoinmarrakech.ma\/product\/agafay-day-pass-camel-ride-pool-access-dinner-transportation\/#primaryimage\"},\"thumbnailUrl\":\"https:\/\/thingstodoinmarrakech.ma\/wp-content\/uploads\/2025\/07\/Agafay-Package-camel-ride-quad-dinner-show-1024x576-1.png\",\"datePublished\":\"2025-07-01T18:06:24+00:00\",\"dateModified\":\"2025-07-01T18:20:45+00:00\",\"description\":\"Book your Agafay Day Pass with camel ride, pool access, dinner, and round-trip Marrakech transfers. The best way to experience adventure and relaxation\",\"breadcrumb\":{\"@id\":\"https:\/\/thingstodoinmarrakech.ma\/product\/agafay-day-pass-camel-ride-pool-access-dinner-transportation\/#breadcrumb\"},\"inLanguage\":\"fr-FR\",\"potentialAction\":[{\"@type\":\"ReadAction\",\"target\":[\"https:\/\/thingstodoinmarrakech.ma\/product\/agafay-day-pass-camel-ride-pool-access-dinner-transportation\/\"]}]},{\"@type\":\"ImageObject\",\"inLanguage\":\"fr-FR\",\"@id\":\"https:\/\/thingstodoinmarrakech.ma\/product\/agafay-day-pass-camel-ride-pool-access-dinner-transportation\/#primaryimage\",\"url\":\"https:\/\/thingstodoinmarrakech.ma\/wp-content\/uploads\/2025\/07\/Agafay-Package-camel-ride-quad-dinner-show-1024x576-1.png\",\"contentUrl\":\"https:\/\/thingstodoinmarrakech.ma\/wp-content\/uploads\/2025\/07\/Agafay-Package-camel-ride-quad-dinner-show-1024x576-1.png\",\"width\":1024,\"height\":576,\"caption\":\"Guests enjoying a camel ride at sunset in the Agafay Desert, relaxing by a pool, and dining outdoors at a lantern-lit camp\"},{\"@type\":\"BreadcrumbList\",\"@id\":\"https:\/\/thingstodoinmarrakech.ma\/product\/agafay-day-pass-camel-ride-pool-access-dinner-transportation\/#breadcrumb\",\"itemListElement\":[{\"@type\":\"ListItem\",\"position\":1,\"name\":\"Home\",\"item\":\"https:\/\/thingstodoinmarrakech.ma\/\"},{\"@type\":\"ListItem\",\"position\":2,\"name\":\"Shop\",\"item\":\"https:\/\/thingstodoinmarrakech.ma\/shop\/\"},{\"@type\":\"ListItem\",\"position\":3,\"name\":\"Agafay Day Pass: Camel Ride, Pool Access, Dinner &#038; Transportation\"}]},{\"@type\":\"WebSite\",\"@id\":\"https:\/\/thingstodoinmarrakech.ma\/#website\",\"url\":\"https:\/\/thingstodoinmarrakech.ma\/\",\"name\":\"Things To Do In Marrakech\",\"description\":\"Your journey starts here\",\"potentialAction\":[{\"@type\":\"SearchAction\",\"target\":{\"@type\":\"EntryPoint\",\"urlTemplate\":\"https:\/\/thingstodoinmarrakech.ma\/?s={search_term_string}\"},\"query-input\":{\"@type\":\"PropertyValueSpecification\",\"valueRequired\":true,\"valueName\":\"search_term_string\"}}],\"inLanguage\":\"fr-FR\"}]}<\/script>\n<meta property=\"product:price:amount\" content=\"100.00\" \/>\n<meta property=\"product:price:currency\" content=\"EUR\" \/>\n<meta property=\"og:availability\" content=\"instock\" \/>\n<meta property=\"product:availability\" content=\"instock\" \/>\n<meta property=\"product:condition\" content=\"new\" \/>\n<!-- \/ Yoast SEO Premium plugin. -->","yoast_head_json":{"title":"Carte journali\u00e8re d'Agafay : Promenade \u00e0 dos de chameau, piscine, d\u00eener et transferts | R\u00e9server maintenant","description":"R\u00e9servez votre carte journali\u00e8re Agafay avec promenade \u00e0 dos de chameau, acc\u00e8s \u00e0 la piscine, d\u00eener et transferts aller-retour \u00e0 Marrakech. La meilleure fa\u00e7on de vivre l'aventure et la d\u00e9tente","robots":{"index":"index","follow":"follow","max-snippet":"max-snippet:-1","max-image-preview":"max-image-preview:large","max-video-preview":"max-video-preview:-1"},"canonical":"https:\/\/thingstodoinmarrakech.ma\/fr\/product\/carte-journaliere-agafay-promenade-a-dos-de-chameau-acces-a-la-piscine-diner-transport\/","og_locale":"fr_FR","og_type":"article","og_title":"Agafay Day Pass: Camel Ride, Pool Access, Dinner & Transportation","og_description":"Book your Agafay Day Pass with camel ride, pool access, dinner, and round-trip Marrakech transfers. The best way to experience adventure and relaxation","og_url":"https:\/\/thingstodoinmarrakech.ma\/fr\/product\/carte-journaliere-agafay-promenade-a-dos-de-chameau-acces-a-la-piscine-diner-transport\/","og_site_name":"Things To Do In Marrakech","article_modified_time":"2025-07-01T18:20:45+00:00","og_image":[{"width":1024,"height":576,"url":"https:\/\/thingstodoinmarrakech.ma\/wp-content\/uploads\/2025\/07\/Agafay-Package-camel-ride-quad-dinner-show-1024x576-1.png","type":"image\/png"}],"twitter_card":"summary_large_image","twitter_misc":{"Prix":"&euro;100,00","Disponibilit\u00e9":"En stock"},"schema":{"@context":"https:\/\/schema.org","@graph":[{"@type":"WebPage","@id":"https:\/\/thingstodoinmarrakech.ma\/product\/agafay-day-pass-camel-ride-pool-access-dinner-transportation\/","url":"https:\/\/thingstodoinmarrakech.ma\/product\/agafay-day-pass-camel-ride-pool-access-dinner-transportation\/","name":"Carte journali\u00e8re d'Agafay : Promenade \u00e0 dos de chameau, piscine, d\u00eener et transferts | R\u00e9server maintenant","isPartOf":{"@id":"https:\/\/thingstodoinmarrakech.ma\/#website"},"primaryImageOfPage":{"@id":"https:\/\/thingstodoinmarrakech.ma\/product\/agafay-day-pass-camel-ride-pool-access-dinner-transportation\/#primaryimage"},"image":{"@id":"https:\/\/thingstodoinmarrakech.ma\/product\/agafay-day-pass-camel-ride-pool-access-dinner-transportation\/#primaryimage"},"thumbnailUrl":"https:\/\/thingstodoinmarrakech.ma\/wp-content\/uploads\/2025\/07\/Agafay-Package-camel-ride-quad-dinner-show-1024x576-1.png","datePublished":"2025-07-01T18:06:24+00:00","dateModified":"2025-07-01T18:20:45+00:00","description":"R\u00e9servez votre carte journali\u00e8re Agafay avec promenade \u00e0 dos de chameau, acc\u00e8s \u00e0 la piscine, d\u00eener et transferts aller-retour \u00e0 Marrakech. La meilleure fa\u00e7on de vivre l'aventure et la d\u00e9tente","breadcrumb":{"@id":"https:\/\/thingstodoinmarrakech.ma\/product\/agafay-day-pass-camel-ride-pool-access-dinner-transportation\/#breadcrumb"},"inLanguage":"fr-FR","potentialAction":[{"@type":"ReadAction","target":["https:\/\/thingstodoinmarrakech.ma\/product\/agafay-day-pass-camel-ride-pool-access-dinner-transportation\/"]}]},{"@type":"ImageObject","inLanguage":"fr-FR","@id":"https:\/\/thingstodoinmarrakech.ma\/product\/agafay-day-pass-camel-ride-pool-access-dinner-transportation\/#primaryimage","url":"https:\/\/thingstodoinmarrakech.ma\/wp-content\/uploads\/2025\/07\/Agafay-Package-camel-ride-quad-dinner-show-1024x576-1.png","contentUrl":"https:\/\/thingstodoinmarrakech.ma\/wp-content\/uploads\/2025\/07\/Agafay-Package-camel-ride-quad-dinner-show-1024x576-1.png","width":1024,"height":576,"caption":"Guests enjoying a camel ride at sunset in the Agafay Desert, relaxing by a pool, and dining outdoors at a lantern-lit camp"},{"@type":"BreadcrumbList","@id":"https:\/\/thingstodoinmarrakech.ma\/product\/agafay-day-pass-camel-ride-pool-access-dinner-transportation\/#breadcrumb","itemListElement":[{"@type":"ListItem","position":1,"name":"Home","item":"https:\/\/thingstodoinmarrakech.ma\/"},{"@type":"ListItem","position":2,"name":"Shop","item":"https:\/\/thingstodoinmarrakech.ma\/shop\/"},{"@type":"ListItem","position":3,"name":"Agafay Day Pass: Camel Ride, Pool Access, Dinner &#038; Transportation"}]},{"@type":"WebSite","@id":"https:\/\/thingstodoinmarrakech.ma\/#website","url":"https:\/\/thingstodoinmarrakech.ma\/","name":"Choses \u00e0 faire \u00e0 Marrakech","description":"Votre voyage commence ici","potentialAction":[{"@type":"SearchAction","target":{"@type":"EntryPoint","urlTemplate":"https:\/\/thingstodoinmarrakech.ma\/?s={search_term_string}"},"query-input":{"@type":"PropertyValueSpecification","valueRequired":true,"valueName":"search_term_string"}}],"inLanguage":"fr-FR"}]},"product_price_amount":"100.00","product_price_currency":"EUR","og_availability":"instock","product_availability":"instock","product_condition":"new"},"_links":{"self":[{"href":"https:\/\/thingstodoinmarrakech.ma\/fr\/wp-json\/wp\/v2\/product\/9633","targetHints":{"allow":["GET"]}}],"collection":[{"href":"https:\/\/thingstodoinmarrakech.ma\/fr\/wp-json\/wp\/v2\/product"}],"about":[{"href":"https:\/\/thingstodoinmarrakech.ma\/fr\/wp-json\/wp\/v2\/types\/product"}],"replies":[{"embeddable":true,"href":"https:\/\/thingstodoinmarrakech.ma\/fr\/wp-json\/wp\/v2\/comments?post=9633"}],"wp:featuredmedia":[{"embeddable":true,"href":"https:\/\/thingstodoinmarrakech.ma\/fr\/wp-json\/wp\/v2\/media\/9634"}],"wp:attachment":[{"href":"https:\/\/thingstodoinmarrakech.ma\/fr\/wp-json\/wp\/v2\/media?parent=9633"}],"wp:term":[{"taxonomy":"product_brand","embeddable":true,"href":"https:\/\/thingstodoinmarrakech.ma\/fr\/wp-json\/wp\/v2\/product_brand?post=9633"},{"taxonomy":"product_cat","embeddable":true,"href":"https:\/\/thingstodoinmarrakech.ma\/fr\/wp-json\/wp\/v2\/product_cat?post=9633"},{"taxonomy":"product_tag","embeddable":true,"href":"https:\/\/thingstodoinmarrakech.ma\/fr\/wp-json\/wp\/v2\/product_tag?post=9633"}],"curies":[{"name":"wp","href":"https:\/\/api.w.org\/{rel}","templated":true}]}}