{"id":9624,"date":"2025-06-30T20:39:11","date_gmt":"2025-06-30T20:39:11","guid":{"rendered":"https:\/\/thingstodoinmarrakech.ma\/?post_type=product&#038;p=9624"},"modified":"2025-07-01T21:00:58","modified_gmt":"2025-07-01T21:00:58","slug":"agafay-day-pass-quad-dinner","status":"publish","type":"product","link":"https:\/\/thingstodoinmarrakech.ma\/fr\/product\/agafay-day-pass-quad-dinner\/","title":{"rendered":"Day Pass Agafay : Quad, acc\u00e8s \u00e0 la piscine, d\u00eener et transport"},"content":{"rendered":"<p>&nbsp;<\/p>\n<p data-start=\"559\" data-end=\"914\">Combinez l'aventure et l'authenticit\u00e9 des repas marocains avec cette carte journali\u00e8re tout compris d'Agafay ! Commencez votre apr\u00e8s-midi par un tour en quad \u00e0 travers les paysages rocheux uniques d'Agafay. Le soir venu, d\u00e9tendez-vous et d\u00e9gustez un d\u00e9licieux d\u00eener marocain dans un magnifique campement du d\u00e9sert, puis d\u00e9tendez-vous pendant que nous vous ramenons \u00e0 votre h\u00f4tel \u00e0 Marrakech.<\/p>\n<p data-start=\"916\" data-end=\"1132\">Le transport aller-retour \u00e9tant inclus, il n'y a pas de stress - juste une exp\u00e9rience Agafay sans faille du d\u00e9but \u00e0 la fin. Parfait pour les couples, les groupes d'amis et les familles \u00e0 la recherche de quelque chose de sp\u00e9cial en dehors de Marrakech.<\/p>\n<p data-start=\"1634\" data-end=\"1659\"><strong data-start=\"1634\" data-end=\"1657\">Horaire et dur\u00e9e :<\/strong><\/p>\n<ul data-start=\"1660\" data-end=\"1902\">\n<li data-start=\"1660\" data-end=\"1695\">\n<p data-start=\"1662\" data-end=\"1695\">D\u00e9parts quotidiens de Marrakech<\/p>\n<\/li>\n<li data-start=\"1696\" data-end=\"1769\">\n<p data-start=\"1698\" data-end=\"1769\">Heure habituelle de prise en charge : apr\u00e8s-midi (horaire pr\u00e9cis fourni apr\u00e8s la r\u00e9servation)<\/p>\n<\/li>\n<li data-start=\"1770\" data-end=\"1849\">\n<p data-start=\"1772\" data-end=\"1849\">Dur\u00e9e : environ 6 heures (comprend la visite en quad, le d\u00eener et les transferts)<\/p>\n<\/li>\n<li data-start=\"1850\" data-end=\"1902\">\n<p data-start=\"1852\" data-end=\"1902\">Le d\u00eener est servi au coucher du soleil pour une meilleure exp\u00e9rience.<\/p>\n<\/li>\n<\/ul>\n<p data-start=\"1904\" data-end=\"1926\"><strong data-start=\"1904\" data-end=\"1924\">\u00c0 qui cela s'adresse-t-il ?<\/strong><\/p>\n<ul data-start=\"1927\" data-end=\"2118\">\n<li data-start=\"1927\" data-end=\"1995\">\n<p data-start=\"1929\" data-end=\"1995\">Convient \u00e0 tous les \u00e2ges (les enfants doivent \u00eatre accompagn\u00e9s d'un adulte)<\/p>\n<\/li>\n<li data-start=\"1996\" data-end=\"2057\">\n<p data-start=\"1998\" data-end=\"2057\">Parfait pour les couples, les amis, les familles ou les voyageurs solitaires<\/p>\n<\/li>\n<li data-start=\"2058\" data-end=\"2118\">\n<p data-start=\"2060\" data-end=\"2118\">Aucune exp\u00e9rience en mati\u00e8re de quad n'est n\u00e9cessaire - une instruction compl\u00e8te est fournie.<\/p>\n<\/li>\n<\/ul>\n<p data-start=\"2120\" data-end=\"2140\"><strong data-start=\"2120\" data-end=\"2138\">Ce qu'il faut apporter :<\/strong><\/p>\n<ul data-start=\"2141\" data-end=\"2285\">\n<li data-start=\"2141\" data-end=\"2199\">\n<p data-start=\"2143\" data-end=\"2199\">V\u00eatements confortables et chaussures ferm\u00e9es pour les excursions en quad.<\/p>\n<\/li>\n<li data-start=\"2200\" data-end=\"2233\">\n<p data-start=\"2202\" data-end=\"2233\">Lunettes de soleil, cr\u00e8me solaire, appareil photo<\/p>\n<\/li>\n<li data-start=\"2234\" data-end=\"2285\">\n<p data-start=\"2236\" data-end=\"2285\">Veste l\u00e9g\u00e8re (les soir\u00e9es peuvent \u00eatre fra\u00eeches dans le d\u00e9sert)<\/p>\n<\/li>\n<\/ul>\n<p data-start=\"2287\" data-end=\"2398\"><strong data-start=\"2287\" data-end=\"2305\">Point de rencontre :<\/strong><br data-start=\"2305\" data-end=\"2308\" \/>Prise en charge et retour \u00e0 l'h\u00f4tel, au riad ou \u00e0 la r\u00e9sidence de Marrakech (ajouter les d\u00e9tails au moment du d\u00e9part)<\/p>\n<p data-start=\"2400\" data-end=\"2419\"><strong data-start=\"2400\" data-end=\"2417\">Bon \u00e0 savoir :<\/strong><\/p>\n<ul data-start=\"2420\" data-end=\"2617\">\n<li data-start=\"2420\" data-end=\"2497\">\n<p data-start=\"2422\" data-end=\"2497\">Les conducteurs de quad doivent avoir l'\u00e2ge minimum requis (\u00e0 v\u00e9rifier lors de la r\u00e9servation).<\/p>\n<\/li>\n<li data-start=\"2498\" data-end=\"2574\">\n<p data-start=\"2500\" data-end=\"2574\">Les demandes v\u00e9g\u00e9tariennes et di\u00e9t\u00e9tiques peuvent \u00eatre satisfaites (\u00e0 mentionner lors de la r\u00e9servation).<\/p>\n<\/li>\n<li data-start=\"2575\" data-end=\"2617\">\n<p data-start=\"2577\" data-end=\"2617\">L'excursion se d\u00e9roule dans la plupart des conditions m\u00e9t\u00e9orologiques<\/p>\n<\/li>\n<\/ul>\n<p data-start=\"2619\" data-end=\"2646\"><strong data-start=\"2619\" data-end=\"2644\">Instructions pour la r\u00e9servation :<\/strong><\/p>\n<ul data-start=\"2647\" data-end=\"2790\">\n<li data-start=\"2647\" data-end=\"2684\">\n<p data-start=\"2649\" data-end=\"2684\">S\u00e9lectionnez le nombre de participants<\/p>\n<\/li>\n<li data-start=\"2685\" data-end=\"2790\">\n<p data-start=\"2687\" data-end=\"2790\">Veuillez indiquer votre num\u00e9ro WhatsApp complet avec l'indicatif du pays et votre h\u00f4tel ou r\u00e9sidence pour faciliter la prise en charge.<\/p>\n<\/li>\n<\/ul>","protected":false},"excerpt":{"rendered":"<p>Profitez d'une exp\u00e9rience inoubliable dans le d\u00e9sert d'Agafay avec une aventure en quad, un d\u00e9licieux d\u00eener marocain et le transport aller-retour depuis Marrakech, le tout en un seul forfait.<\/p>","protected":false},"featured_media":9625,"comment_status":"open","ping_status":"closed","template":"","meta":[],"product_brand":[],"product_cat":[57],"product_tag":[66,78,82,81,83,74,68],"class_list":{"0":"post-9624","1":"product","2":"type-product","3":"status-publish","4":"has-post-thumbnail","6":"brw_tour_types-day-passes","7":"product_cat-day-passes","8":"product_tag-adventure","9":"product_tag-agafay-day-pass","10":"product_tag-desert-camp","11":"product_tag-dinner","12":"product_tag-evening-activity","13":"product_tag-marrakech","14":"product_tag-quad-biking","16":"first","17":"instock","18":"sale","19":"featured","20":"shipping-taxable","21":"purchasable","22":"product-type-ovabrw_car_rental"},"yoast_head":"<!-- This site is optimized with the Yoast SEO Premium plugin v25.3.1 (Yoast SEO v27.2) - https:\/\/yoast.com\/product\/yoast-seo-premium-wordpress\/ -->\n<title>Agafay Day Pass: Quad, Dinner &amp; Transfers | Book Adventure Now<\/title>\n<meta name=\"description\" content=\"Book your Agafay Day Pass for quad biking, dinner in the desert, and round-trip Marrakech transfers. The perfect adventure and dining experience\" \/>\n<meta name=\"robots\" content=\"index, follow, max-snippet:-1, max-image-preview:large, max-video-preview:-1\" \/>\n<link rel=\"canonical\" href=\"https:\/\/thingstodoinmarrakech.ma\/fr\/product\/agafay-day-pass-quad-dinner\/\" \/>\n<meta property=\"og:locale\" content=\"fr_FR\" \/>\n<meta property=\"og:type\" content=\"article\" \/>\n<meta property=\"og:title\" content=\"Agafay Day Pass: Quad, Pool access, dinner &amp; Transportation\" \/>\n<meta property=\"og:description\" content=\"Book your Agafay Day Pass for quad biking, dinner in the desert, and round-trip Marrakech transfers. The perfect adventure and dining experience\" \/>\n<meta property=\"og:url\" content=\"https:\/\/thingstodoinmarrakech.ma\/fr\/product\/agafay-day-pass-quad-dinner\/\" \/>\n<meta property=\"og:site_name\" content=\"Things To Do In Marrakech\" \/>\n<meta property=\"article:modified_time\" content=\"2025-07-01T21:00:58+00:00\" \/>\n<meta property=\"og:image\" content=\"https:\/\/thingstodoinmarrakech.ma\/wp-content\/uploads\/2025\/06\/Agafay-Day-Pass-Quad-Diner-Transportation.png\" \/>\n\t<meta property=\"og:image:width\" content=\"670\" \/>\n\t<meta property=\"og:image:height\" content=\"447\" \/>\n\t<meta property=\"og:image:type\" content=\"image\/png\" \/>\n<meta name=\"twitter:card\" content=\"summary_large_image\" \/>\n<meta name=\"twitter:label1\" content=\"Prix\" \/>\n\t<meta name=\"twitter:data1\" content=\"&euro;140,00\" \/>\n\t<meta name=\"twitter:label2\" content=\"Disponibilit\u00e9\" \/>\n\t<meta name=\"twitter:data2\" content=\"En stock\" \/>\n<script type=\"application\/ld+json\" class=\"yoast-schema-graph\">{\"@context\":\"https:\/\/schema.org\",\"@graph\":[{\"@type\":\"WebPage\",\"@id\":\"https:\/\/thingstodoinmarrakech.ma\/product\/agafay-day-pass-quad-dinner\/\",\"url\":\"https:\/\/thingstodoinmarrakech.ma\/product\/agafay-day-pass-quad-dinner\/\",\"name\":\"Agafay Day Pass: Quad, Dinner & Transfers | Book Adventure Now\",\"isPartOf\":{\"@id\":\"https:\/\/thingstodoinmarrakech.ma\/#website\"},\"primaryImageOfPage\":{\"@id\":\"https:\/\/thingstodoinmarrakech.ma\/product\/agafay-day-pass-quad-dinner\/#primaryimage\"},\"image\":{\"@id\":\"https:\/\/thingstodoinmarrakech.ma\/product\/agafay-day-pass-quad-dinner\/#primaryimage\"},\"thumbnailUrl\":\"https:\/\/thingstodoinmarrakech.ma\/wp-content\/uploads\/2025\/06\/Agafay-Day-Pass-Quad-Diner-Transportation.png\",\"datePublished\":\"2025-06-30T20:39:11+00:00\",\"dateModified\":\"2025-07-01T21:00:58+00:00\",\"description\":\"Book your Agafay Day Pass for quad biking, dinner in the desert, and round-trip Marrakech transfers. The perfect adventure and dining experience\",\"breadcrumb\":{\"@id\":\"https:\/\/thingstodoinmarrakech.ma\/product\/agafay-day-pass-quad-dinner\/#breadcrumb\"},\"inLanguage\":\"fr-FR\",\"potentialAction\":[{\"@type\":\"ReadAction\",\"target\":[\"https:\/\/thingstodoinmarrakech.ma\/product\/agafay-day-pass-quad-dinner\/\"]}]},{\"@type\":\"ImageObject\",\"inLanguage\":\"fr-FR\",\"@id\":\"https:\/\/thingstodoinmarrakech.ma\/product\/agafay-day-pass-quad-dinner\/#primaryimage\",\"url\":\"https:\/\/thingstodoinmarrakech.ma\/wp-content\/uploads\/2025\/06\/Agafay-Day-Pass-Quad-Diner-Transportation.png\",\"contentUrl\":\"https:\/\/thingstodoinmarrakech.ma\/wp-content\/uploads\/2025\/06\/Agafay-Day-Pass-Quad-Diner-Transportation.png\",\"width\":670,\"height\":447,\"caption\":\"Guests riding quad bikes in the Agafay Desert at sunset, followed by a Moroccan dinner at a lantern-lit desert camp\"},{\"@type\":\"BreadcrumbList\",\"@id\":\"https:\/\/thingstodoinmarrakech.ma\/product\/agafay-day-pass-quad-dinner\/#breadcrumb\",\"itemListElement\":[{\"@type\":\"ListItem\",\"position\":1,\"name\":\"Home\",\"item\":\"https:\/\/thingstodoinmarrakech.ma\/\"},{\"@type\":\"ListItem\",\"position\":2,\"name\":\"Shop\",\"item\":\"https:\/\/thingstodoinmarrakech.ma\/shop\/\"},{\"@type\":\"ListItem\",\"position\":3,\"name\":\"Agafay Day Pass: Quad, Pool access, dinner &#038; Transportation\"}]},{\"@type\":\"WebSite\",\"@id\":\"https:\/\/thingstodoinmarrakech.ma\/#website\",\"url\":\"https:\/\/thingstodoinmarrakech.ma\/\",\"name\":\"Things To Do In Marrakech\",\"description\":\"Your journey starts here\",\"potentialAction\":[{\"@type\":\"SearchAction\",\"target\":{\"@type\":\"EntryPoint\",\"urlTemplate\":\"https:\/\/thingstodoinmarrakech.ma\/?s={search_term_string}\"},\"query-input\":{\"@type\":\"PropertyValueSpecification\",\"valueRequired\":true,\"valueName\":\"search_term_string\"}}],\"inLanguage\":\"fr-FR\"}]}<\/script>\n<meta property=\"product:price:amount\" content=\"140.00\" \/>\n<meta property=\"product:price:currency\" content=\"EUR\" \/>\n<meta property=\"og:availability\" content=\"instock\" \/>\n<meta property=\"product:availability\" content=\"instock\" \/>\n<meta property=\"product:condition\" content=\"new\" \/>\n<!-- \/ Yoast SEO Premium plugin. -->","yoast_head_json":{"title":"Carte journali\u00e8re Agafay : Quad, d\u00eener et transferts | R\u00e9server l'aventure maintenant","description":"R\u00e9servez votre carte d'une journ\u00e9e \u00e0 Agafay pour faire du quad, d\u00eener dans le d\u00e9sert et transfert aller-retour \u00e0 Marrakech. L'aventure et l'exp\u00e9rience gastronomique parfaites","robots":{"index":"index","follow":"follow","max-snippet":"max-snippet:-1","max-image-preview":"max-image-preview:large","max-video-preview":"max-video-preview:-1"},"canonical":"https:\/\/thingstodoinmarrakech.ma\/fr\/product\/agafay-day-pass-quad-dinner\/","og_locale":"fr_FR","og_type":"article","og_title":"Agafay Day Pass: Quad, Pool access, dinner & Transportation","og_description":"Book your Agafay Day Pass for quad biking, dinner in the desert, and round-trip Marrakech transfers. The perfect adventure and dining experience","og_url":"https:\/\/thingstodoinmarrakech.ma\/fr\/product\/agafay-day-pass-quad-dinner\/","og_site_name":"Things To Do In Marrakech","article_modified_time":"2025-07-01T21:00:58+00:00","og_image":[{"width":670,"height":447,"url":"https:\/\/thingstodoinmarrakech.ma\/wp-content\/uploads\/2025\/06\/Agafay-Day-Pass-Quad-Diner-Transportation.png","type":"image\/png"}],"twitter_card":"summary_large_image","twitter_misc":{"Prix":"&euro;140,00","Disponibilit\u00e9":"En stock"},"schema":{"@context":"https:\/\/schema.org","@graph":[{"@type":"WebPage","@id":"https:\/\/thingstodoinmarrakech.ma\/product\/agafay-day-pass-quad-dinner\/","url":"https:\/\/thingstodoinmarrakech.ma\/product\/agafay-day-pass-quad-dinner\/","name":"Carte journali\u00e8re Agafay : Quad, d\u00eener et transferts | R\u00e9server l'aventure maintenant","isPartOf":{"@id":"https:\/\/thingstodoinmarrakech.ma\/#website"},"primaryImageOfPage":{"@id":"https:\/\/thingstodoinmarrakech.ma\/product\/agafay-day-pass-quad-dinner\/#primaryimage"},"image":{"@id":"https:\/\/thingstodoinmarrakech.ma\/product\/agafay-day-pass-quad-dinner\/#primaryimage"},"thumbnailUrl":"https:\/\/thingstodoinmarrakech.ma\/wp-content\/uploads\/2025\/06\/Agafay-Day-Pass-Quad-Diner-Transportation.png","datePublished":"2025-06-30T20:39:11+00:00","dateModified":"2025-07-01T21:00:58+00:00","description":"R\u00e9servez votre carte d'une journ\u00e9e \u00e0 Agafay pour faire du quad, d\u00eener dans le d\u00e9sert et transfert aller-retour \u00e0 Marrakech. L'aventure et l'exp\u00e9rience gastronomique parfaites","breadcrumb":{"@id":"https:\/\/thingstodoinmarrakech.ma\/product\/agafay-day-pass-quad-dinner\/#breadcrumb"},"inLanguage":"fr-FR","potentialAction":[{"@type":"ReadAction","target":["https:\/\/thingstodoinmarrakech.ma\/product\/agafay-day-pass-quad-dinner\/"]}]},{"@type":"ImageObject","inLanguage":"fr-FR","@id":"https:\/\/thingstodoinmarrakech.ma\/product\/agafay-day-pass-quad-dinner\/#primaryimage","url":"https:\/\/thingstodoinmarrakech.ma\/wp-content\/uploads\/2025\/06\/Agafay-Day-Pass-Quad-Diner-Transportation.png","contentUrl":"https:\/\/thingstodoinmarrakech.ma\/wp-content\/uploads\/2025\/06\/Agafay-Day-Pass-Quad-Diner-Transportation.png","width":670,"height":447,"caption":"Guests riding quad bikes in the Agafay Desert at sunset, followed by a Moroccan dinner at a lantern-lit desert camp"},{"@type":"BreadcrumbList","@id":"https:\/\/thingstodoinmarrakech.ma\/product\/agafay-day-pass-quad-dinner\/#breadcrumb","itemListElement":[{"@type":"ListItem","position":1,"name":"Home","item":"https:\/\/thingstodoinmarrakech.ma\/"},{"@type":"ListItem","position":2,"name":"Shop","item":"https:\/\/thingstodoinmarrakech.ma\/shop\/"},{"@type":"ListItem","position":3,"name":"Agafay Day Pass: Quad, Pool access, dinner &#038; Transportation"}]},{"@type":"WebSite","@id":"https:\/\/thingstodoinmarrakech.ma\/#website","url":"https:\/\/thingstodoinmarrakech.ma\/","name":"Choses \u00e0 faire \u00e0 Marrakech","description":"Votre voyage commence ici","potentialAction":[{"@type":"SearchAction","target":{"@type":"EntryPoint","urlTemplate":"https:\/\/thingstodoinmarrakech.ma\/?s={search_term_string}"},"query-input":{"@type":"PropertyValueSpecification","valueRequired":true,"valueName":"search_term_string"}}],"inLanguage":"fr-FR"}]},"product_price_amount":"140.00","product_price_currency":"EUR","og_availability":"instock","product_availability":"instock","product_condition":"new"},"_links":{"self":[{"href":"https:\/\/thingstodoinmarrakech.ma\/fr\/wp-json\/wp\/v2\/product\/9624","targetHints":{"allow":["GET"]}}],"collection":[{"href":"https:\/\/thingstodoinmarrakech.ma\/fr\/wp-json\/wp\/v2\/product"}],"about":[{"href":"https:\/\/thingstodoinmarrakech.ma\/fr\/wp-json\/wp\/v2\/types\/product"}],"replies":[{"embeddable":true,"href":"https:\/\/thingstodoinmarrakech.ma\/fr\/wp-json\/wp\/v2\/comments?post=9624"}],"wp:featuredmedia":[{"embeddable":true,"href":"https:\/\/thingstodoinmarrakech.ma\/fr\/wp-json\/wp\/v2\/media\/9625"}],"wp:attachment":[{"href":"https:\/\/thingstodoinmarrakech.ma\/fr\/wp-json\/wp\/v2\/media?parent=9624"}],"wp:term":[{"taxonomy":"product_brand","embeddable":true,"href":"https:\/\/thingstodoinmarrakech.ma\/fr\/wp-json\/wp\/v2\/product_brand?post=9624"},{"taxonomy":"product_cat","embeddable":true,"href":"https:\/\/thingstodoinmarrakech.ma\/fr\/wp-json\/wp\/v2\/product_cat?post=9624"},{"taxonomy":"product_tag","embeddable":true,"href":"https:\/\/thingstodoinmarrakech.ma\/fr\/wp-json\/wp\/v2\/product_tag?post=9624"}],"curies":[{"name":"wp","href":"https:\/\/api.w.org\/{rel}","templated":true}]}}