{"id":9617,"date":"2025-06-29T21:17:38","date_gmt":"2025-06-29T21:17:38","guid":{"rendered":"https:\/\/thingstodoinmarrakech.ma\/?post_type=product&#038;p=9617"},"modified":"2025-07-07T01:03:45","modified_gmt":"2025-07-07T01:03:45","slug":"carte-journaliere-acces-a-la-piscine-quadruple-dejeuner","status":"publish","type":"product","link":"https:\/\/thingstodoinmarrakech.ma\/fr\/product\/carte-journaliere-acces-a-la-piscine-quadruple-dejeuner\/","title":{"rendered":"Day Pass Agafay : Quad, acc\u00e8s \u00e0 la piscine, d\u00e9jeuner et transport"},"content":{"rendered":"<p>&nbsp;<\/p>\n<p data-start=\"617\" data-end=\"994\">Profitez au maximum de votre journ\u00e9e dans le d\u00e9sert d'Agafay gr\u00e2ce \u00e0 notre carte journali\u00e8re tout-en-un !<br data-start=\"709\" data-end=\"712\" \/>Ce forfait combine action, d\u00e9tente et bonne cuisine : commencez par un tour en quad palpitant, profitez d'un acc\u00e8s complet \u00e0 une belle piscine et faites le plein d'\u00e9nergie avec un d\u00e9licieux d\u00e9jeuner. Le transport aller-retour depuis Marrakech est inclus, ce qui vous permet de profiter pleinement de l'exp\u00e9rience, sans planification ni stress.<\/p>\n<p data-start=\"996\" data-end=\"1138\">Il est parfait pour les couples, les amis, les familles ou toute personne souhaitant vivre une v\u00e9ritable aventure \u00e0 Agafay sans avoir \u00e0 tout organiser s\u00e9par\u00e9ment.<\/p>\n<p data-start=\"1678\" data-end=\"1703\"><strong data-start=\"1678\" data-end=\"1701\">Horaire et dur\u00e9e :<\/strong><\/p>\n<ul data-start=\"1704\" data-end=\"1916\">\n<li data-start=\"1704\" data-end=\"1739\">\n<p data-start=\"1706\" data-end=\"1739\">D\u00e9parts quotidiens de Marrakech<\/p>\n<\/li>\n<li data-start=\"1740\" data-end=\"1790\">\n<p data-start=\"1742\" data-end=\"1790\">Heure de d\u00e9but : flexible (g\u00e9n\u00e9ralement le matin)<\/p>\n<\/li>\n<li data-start=\"1791\" data-end=\"1876\">\n<p data-start=\"1793\" data-end=\"1876\">Dur\u00e9e : environ 6-7 heures (circuit en quad, piscine, d\u00e9jeuner et transfert inclus)<\/p>\n<\/li>\n<li data-start=\"1877\" data-end=\"1916\">\n<p data-start=\"1879\" data-end=\"1916\">L'horaire exact est fourni apr\u00e8s la r\u00e9servation.<\/p>\n<\/li>\n<\/ul>\n<p data-start=\"1918\" data-end=\"1940\"><strong data-start=\"1918\" data-end=\"1938\">\u00c0 qui cela s'adresse-t-il ?<\/strong><\/p>\n<ul data-start=\"1941\" data-end=\"2151\">\n<li data-start=\"1941\" data-end=\"2009\">\n<p data-start=\"1943\" data-end=\"2009\">Convient \u00e0 tous les \u00e2ges (les enfants doivent \u00eatre accompagn\u00e9s d'un adulte)<\/p>\n<\/li>\n<li data-start=\"2010\" data-end=\"2081\">\n<p data-start=\"2012\" data-end=\"2081\">Parfait pour les couples, les familles, les groupes d'amis ou les voyageurs solitaires.<\/p>\n<\/li>\n<li data-start=\"2082\" data-end=\"2151\">\n<p data-start=\"2084\" data-end=\"2151\">Aucune exp\u00e9rience pr\u00e9alable du quad n'est requise - toutes les instructions sont fournies.<\/p>\n<\/li>\n<\/ul>\n<p data-start=\"2153\" data-end=\"2173\"><strong data-start=\"2153\" data-end=\"2171\">Ce qu'il faut apporter :<\/strong><\/p>\n<ul data-start=\"2174\" data-end=\"2367\">\n<li data-start=\"2174\" data-end=\"2222\">\n<p data-start=\"2176\" data-end=\"2222\">Maillot de bain, serviette et tongs pour la piscine<\/p>\n<\/li>\n<li data-start=\"2223\" data-end=\"2274\">\n<p data-start=\"2225\" data-end=\"2274\">V\u00eatements et chaussures confortables pour l'excursion en quad<\/p>\n<\/li>\n<li data-start=\"2275\" data-end=\"2305\">\n<p data-start=\"2277\" data-end=\"2305\">Lunettes de soleil, cr\u00e8me solaire, chapeau<\/p>\n<\/li>\n<li data-start=\"2306\" data-end=\"2336\">\n<p data-start=\"2308\" data-end=\"2336\">Appareil photo ou t\u00e9l\u00e9phone pour les photos<\/p>\n<\/li>\n<li data-start=\"2337\" data-end=\"2367\">\n<p data-start=\"2339\" data-end=\"2367\">V\u00eatements de rechange (facultatif)<\/p>\n<\/li>\n<\/ul>\n<p data-start=\"2369\" data-end=\"2480\"><strong data-start=\"2369\" data-end=\"2387\">Point de rencontre :<\/strong><br data-start=\"2387\" data-end=\"2390\" \/>Prise en charge et retour \u00e0 l'h\u00f4tel, au riad ou \u00e0 la r\u00e9sidence de Marrakech (ajouter les d\u00e9tails au moment du d\u00e9part)<\/p>\n<p data-start=\"2482\" data-end=\"2501\"><strong data-start=\"2482\" data-end=\"2499\">Bon \u00e0 savoir :<\/strong><\/p>\n<ul data-start=\"2502\" data-end=\"2707\">\n<li data-start=\"2502\" data-end=\"2579\">\n<p data-start=\"2504\" data-end=\"2579\">Les conducteurs de quad doivent avoir l'\u00e2ge minimum requis (\u00e0 v\u00e9rifier lors de la r\u00e9servation).<\/p>\n<\/li>\n<li data-start=\"2580\" data-end=\"2656\">\n<p data-start=\"2582\" data-end=\"2656\">Les demandes v\u00e9g\u00e9tariennes et di\u00e9t\u00e9tiques peuvent \u00eatre satisfaites (\u00e0 mentionner lors de la r\u00e9servation).<\/p>\n<\/li>\n<li data-start=\"2657\" data-end=\"2707\">\n<p data-start=\"2659\" data-end=\"2707\">La carte journali\u00e8re fonctionne dans la plupart des conditions m\u00e9t\u00e9orologiques<\/p>\n<\/li>\n<\/ul>\n<p data-start=\"2709\" data-end=\"2736\"><strong data-start=\"2709\" data-end=\"2734\">Instructions pour la r\u00e9servation :<\/strong><\/p>\n<ul data-start=\"2737\" data-end=\"2893\">\n<li data-start=\"2737\" data-end=\"2774\">\n<p data-start=\"2739\" data-end=\"2774\">S\u00e9lectionnez le nombre de participants<\/p>\n<\/li>\n<li data-start=\"2775\" data-end=\"2893\">\n<p data-start=\"2777\" data-end=\"2893\">Veuillez indiquer votre num\u00e9ro WhatsApp complet avec l'indicatif du pays et votre h\u00f4tel ou r\u00e9sidence pour faciliter la coordination de la prise en charge.<\/p>\n<\/li>\n<\/ul>\n<p><strong data-start=\"3486\" data-end=\"3504\">Informations sur le paiement :<\/strong><br data-start=\"3504\" data-end=\"3507\" \/>Veuillez indiquer votre num\u00e9ro WhatsApp complet avec l'indicatif du pays et votre h\u00f4tel ou r\u00e9sidence pour faciliter la prise en charge.<\/p>","protected":false},"excerpt":{"rendered":"<p>Profitez d'une exp\u00e9rience compl\u00e8te dans le d\u00e9sert d'Agafay en une journ\u00e9e : aventure en quad, acc\u00e8s \u00e0 la piscine, d\u00e9licieux d\u00e9jeuner et transferts aller-retour depuis Marrakech, le tout dans une formule pratique.<\/p>","protected":false},"featured_media":9618,"comment_status":"open","ping_status":"closed","template":"","meta":[],"product_brand":[],"product_cat":[57],"product_tag":[66,78,65,75,80,74,79,68],"class_list":{"0":"post-9617","1":"product","2":"type-product","3":"status-publish","4":"has-post-thumbnail","6":"brw_tour_types-day-passes","7":"product_cat-day-passes","8":"product_tag-adventure","9":"product_tag-agafay-day-pass","10":"product_tag-family-friendly","11":"product_tag-group","12":"product_tag-lunch","13":"product_tag-marrakech","14":"product_tag-pool-access","15":"product_tag-quad-biking","17":"first","18":"instock","19":"sale","20":"featured","21":"shipping-taxable","22":"purchasable","23":"product-type-ovabrw_car_rental"},"yoast_head":"<!-- This site is optimized with the Yoast SEO Premium plugin v25.3.1 (Yoast SEO v27.2) - https:\/\/yoast.com\/product\/yoast-seo-premium-wordpress\/ -->\n<title>Agafay Day Pass: Quad, Pool, Lunch &amp; Transfers | Book Now<\/title>\n<meta name=\"description\" content=\"Book your Agafay Day Pass for quad adventure, pool access, lunch, and round-trip Marrakech transfers. The complete Agafay experience\u2014one day, all included.\" \/>\n<meta name=\"robots\" content=\"index, follow, max-snippet:-1, max-image-preview:large, max-video-preview:-1\" \/>\n<link rel=\"canonical\" href=\"https:\/\/thingstodoinmarrakech.ma\/fr\/product\/carte-journaliere-acces-a-la-piscine-quadruple-dejeuner\/\" \/>\n<meta property=\"og:locale\" content=\"fr_FR\" \/>\n<meta property=\"og:type\" content=\"article\" \/>\n<meta property=\"og:title\" content=\"Agafay Day Pass: Quad, Pool Access, Lunch &amp; Transportation\" \/>\n<meta property=\"og:description\" content=\"Book your Agafay Day Pass for quad adventure, pool access, lunch, and round-trip Marrakech transfers. The complete Agafay experience\u2014one day, all included.\" \/>\n<meta property=\"og:url\" content=\"https:\/\/thingstodoinmarrakech.ma\/fr\/product\/carte-journaliere-acces-a-la-piscine-quadruple-dejeuner\/\" \/>\n<meta property=\"og:site_name\" content=\"Things To Do In Marrakech\" \/>\n<meta property=\"article:modified_time\" content=\"2025-07-07T01:03:45+00:00\" \/>\n<meta property=\"og:image\" content=\"https:\/\/thingstodoinmarrakech.ma\/wp-content\/uploads\/2025\/06\/Agafay-Day-Pass-Quad-Pool-Access-Lunch-Transportation.png\" \/>\n\t<meta property=\"og:image:width\" content=\"670\" \/>\n\t<meta property=\"og:image:height\" content=\"447\" \/>\n\t<meta property=\"og:image:type\" content=\"image\/png\" \/>\n<meta name=\"twitter:card\" content=\"summary_large_image\" \/>\n<meta name=\"twitter:label1\" content=\"Prix\" \/>\n\t<meta name=\"twitter:data1\" content=\"&euro;130,00\" \/>\n\t<meta name=\"twitter:label2\" content=\"Disponibilit\u00e9\" \/>\n\t<meta name=\"twitter:data2\" content=\"En stock\" \/>\n<script type=\"application\/ld+json\" class=\"yoast-schema-graph\">{\"@context\":\"https:\/\/schema.org\",\"@graph\":[{\"@type\":\"WebPage\",\"@id\":\"https:\/\/thingstodoinmarrakech.ma\/product\/day-pass-quad-pool-access-lunch\/\",\"url\":\"https:\/\/thingstodoinmarrakech.ma\/product\/day-pass-quad-pool-access-lunch\/\",\"name\":\"Agafay Day Pass: Quad, Pool, Lunch & Transfers | Book Now\",\"isPartOf\":{\"@id\":\"https:\/\/thingstodoinmarrakech.ma\/#website\"},\"primaryImageOfPage\":{\"@id\":\"https:\/\/thingstodoinmarrakech.ma\/product\/day-pass-quad-pool-access-lunch\/#primaryimage\"},\"image\":{\"@id\":\"https:\/\/thingstodoinmarrakech.ma\/product\/day-pass-quad-pool-access-lunch\/#primaryimage\"},\"thumbnailUrl\":\"https:\/\/thingstodoinmarrakech.ma\/wp-content\/uploads\/2025\/06\/Agafay-Day-Pass-Quad-Pool-Access-Lunch-Transportation.png\",\"datePublished\":\"2025-06-29T21:17:38+00:00\",\"dateModified\":\"2025-07-07T01:03:45+00:00\",\"description\":\"Book your Agafay Day Pass for quad adventure, pool access, lunch, and round-trip Marrakech transfers. The complete Agafay experience\u2014one day, all included.\",\"breadcrumb\":{\"@id\":\"https:\/\/thingstodoinmarrakech.ma\/product\/day-pass-quad-pool-access-lunch\/#breadcrumb\"},\"inLanguage\":\"fr-FR\",\"potentialAction\":[{\"@type\":\"ReadAction\",\"target\":[\"https:\/\/thingstodoinmarrakech.ma\/product\/day-pass-quad-pool-access-lunch\/\"]}]},{\"@type\":\"ImageObject\",\"inLanguage\":\"fr-FR\",\"@id\":\"https:\/\/thingstodoinmarrakech.ma\/product\/day-pass-quad-pool-access-lunch\/#primaryimage\",\"url\":\"https:\/\/thingstodoinmarrakech.ma\/wp-content\/uploads\/2025\/06\/Agafay-Day-Pass-Quad-Pool-Access-Lunch-Transportation.png\",\"contentUrl\":\"https:\/\/thingstodoinmarrakech.ma\/wp-content\/uploads\/2025\/06\/Agafay-Day-Pass-Quad-Pool-Access-Lunch-Transportation.png\",\"width\":670,\"height\":447,\"caption\":\"Guests riding quad bikes in the Agafay Desert, relaxing by a pool, and enjoying a Moroccan lunch with Atlas Mountains in the background\"},{\"@type\":\"BreadcrumbList\",\"@id\":\"https:\/\/thingstodoinmarrakech.ma\/product\/day-pass-quad-pool-access-lunch\/#breadcrumb\",\"itemListElement\":[{\"@type\":\"ListItem\",\"position\":1,\"name\":\"Home\",\"item\":\"https:\/\/thingstodoinmarrakech.ma\/\"},{\"@type\":\"ListItem\",\"position\":2,\"name\":\"Shop\",\"item\":\"https:\/\/thingstodoinmarrakech.ma\/shop\/\"},{\"@type\":\"ListItem\",\"position\":3,\"name\":\"Agafay Day Pass: Quad, Pool Access, Lunch &#038; Transportation\"}]},{\"@type\":\"WebSite\",\"@id\":\"https:\/\/thingstodoinmarrakech.ma\/#website\",\"url\":\"https:\/\/thingstodoinmarrakech.ma\/\",\"name\":\"Things To Do In Marrakech\",\"description\":\"Your journey starts here\",\"potentialAction\":[{\"@type\":\"SearchAction\",\"target\":{\"@type\":\"EntryPoint\",\"urlTemplate\":\"https:\/\/thingstodoinmarrakech.ma\/?s={search_term_string}\"},\"query-input\":{\"@type\":\"PropertyValueSpecification\",\"valueRequired\":true,\"valueName\":\"search_term_string\"}}],\"inLanguage\":\"fr-FR\"}]}<\/script>\n<meta property=\"product:price:amount\" content=\"130.00\" \/>\n<meta property=\"product:price:currency\" content=\"EUR\" \/>\n<meta property=\"og:availability\" content=\"instock\" \/>\n<meta property=\"product:availability\" content=\"instock\" \/>\n<meta property=\"product:condition\" content=\"new\" \/>\n<!-- \/ Yoast SEO Premium plugin. -->","yoast_head_json":{"title":"Carte journali\u00e8re Agafay : Quad, piscine, d\u00e9jeuner et transferts | R\u00e9server maintenant","description":"R\u00e9servez votre carte journali\u00e8re Agafay pour l'aventure en quad, l'acc\u00e8s \u00e0 la piscine, le d\u00e9jeuner et les transferts aller-retour \u00e0 Marrakech. L'exp\u00e9rience compl\u00e8te d'Agafay - une journ\u00e9e, tout compris.","robots":{"index":"index","follow":"follow","max-snippet":"max-snippet:-1","max-image-preview":"max-image-preview:large","max-video-preview":"max-video-preview:-1"},"canonical":"https:\/\/thingstodoinmarrakech.ma\/fr\/product\/carte-journaliere-acces-a-la-piscine-quadruple-dejeuner\/","og_locale":"fr_FR","og_type":"article","og_title":"Agafay Day Pass: Quad, Pool Access, Lunch & Transportation","og_description":"Book your Agafay Day Pass for quad adventure, pool access, lunch, and round-trip Marrakech transfers. The complete Agafay experience\u2014one day, all included.","og_url":"https:\/\/thingstodoinmarrakech.ma\/fr\/product\/carte-journaliere-acces-a-la-piscine-quadruple-dejeuner\/","og_site_name":"Things To Do In Marrakech","article_modified_time":"2025-07-07T01:03:45+00:00","og_image":[{"width":670,"height":447,"url":"https:\/\/thingstodoinmarrakech.ma\/wp-content\/uploads\/2025\/06\/Agafay-Day-Pass-Quad-Pool-Access-Lunch-Transportation.png","type":"image\/png"}],"twitter_card":"summary_large_image","twitter_misc":{"Prix":"&euro;130,00","Disponibilit\u00e9":"En stock"},"schema":{"@context":"https:\/\/schema.org","@graph":[{"@type":"WebPage","@id":"https:\/\/thingstodoinmarrakech.ma\/product\/day-pass-quad-pool-access-lunch\/","url":"https:\/\/thingstodoinmarrakech.ma\/product\/day-pass-quad-pool-access-lunch\/","name":"Carte journali\u00e8re Agafay : Quad, piscine, d\u00e9jeuner et transferts | R\u00e9server maintenant","isPartOf":{"@id":"https:\/\/thingstodoinmarrakech.ma\/#website"},"primaryImageOfPage":{"@id":"https:\/\/thingstodoinmarrakech.ma\/product\/day-pass-quad-pool-access-lunch\/#primaryimage"},"image":{"@id":"https:\/\/thingstodoinmarrakech.ma\/product\/day-pass-quad-pool-access-lunch\/#primaryimage"},"thumbnailUrl":"https:\/\/thingstodoinmarrakech.ma\/wp-content\/uploads\/2025\/06\/Agafay-Day-Pass-Quad-Pool-Access-Lunch-Transportation.png","datePublished":"2025-06-29T21:17:38+00:00","dateModified":"2025-07-07T01:03:45+00:00","description":"R\u00e9servez votre carte journali\u00e8re Agafay pour l'aventure en quad, l'acc\u00e8s \u00e0 la piscine, le d\u00e9jeuner et les transferts aller-retour \u00e0 Marrakech. L'exp\u00e9rience compl\u00e8te d'Agafay - une journ\u00e9e, tout compris.","breadcrumb":{"@id":"https:\/\/thingstodoinmarrakech.ma\/product\/day-pass-quad-pool-access-lunch\/#breadcrumb"},"inLanguage":"fr-FR","potentialAction":[{"@type":"ReadAction","target":["https:\/\/thingstodoinmarrakech.ma\/product\/day-pass-quad-pool-access-lunch\/"]}]},{"@type":"ImageObject","inLanguage":"fr-FR","@id":"https:\/\/thingstodoinmarrakech.ma\/product\/day-pass-quad-pool-access-lunch\/#primaryimage","url":"https:\/\/thingstodoinmarrakech.ma\/wp-content\/uploads\/2025\/06\/Agafay-Day-Pass-Quad-Pool-Access-Lunch-Transportation.png","contentUrl":"https:\/\/thingstodoinmarrakech.ma\/wp-content\/uploads\/2025\/06\/Agafay-Day-Pass-Quad-Pool-Access-Lunch-Transportation.png","width":670,"height":447,"caption":"Guests riding quad bikes in the Agafay Desert, relaxing by a pool, and enjoying a Moroccan lunch with Atlas Mountains in the background"},{"@type":"BreadcrumbList","@id":"https:\/\/thingstodoinmarrakech.ma\/product\/day-pass-quad-pool-access-lunch\/#breadcrumb","itemListElement":[{"@type":"ListItem","position":1,"name":"Home","item":"https:\/\/thingstodoinmarrakech.ma\/"},{"@type":"ListItem","position":2,"name":"Shop","item":"https:\/\/thingstodoinmarrakech.ma\/shop\/"},{"@type":"ListItem","position":3,"name":"Agafay Day Pass: Quad, Pool Access, Lunch &#038; Transportation"}]},{"@type":"WebSite","@id":"https:\/\/thingstodoinmarrakech.ma\/#website","url":"https:\/\/thingstodoinmarrakech.ma\/","name":"Choses \u00e0 faire \u00e0 Marrakech","description":"Votre voyage commence ici","potentialAction":[{"@type":"SearchAction","target":{"@type":"EntryPoint","urlTemplate":"https:\/\/thingstodoinmarrakech.ma\/?s={search_term_string}"},"query-input":{"@type":"PropertyValueSpecification","valueRequired":true,"valueName":"search_term_string"}}],"inLanguage":"fr-FR"}]},"product_price_amount":"130.00","product_price_currency":"EUR","og_availability":"instock","product_availability":"instock","product_condition":"new"},"_links":{"self":[{"href":"https:\/\/thingstodoinmarrakech.ma\/fr\/wp-json\/wp\/v2\/product\/9617","targetHints":{"allow":["GET"]}}],"collection":[{"href":"https:\/\/thingstodoinmarrakech.ma\/fr\/wp-json\/wp\/v2\/product"}],"about":[{"href":"https:\/\/thingstodoinmarrakech.ma\/fr\/wp-json\/wp\/v2\/types\/product"}],"replies":[{"embeddable":true,"href":"https:\/\/thingstodoinmarrakech.ma\/fr\/wp-json\/wp\/v2\/comments?post=9617"}],"wp:featuredmedia":[{"embeddable":true,"href":"https:\/\/thingstodoinmarrakech.ma\/fr\/wp-json\/wp\/v2\/media\/9618"}],"wp:attachment":[{"href":"https:\/\/thingstodoinmarrakech.ma\/fr\/wp-json\/wp\/v2\/media?parent=9617"}],"wp:term":[{"taxonomy":"product_brand","embeddable":true,"href":"https:\/\/thingstodoinmarrakech.ma\/fr\/wp-json\/wp\/v2\/product_brand?post=9617"},{"taxonomy":"product_cat","embeddable":true,"href":"https:\/\/thingstodoinmarrakech.ma\/fr\/wp-json\/wp\/v2\/product_cat?post=9617"},{"taxonomy":"product_tag","embeddable":true,"href":"https:\/\/thingstodoinmarrakech.ma\/fr\/wp-json\/wp\/v2\/product_tag?post=9617"}],"curies":[{"name":"wp","href":"https:\/\/api.w.org\/{rel}","templated":true}]}}