{"id":9615,"date":"2025-06-29T20:14:51","date_gmt":"2025-06-29T20:14:51","guid":{"rendered":"https:\/\/thingstodoinmarrakech.ma\/?post_type=product&#038;p=9615"},"modified":"2025-07-01T19:27:58","modified_gmt":"2025-07-01T19:27:58","slug":"buggy-500cc-agafay","status":"publish","type":"product","link":"https:\/\/thingstodoinmarrakech.ma\/fr\/product\/buggy-500cc-agafay\/","title":{"rendered":"Buggy 500cc Adventure Tour In Agafay (2 pax minimum) &amp; Transportation"},"content":{"rendered":"<p>&nbsp;<\/p>\n<p data-start=\"673\" data-end=\"1114\">Pr\u00e9parez-vous \u00e0 l'excitation avec notre <strong data-start=\"723\" data-end=\"763\">Circuit d'aventure en buggy 500cc \u00e0 Agafay<\/strong>. Parfait pour les amis, les couples et les familles, ce circuit vous permet de d\u00e9couvrir le d\u00e9sert rocailleux du Maroc de pr\u00e8s et \u00e0 votre rythme.<br data-start=\"892\" data-end=\"895\" \/>Apr\u00e8s une prise en charge pratique \u00e0 votre h\u00f4tel ou riad \u00e0 Marrakech, vous rencontrerez votre guide et recevrez un bref briefing sur la s\u00e9curit\u00e9. Aucune exp\u00e9rience n'est n\u00e9cessaire : votre guide vous apprendra tout ce que vous devez savoir avant de partir.<\/p>\n<p data-start=\"1116\" data-end=\"1342\">Montez \u00e0 bord de votre buggy biplace de 500 cm3 et partez \u00e0 travers les paysages spectaculaires d'Agafay. Vous emprunterez des sentiers sinueux, passerez devant des collines rocheuses et vous arr\u00eaterez dans des endroits pittoresques pour prendre des photos et faire une pause th\u00e9 rafra\u00eechissante dans un camp du d\u00e9sert.<\/p>\n<p data-start=\"1824\" data-end=\"1975\"><strong data-start=\"1824\" data-end=\"1839\">Horaires de visite :<\/strong><br data-start=\"1839\" data-end=\"1842\" \/>Disponible tous les jours \u00e0 9h00, 11h00, 14h00, 16h00 et 18h00.<br data-start=\"1897\" data-end=\"1900\" \/><em data-start=\"1900\" data-end=\"1975\">Les excursions au coucher du soleil et dans l'apr\u00e8s-midi offrent une belle lumi\u00e8re et des temp\u00e9ratures plus fra\u00eeches.<\/em><\/p>\n<p data-start=\"1977\" data-end=\"1999\"><strong data-start=\"1977\" data-end=\"1997\">\u00c0 qui cela s'adresse-t-il ?<\/strong><\/p>\n<ul data-start=\"2000\" data-end=\"2172\">\n<li data-start=\"2000\" data-end=\"2066\">\n<p data-start=\"2002\" data-end=\"2066\">Convient aux adultes et aux enfants plus \u00e2g\u00e9s (un \u00e2ge minimum peut \u00eatre requis)<\/p>\n<\/li>\n<li data-start=\"2067\" data-end=\"2140\">\n<p data-start=\"2069\" data-end=\"2140\">Id\u00e9al pour les couples, les amis ou les familles - deux personnes par buggy sont n\u00e9cessaires.<\/p>\n<\/li>\n<li data-start=\"2141\" data-end=\"2172\">\n<p data-start=\"2143\" data-end=\"2172\">Aucune exp\u00e9rience pr\u00e9alable n'est n\u00e9cessaire<\/p>\n<\/li>\n<\/ul>\n<p data-start=\"2174\" data-end=\"2194\"><strong data-start=\"2174\" data-end=\"2192\">Ce qu'il faut apporter :<\/strong><\/p>\n<ul data-start=\"2195\" data-end=\"2308\">\n<li data-start=\"2195\" data-end=\"2239\">\n<p data-start=\"2197\" data-end=\"2239\">V\u00eatements confortables et chaussures ferm\u00e9es<\/p>\n<\/li>\n<li data-start=\"2240\" data-end=\"2273\">\n<p data-start=\"2242\" data-end=\"2273\">Lunettes de soleil, cr\u00e8me solaire, appareil photo<\/p>\n<\/li>\n<li data-start=\"2274\" data-end=\"2308\">\n<p data-start=\"2276\" data-end=\"2308\">Veste l\u00e9g\u00e8re pour les soir\u00e9es plus fra\u00eeches<\/p>\n<\/li>\n<\/ul>\n<p data-start=\"2310\" data-end=\"2361\"><strong data-start=\"2310\" data-end=\"2323\">Dur\u00e9e de l'enqu\u00eate :<\/strong><br data-start=\"2323\" data-end=\"2326\" \/>Environ 3 heures (transferts compris)<\/p>\n<p data-start=\"2363\" data-end=\"2474\"><strong data-start=\"2363\" data-end=\"2381\">Point de rencontre :<\/strong><br data-start=\"2381\" data-end=\"2384\" \/>Prise en charge et retour \u00e0 l'h\u00f4tel, au riad ou \u00e0 la r\u00e9sidence de Marrakech (ajouter les d\u00e9tails au moment du d\u00e9part)<\/p>\n<p data-start=\"2476\" data-end=\"2495\"><strong data-start=\"2476\" data-end=\"2493\">Bon \u00e0 savoir :<\/strong><\/p>\n<ul data-start=\"2496\" data-end=\"2758\">\n<li data-start=\"2496\" data-end=\"2578\">\n<p data-start=\"2498\" data-end=\"2578\">Chaque buggy peut accueillir deux personnes (un conducteur, un passager ; vous pouvez changer de place pendant le trajet).<\/p>\n<\/li>\n<li data-start=\"2579\" data-end=\"2628\">\n<p data-start=\"2581\" data-end=\"2628\">Il faut avoir l'\u00e2ge l\u00e9gal pour conduire le buggy.<\/p>\n<\/li>\n<li data-start=\"2629\" data-end=\"2719\">\n<p data-start=\"2631\" data-end=\"2719\">Les passagers doivent r\u00e9server en tant qu'\"enfants\" m\u00eame s'ils sont adultes (voir les instructions de r\u00e9servation ci-dessous).<\/p>\n<\/li>\n<li data-start=\"2720\" data-end=\"2758\">\n<p data-start=\"2722\" data-end=\"2758\">Les visites se d\u00e9roulent dans la plupart des conditions m\u00e9t\u00e9orologiques<\/p>\n<\/li>\n<\/ul>\n<p data-start=\"2760\" data-end=\"2787\"><strong data-start=\"2760\" data-end=\"2785\">Instructions pour la r\u00e9servation :<\/strong><\/p>\n<ul data-start=\"2788\" data-end=\"2984\">\n<li data-start=\"2788\" data-end=\"2843\">\n<p data-start=\"2790\" data-end=\"2843\"><strong data-start=\"2790\" data-end=\"2841\">R\u00e9servez comme \"adulte\" si vous voulez conduire le buggy.<\/strong><\/p>\n<\/li>\n<li data-start=\"2844\" data-end=\"2927\">\n<p data-start=\"2846\" data-end=\"2927\"><strong data-start=\"2846\" data-end=\"2925\">R\u00e9servez comme \"Enfants\" si vous souhaitez voyager en tant que passager, m\u00eame si vous \u00eates adulte.<\/strong><\/p>\n<\/li>\n<li data-start=\"2928\" data-end=\"2984\">\n<p data-start=\"2930\" data-end=\"2984\"><em data-start=\"2930\" data-end=\"2984\">Un minimum de deux participants par buggy est requis.<\/em><\/p>\n<\/li>\n<\/ul>\n<p><strong data-start=\"3486\" data-end=\"3504\">Informations sur le paiement :<\/strong><br data-start=\"3504\" data-end=\"3507\" \/>Veuillez indiquer votre num\u00e9ro WhatsApp complet avec l'indicatif du pays et votre h\u00f4tel ou r\u00e9sidence pour faciliter la prise en charge.<\/p>","protected":false},"excerpt":{"rendered":"<p>Explorez le d\u00e9sert d'Agafay au cours d'une aventure en quad palpitante. R\u00e9servez en tant qu'\"adulte\" pour conduire votre propre quad, ou en tant qu'\"enfant\" si vous souhaitez vous joindre \u00e0 nous en tant que passager, m\u00eame si vous \u00eates adulte.<\/p>","protected":false},"featured_media":9616,"comment_status":"open","ping_status":"closed","template":"","meta":[],"product_brand":[],"product_cat":[56],"product_tag":[77,71,66,63,73,75,74],"class_list":{"0":"post-9615","1":"product","2":"type-product","3":"status-publish","4":"has-post-thumbnail","6":"brw_tour_types-activities","7":"product_cat-activities","8":"product_tag-500cc","9":"product_tag-adrenaline","10":"product_tag-adventure","11":"product_tag-agafay-desert","12":"product_tag-buggy-tour","13":"product_tag-group","14":"product_tag-marrakech","16":"first","17":"instock","18":"sale","19":"featured","20":"shipping-taxable","21":"purchasable","22":"product-type-ovabrw_car_rental"},"yoast_head":"<!-- This site is optimized with the Yoast SEO Premium plugin v25.3.1 (Yoast SEO v27.2) - https:\/\/yoast.com\/product\/yoast-seo-premium-wordpress\/ -->\n<title>Buggy 500cc Adventure Tour In Agafay | Book Agafay Buggy Tour<\/title>\n<meta name=\"description\" content=\"Book your 1000cc buggy adventure in the Agafay Desert. Guided tours, transfers, and all equipment included\u2014explore Morocco\u2019s wild side with a friend .\" \/>\n<meta name=\"robots\" content=\"index, follow, max-snippet:-1, max-image-preview:large, max-video-preview:-1\" \/>\n<link rel=\"canonical\" href=\"https:\/\/thingstodoinmarrakech.ma\/fr\/product\/buggy-500cc-agafay\/\" \/>\n<meta property=\"og:locale\" content=\"fr_FR\" \/>\n<meta property=\"og:type\" content=\"article\" \/>\n<meta property=\"og:title\" content=\"Buggy 500cc Adventure Tour In Agafay (2 pax minimum) &amp; Transportation\" \/>\n<meta property=\"og:description\" content=\"Book your 1000cc buggy adventure in the Agafay Desert. Guided tours, transfers, and all equipment included\u2014explore Morocco\u2019s wild side with a friend .\" \/>\n<meta property=\"og:url\" content=\"https:\/\/thingstodoinmarrakech.ma\/fr\/product\/buggy-500cc-agafay\/\" \/>\n<meta property=\"og:site_name\" content=\"Things To Do In Marrakech\" \/>\n<meta property=\"article:modified_time\" content=\"2025-07-01T19:27:58+00:00\" \/>\n<meta property=\"og:image\" content=\"https:\/\/thingstodoinmarrakech.ma\/wp-content\/uploads\/2025\/06\/Buggy-500cc-Adventure-Tour-In-Agafay.jpg\" \/>\n\t<meta property=\"og:image:width\" content=\"600\" \/>\n\t<meta property=\"og:image:height\" content=\"540\" \/>\n\t<meta property=\"og:image:type\" content=\"image\/jpeg\" \/>\n<meta name=\"twitter:card\" content=\"summary_large_image\" \/>\n<meta name=\"twitter:label1\" content=\"Prix\" \/>\n\t<meta name=\"twitter:data1\" content=\"&euro;75,00\" \/>\n\t<meta name=\"twitter:label2\" content=\"Disponibilit\u00e9\" \/>\n\t<meta name=\"twitter:data2\" content=\"En stock\" \/>\n<script type=\"application\/ld+json\" class=\"yoast-schema-graph\">{\"@context\":\"https:\/\/schema.org\",\"@graph\":[{\"@type\":\"WebPage\",\"@id\":\"https:\/\/thingstodoinmarrakech.ma\/product\/buggy-500cc-agafay\/\",\"url\":\"https:\/\/thingstodoinmarrakech.ma\/product\/buggy-500cc-agafay\/\",\"name\":\"Buggy 500cc Adventure Tour In Agafay | Book Agafay Buggy Tour\",\"isPartOf\":{\"@id\":\"https:\/\/thingstodoinmarrakech.ma\/#website\"},\"primaryImageOfPage\":{\"@id\":\"https:\/\/thingstodoinmarrakech.ma\/product\/buggy-500cc-agafay\/#primaryimage\"},\"image\":{\"@id\":\"https:\/\/thingstodoinmarrakech.ma\/product\/buggy-500cc-agafay\/#primaryimage\"},\"thumbnailUrl\":\"https:\/\/thingstodoinmarrakech.ma\/wp-content\/uploads\/2025\/06\/Buggy-500cc-Adventure-Tour-In-Agafay.jpg\",\"datePublished\":\"2025-06-29T20:14:51+00:00\",\"dateModified\":\"2025-07-01T19:27:58+00:00\",\"description\":\"Book your 1000cc buggy adventure in the Agafay Desert. Guided tours, transfers, and all equipment included\u2014explore Morocco\u2019s wild side with a friend .\",\"breadcrumb\":{\"@id\":\"https:\/\/thingstodoinmarrakech.ma\/product\/buggy-500cc-agafay\/#breadcrumb\"},\"inLanguage\":\"fr-FR\",\"potentialAction\":[{\"@type\":\"ReadAction\",\"target\":[\"https:\/\/thingstodoinmarrakech.ma\/product\/buggy-500cc-agafay\/\"]}]},{\"@type\":\"ImageObject\",\"inLanguage\":\"fr-FR\",\"@id\":\"https:\/\/thingstodoinmarrakech.ma\/product\/buggy-500cc-agafay\/#primaryimage\",\"url\":\"https:\/\/thingstodoinmarrakech.ma\/wp-content\/uploads\/2025\/06\/Buggy-500cc-Adventure-Tour-In-Agafay.jpg\",\"contentUrl\":\"https:\/\/thingstodoinmarrakech.ma\/wp-content\/uploads\/2025\/06\/Buggy-500cc-Adventure-Tour-In-Agafay.jpg\",\"width\":600,\"height\":540,\"caption\":\"Pair riding a 500cc buggy through the rocky Agafay Desert with the Atlas Mountains in the background\"},{\"@type\":\"BreadcrumbList\",\"@id\":\"https:\/\/thingstodoinmarrakech.ma\/product\/buggy-500cc-agafay\/#breadcrumb\",\"itemListElement\":[{\"@type\":\"ListItem\",\"position\":1,\"name\":\"Home\",\"item\":\"https:\/\/thingstodoinmarrakech.ma\/\"},{\"@type\":\"ListItem\",\"position\":2,\"name\":\"Shop\",\"item\":\"https:\/\/thingstodoinmarrakech.ma\/shop\/\"},{\"@type\":\"ListItem\",\"position\":3,\"name\":\"Buggy 500cc Adventure Tour In Agafay (2 pax minimum) &#038; Transportation\"}]},{\"@type\":\"WebSite\",\"@id\":\"https:\/\/thingstodoinmarrakech.ma\/#website\",\"url\":\"https:\/\/thingstodoinmarrakech.ma\/\",\"name\":\"Things To Do In Marrakech\",\"description\":\"Your journey starts here\",\"potentialAction\":[{\"@type\":\"SearchAction\",\"target\":{\"@type\":\"EntryPoint\",\"urlTemplate\":\"https:\/\/thingstodoinmarrakech.ma\/?s={search_term_string}\"},\"query-input\":{\"@type\":\"PropertyValueSpecification\",\"valueRequired\":true,\"valueName\":\"search_term_string\"}}],\"inLanguage\":\"fr-FR\"}]}<\/script>\n<meta property=\"product:price:amount\" content=\"75.00\" \/>\n<meta property=\"product:price:currency\" content=\"EUR\" \/>\n<meta property=\"og:availability\" content=\"instock\" \/>\n<meta property=\"product:availability\" content=\"instock\" \/>\n<meta property=\"product:condition\" content=\"new\" \/>\n<!-- \/ Yoast SEO Premium plugin. -->","yoast_head_json":{"title":"Buggy 500cc Adventure Tour In Agafay | R\u00e9server Buggy Tour Agafay","description":"R\u00e9servez votre aventure en buggy 1000cc dans le d\u00e9sert d'Agafay. Visites guid\u00e9es, transferts et tout l'\u00e9quipement inclus - explorez le c\u00f4t\u00e9 sauvage du Maroc avec un ami.","robots":{"index":"index","follow":"follow","max-snippet":"max-snippet:-1","max-image-preview":"max-image-preview:large","max-video-preview":"max-video-preview:-1"},"canonical":"https:\/\/thingstodoinmarrakech.ma\/fr\/product\/buggy-500cc-agafay\/","og_locale":"fr_FR","og_type":"article","og_title":"Buggy 500cc Adventure Tour In Agafay (2 pax minimum) & Transportation","og_description":"Book your 1000cc buggy adventure in the Agafay Desert. Guided tours, transfers, and all equipment included\u2014explore Morocco\u2019s wild side with a friend .","og_url":"https:\/\/thingstodoinmarrakech.ma\/fr\/product\/buggy-500cc-agafay\/","og_site_name":"Things To Do In Marrakech","article_modified_time":"2025-07-01T19:27:58+00:00","og_image":[{"width":600,"height":540,"url":"https:\/\/thingstodoinmarrakech.ma\/wp-content\/uploads\/2025\/06\/Buggy-500cc-Adventure-Tour-In-Agafay.jpg","type":"image\/jpeg"}],"twitter_card":"summary_large_image","twitter_misc":{"Prix":"&euro;75,00","Disponibilit\u00e9":"En stock"},"schema":{"@context":"https:\/\/schema.org","@graph":[{"@type":"WebPage","@id":"https:\/\/thingstodoinmarrakech.ma\/product\/buggy-500cc-agafay\/","url":"https:\/\/thingstodoinmarrakech.ma\/product\/buggy-500cc-agafay\/","name":"Buggy 500cc Adventure Tour In Agafay | R\u00e9server Buggy Tour Agafay","isPartOf":{"@id":"https:\/\/thingstodoinmarrakech.ma\/#website"},"primaryImageOfPage":{"@id":"https:\/\/thingstodoinmarrakech.ma\/product\/buggy-500cc-agafay\/#primaryimage"},"image":{"@id":"https:\/\/thingstodoinmarrakech.ma\/product\/buggy-500cc-agafay\/#primaryimage"},"thumbnailUrl":"https:\/\/thingstodoinmarrakech.ma\/wp-content\/uploads\/2025\/06\/Buggy-500cc-Adventure-Tour-In-Agafay.jpg","datePublished":"2025-06-29T20:14:51+00:00","dateModified":"2025-07-01T19:27:58+00:00","description":"R\u00e9servez votre aventure en buggy 1000cc dans le d\u00e9sert d'Agafay. Visites guid\u00e9es, transferts et tout l'\u00e9quipement inclus - explorez le c\u00f4t\u00e9 sauvage du Maroc avec un ami.","breadcrumb":{"@id":"https:\/\/thingstodoinmarrakech.ma\/product\/buggy-500cc-agafay\/#breadcrumb"},"inLanguage":"fr-FR","potentialAction":[{"@type":"ReadAction","target":["https:\/\/thingstodoinmarrakech.ma\/product\/buggy-500cc-agafay\/"]}]},{"@type":"ImageObject","inLanguage":"fr-FR","@id":"https:\/\/thingstodoinmarrakech.ma\/product\/buggy-500cc-agafay\/#primaryimage","url":"https:\/\/thingstodoinmarrakech.ma\/wp-content\/uploads\/2025\/06\/Buggy-500cc-Adventure-Tour-In-Agafay.jpg","contentUrl":"https:\/\/thingstodoinmarrakech.ma\/wp-content\/uploads\/2025\/06\/Buggy-500cc-Adventure-Tour-In-Agafay.jpg","width":600,"height":540,"caption":"Pair riding a 500cc buggy through the rocky Agafay Desert with the Atlas Mountains in the background"},{"@type":"BreadcrumbList","@id":"https:\/\/thingstodoinmarrakech.ma\/product\/buggy-500cc-agafay\/#breadcrumb","itemListElement":[{"@type":"ListItem","position":1,"name":"Home","item":"https:\/\/thingstodoinmarrakech.ma\/"},{"@type":"ListItem","position":2,"name":"Shop","item":"https:\/\/thingstodoinmarrakech.ma\/shop\/"},{"@type":"ListItem","position":3,"name":"Buggy 500cc Adventure Tour In Agafay (2 pax minimum) &#038; Transportation"}]},{"@type":"WebSite","@id":"https:\/\/thingstodoinmarrakech.ma\/#website","url":"https:\/\/thingstodoinmarrakech.ma\/","name":"Choses \u00e0 faire \u00e0 Marrakech","description":"Votre voyage commence ici","potentialAction":[{"@type":"SearchAction","target":{"@type":"EntryPoint","urlTemplate":"https:\/\/thingstodoinmarrakech.ma\/?s={search_term_string}"},"query-input":{"@type":"PropertyValueSpecification","valueRequired":true,"valueName":"search_term_string"}}],"inLanguage":"fr-FR"}]},"product_price_amount":"75.00","product_price_currency":"EUR","og_availability":"instock","product_availability":"instock","product_condition":"new"},"_links":{"self":[{"href":"https:\/\/thingstodoinmarrakech.ma\/fr\/wp-json\/wp\/v2\/product\/9615","targetHints":{"allow":["GET"]}}],"collection":[{"href":"https:\/\/thingstodoinmarrakech.ma\/fr\/wp-json\/wp\/v2\/product"}],"about":[{"href":"https:\/\/thingstodoinmarrakech.ma\/fr\/wp-json\/wp\/v2\/types\/product"}],"replies":[{"embeddable":true,"href":"https:\/\/thingstodoinmarrakech.ma\/fr\/wp-json\/wp\/v2\/comments?post=9615"}],"wp:featuredmedia":[{"embeddable":true,"href":"https:\/\/thingstodoinmarrakech.ma\/fr\/wp-json\/wp\/v2\/media\/9616"}],"wp:attachment":[{"href":"https:\/\/thingstodoinmarrakech.ma\/fr\/wp-json\/wp\/v2\/media?parent=9615"}],"wp:term":[{"taxonomy":"product_brand","embeddable":true,"href":"https:\/\/thingstodoinmarrakech.ma\/fr\/wp-json\/wp\/v2\/product_brand?post=9615"},{"taxonomy":"product_cat","embeddable":true,"href":"https:\/\/thingstodoinmarrakech.ma\/fr\/wp-json\/wp\/v2\/product_cat?post=9615"},{"taxonomy":"product_tag","embeddable":true,"href":"https:\/\/thingstodoinmarrakech.ma\/fr\/wp-json\/wp\/v2\/product_tag?post=9615"}],"curies":[{"name":"wp","href":"https:\/\/api.w.org\/{rel}","templated":true}]}}