{"id":9595,"date":"2025-06-28T19:56:34","date_gmt":"2025-06-28T19:56:34","guid":{"rendered":"https:\/\/thingstodoinmarrakech.ma\/?post_type=product&#038;p=9595"},"modified":"2025-07-25T15:31:00","modified_gmt":"2025-07-25T15:31:00","slug":"circuit-daventure-en-quad-dans-le-desert-dagafay","status":"publish","type":"product","link":"https:\/\/thingstodoinmarrakech.ma\/fr\/product\/circuit-daventure-en-quad-dans-le-desert-dagafay\/","title":{"rendered":"Circuit d'aventure en quad dans le d\u00e9sert d'Agafay et transport"},"content":{"rendered":"<p data-start=\"580\" data-end=\"1257\">D\u00e9couvrez le c\u00f4t\u00e9 sauvage du Maroc lors d'un circuit d'aventure en quad dans le d\u00e9sert d'Agafay ! Cette excursion passionnante est parfaite pour les amateurs d'adr\u00e9naline, les amis, les couples et les familles \u00e0 la recherche de quelque chose de diff\u00e9rent pr\u00e8s de Marrakech.<br data-start=\"809\" data-end=\"812\" \/>Votre aventure commence par une prise en charge pratique \u00e0 votre h\u00f4tel ou riad. Apr\u00e8s un court trajet jusqu'\u00e0 Agafay, vous rencontrerez votre guide, recevrez un briefing sur la s\u00e9curit\u00e9 et apprendrez \u00e0 manier votre quad - m\u00eame les d\u00e9butants peuvent s'y joindre.<br data-start=\"1026\" data-end=\"1029\" \/>Suivez votre guide sur les sentiers sinueux du d\u00e9sert, le long des collines rocheuses et dans des paysages \u00e0 couper le souffle avec les montagnes de l'Atlas au loin. Des arr\u00eats sont pr\u00e9vus en cours de route pour prendre des photos et profiter du silence du d\u00e9sert.<\/p>\n<p data-start=\"1749\" data-end=\"1905\"><strong data-start=\"1749\" data-end=\"1764\">Horaires de visite :<\/strong><br data-start=\"1764\" data-end=\"1767\" \/>Disponible tous les jours \u00e0 9h00, 11h00, 14h00, 16h00 et 18h00.<br data-start=\"1822\" data-end=\"1825\" \/><strong data-start=\"1825\" data-end=\"1905\">(Les promenades au coucher du soleil et en fin d'apr\u00e8s-midi sont particuli\u00e8rement appr\u00e9ci\u00e9es pour des photos \u00e9tonnantes).<\/strong><\/p>\n<p data-start=\"1907\" data-end=\"1929\"><strong data-start=\"1907\" data-end=\"1927\">\u00c0 qui cela s'adresse-t-il ?<\/strong><\/p>\n<ul data-start=\"1930\" data-end=\"2110\">\n<li data-start=\"1930\" data-end=\"1996\">\n<p data-start=\"1932\" data-end=\"1996\">Convient aux adultes et aux enfants plus \u00e2g\u00e9s (un \u00e2ge minimum peut \u00eatre requis)<\/p>\n<\/li>\n<li data-start=\"1997\" data-end=\"2053\">\n<p data-start=\"1999\" data-end=\"2053\">Aucune exp\u00e9rience pr\u00e9alable n'est n\u00e9cessaire - une instruction compl\u00e8te est fournie<\/p>\n<\/li>\n<li data-start=\"2054\" data-end=\"2110\">\n<p data-start=\"2056\" data-end=\"2110\">Id\u00e9al pour les groupes, les couples, les familles ou les voyageurs solitaires.<\/p>\n<\/li>\n<\/ul>\n<p data-start=\"2112\" data-end=\"2132\"><strong data-start=\"2112\" data-end=\"2130\">Ce qu'il faut apporter :<\/strong><\/p>\n<ul data-start=\"2133\" data-end=\"2262\">\n<li data-start=\"2133\" data-end=\"2177\">\n<p data-start=\"2135\" data-end=\"2177\">V\u00eatements confortables et chaussures ferm\u00e9es<\/p>\n<\/li>\n<li data-start=\"2178\" data-end=\"2217\">\n<p data-start=\"2180\" data-end=\"2217\">Lunettes de soleil, cr\u00e8me solaire et appareil photo<\/p>\n<\/li>\n<li data-start=\"2218\" data-end=\"2262\">\n<p data-start=\"2220\" data-end=\"2262\">Veste l\u00e9g\u00e8re (pour le coucher du soleil ou les mois les plus frais)<\/p>\n<\/li>\n<\/ul>\n<p data-start=\"2317\" data-end=\"2437\"><strong data-start=\"2317\" data-end=\"2335\">Point de rencontre :<\/strong><br data-start=\"2335\" data-end=\"2338\" \/>Prise en charge et retour \u00e0 l'h\u00f4tel, au riad ou \u00e0 la r\u00e9sidence de Marrakech (ajouter vos coordonn\u00e9es lors du check-out)<\/p>\n<p data-start=\"2439\" data-end=\"2458\"><strong data-start=\"2439\" data-end=\"2456\">Bon \u00e0 savoir :<\/strong><\/p>\n<ul data-start=\"2459\" data-end=\"2611\">\n<li data-start=\"2459\" data-end=\"2519\">\n<p data-start=\"2461\" data-end=\"2519\">Les conducteurs doivent avoir l'\u00e2ge l\u00e9gal (v\u00e9rifier les conditions).<\/p>\n<\/li>\n<li data-start=\"2520\" data-end=\"2572\">\n<p data-start=\"2522\" data-end=\"2572\">Les passagers peuvent monter \u00e0 deux (option quad pour deux)<\/p>\n<\/li>\n<li data-start=\"2573\" data-end=\"2611\">\n<p data-start=\"2575\" data-end=\"2611\">Les visites se d\u00e9roulent dans la plupart des conditions m\u00e9t\u00e9orologiques<\/p>\n<\/li>\n<\/ul>\n<p data-start=\"210\" data-end=\"579\"><strong data-start=\"210\" data-end=\"241\">Comment r\u00e9server en tant que passager :<\/strong><br data-start=\"241\" data-end=\"244\" \/>Si vous souhaitez participer \u00e0 l'excursion en tant que passager (sans conduire votre propre quad), veuillez r\u00e9server votre place en tant qu'\"enfant\" dans le formulaire de r\u00e9servation, m\u00eame si vous \u00eates adulte. De cette fa\u00e7on, vous serez accompagn\u00e9 d'un autre participant et profiterez ensemble de l'exp\u00e9rience.<br data-start=\"485\" data-end=\"488\" \/>Les adultes qui r\u00e9servent en tant qu'\"enfants\" seront d\u00e9sign\u00e9s comme passagers et ne seront pas tenus de conduire.<\/p>\n<ul data-start=\"581\" data-end=\"735\">\n<li data-start=\"581\" data-end=\"639\">\n<p data-start=\"583\" data-end=\"639\"><strong data-start=\"583\" data-end=\"610\">Conduire son propre quad :<\/strong> Choisissez \"adulte\" lors de la r\u00e9servation.<\/p>\n<\/li>\n<li data-start=\"640\" data-end=\"735\">\n<p data-start=\"642\" data-end=\"735\"><strong data-start=\"642\" data-end=\"669\">Se d\u00e9placer en tant que passager :<\/strong> Choisissez \"Enfants\" (pour les enfants et les adultes passagers).<\/p>\n<\/li>\n<\/ul>\n<p data-start=\"737\" data-end=\"893\">Si vous avez des questions sur la mani\u00e8re de r\u00e9server, ou si vous souhaitez obtenir une combinaison chauffeur-passager sp\u00e9cifique, n'h\u00e9sitez pas \u00e0 nous contacter par WhatsApp avant de r\u00e9server.<\/p>","protected":false},"excerpt":{"rendered":"<p>Explorez le d\u00e9sert d'Agafay au cours d'une aventure en quad palpitante. R\u00e9servez en tant qu'\"adulte\" pour conduire votre propre quad, ou en tant qu'\"enfant\" si vous souhaitez vous joindre \u00e0 nous en tant que passager, m\u00eame si vous \u00eates adulte.<\/p>","protected":false},"featured_media":9597,"comment_status":"open","ping_status":"closed","template":"","meta":[],"product_brand":[],"product_cat":[56],"product_tag":[71,66,63,62,65,70,69,64,72,68,67,61],"class_list":{"0":"post-9595","1":"product","2":"type-product","3":"status-publish","4":"has-post-thumbnail","6":"brw_tour_types-activities","7":"product_cat-activities","8":"product_tag-adrenaline","9":"product_tag-adventure","10":"product_tag-agafay-desert","11":"product_tag-camel-ride","12":"product_tag-family-friendly","13":"product_tag-group-tour","14":"product_tag-marrakech-adventure","15":"product_tag-marrakech-tour","16":"product_tag-outdoo","17":"product_tag-quad-biking","18":"product_tag-romantic","19":"product_tag-sunset","21":"first","22":"instock","23":"sale","24":"featured","25":"shipping-taxable","26":"purchasable","27":"product-type-ovabrw_car_rental"},"yoast_head":"<!-- This site is optimized with the Yoast SEO Premium plugin v25.3.1 (Yoast SEO v27.2) - https:\/\/yoast.com\/product\/yoast-seo-premium-wordpress\/ -->\n<title>Quad Adventure Tour in Agafay Desert | Book Agafay Quad Biking<\/title>\n<meta name=\"description\" content=\"Book your quad adventure in the Agafay Desert. Guided tours, hotel pick-up, all equipment included\u2014explore Morocco\u2019s rocky desert just outside Marrakech.\" \/>\n<meta name=\"robots\" content=\"index, follow, max-snippet:-1, max-image-preview:large, max-video-preview:-1\" \/>\n<link rel=\"canonical\" href=\"https:\/\/thingstodoinmarrakech.ma\/fr\/product\/circuit-daventure-en-quad-dans-le-desert-dagafay\/\" \/>\n<meta property=\"og:locale\" content=\"fr_FR\" \/>\n<meta property=\"og:type\" content=\"article\" \/>\n<meta property=\"og:title\" content=\"Quad Adventure Tour in Agafay Desert &amp; Transportation\" \/>\n<meta property=\"og:description\" content=\"Book your quad adventure in the Agafay Desert. Guided tours, hotel pick-up, all equipment included\u2014explore Morocco\u2019s rocky desert just outside Marrakech.\" \/>\n<meta property=\"og:url\" content=\"https:\/\/thingstodoinmarrakech.ma\/fr\/product\/circuit-daventure-en-quad-dans-le-desert-dagafay\/\" \/>\n<meta property=\"og:site_name\" content=\"Things To Do In Marrakech\" \/>\n<meta property=\"article:modified_time\" content=\"2025-07-25T15:31:00+00:00\" \/>\n<meta property=\"og:image\" content=\"https:\/\/thingstodoinmarrakech.ma\/wp-content\/uploads\/2025\/06\/Agafay-Desert-ATV-Activity-2-hours-Quad-Biking.jpg\" \/>\n\t<meta property=\"og:image:width\" content=\"800\" \/>\n\t<meta property=\"og:image:height\" content=\"592\" \/>\n\t<meta property=\"og:image:type\" content=\"image\/jpeg\" \/>\n<meta name=\"twitter:card\" content=\"summary_large_image\" \/>\n<meta name=\"twitter:label1\" content=\"Prix\" \/>\n\t<meta name=\"twitter:data1\" content=\"&euro;70,00\" \/>\n\t<meta name=\"twitter:label2\" content=\"Disponibilit\u00e9\" \/>\n\t<meta name=\"twitter:data2\" content=\"En stock\" \/>\n<script type=\"application\/ld+json\" class=\"yoast-schema-graph\">{\"@context\":\"https:\/\/schema.org\",\"@graph\":[{\"@type\":\"WebPage\",\"@id\":\"https:\/\/thingstodoinmarrakech.ma\/product\/quad-adventure-tour-in-agafay-desert\/\",\"url\":\"https:\/\/thingstodoinmarrakech.ma\/product\/quad-adventure-tour-in-agafay-desert\/\",\"name\":\"Quad Adventure Tour in Agafay Desert | Book Agafay Quad Biking\",\"isPartOf\":{\"@id\":\"https:\/\/thingstodoinmarrakech.ma\/#website\"},\"primaryImageOfPage\":{\"@id\":\"https:\/\/thingstodoinmarrakech.ma\/product\/quad-adventure-tour-in-agafay-desert\/#primaryimage\"},\"image\":{\"@id\":\"https:\/\/thingstodoinmarrakech.ma\/product\/quad-adventure-tour-in-agafay-desert\/#primaryimage\"},\"thumbnailUrl\":\"https:\/\/thingstodoinmarrakech.ma\/wp-content\/uploads\/2025\/06\/Agafay-Desert-ATV-Activity-2-hours-Quad-Biking.jpg\",\"datePublished\":\"2025-06-28T19:56:34+00:00\",\"dateModified\":\"2025-07-25T15:31:00+00:00\",\"description\":\"Book your quad adventure in the Agafay Desert. Guided tours, hotel pick-up, all equipment included\u2014explore Morocco\u2019s rocky desert just outside Marrakech.\",\"breadcrumb\":{\"@id\":\"https:\/\/thingstodoinmarrakech.ma\/product\/quad-adventure-tour-in-agafay-desert\/#breadcrumb\"},\"inLanguage\":\"fr-FR\",\"potentialAction\":[{\"@type\":\"ReadAction\",\"target\":[\"https:\/\/thingstodoinmarrakech.ma\/product\/quad-adventure-tour-in-agafay-desert\/\"]}]},{\"@type\":\"ImageObject\",\"inLanguage\":\"fr-FR\",\"@id\":\"https:\/\/thingstodoinmarrakech.ma\/product\/quad-adventure-tour-in-agafay-desert\/#primaryimage\",\"url\":\"https:\/\/thingstodoinmarrakech.ma\/wp-content\/uploads\/2025\/06\/Agafay-Desert-ATV-Activity-2-hours-Quad-Biking.jpg\",\"contentUrl\":\"https:\/\/thingstodoinmarrakech.ma\/wp-content\/uploads\/2025\/06\/Agafay-Desert-ATV-Activity-2-hours-Quad-Biking.jpg\",\"width\":800,\"height\":592,\"caption\":\"Agafay-Desert-ATV-Activity-2-hours-Quad-Biking\"},{\"@type\":\"BreadcrumbList\",\"@id\":\"https:\/\/thingstodoinmarrakech.ma\/product\/quad-adventure-tour-in-agafay-desert\/#breadcrumb\",\"itemListElement\":[{\"@type\":\"ListItem\",\"position\":1,\"name\":\"Home\",\"item\":\"https:\/\/thingstodoinmarrakech.ma\/\"},{\"@type\":\"ListItem\",\"position\":2,\"name\":\"Shop\",\"item\":\"https:\/\/thingstodoinmarrakech.ma\/shop\/\"},{\"@type\":\"ListItem\",\"position\":3,\"name\":\"Quad Adventure Tour in Agafay Desert &#038; Transportation\"}]},{\"@type\":\"WebSite\",\"@id\":\"https:\/\/thingstodoinmarrakech.ma\/#website\",\"url\":\"https:\/\/thingstodoinmarrakech.ma\/\",\"name\":\"Things To Do In Marrakech\",\"description\":\"Your journey starts here\",\"potentialAction\":[{\"@type\":\"SearchAction\",\"target\":{\"@type\":\"EntryPoint\",\"urlTemplate\":\"https:\/\/thingstodoinmarrakech.ma\/?s={search_term_string}\"},\"query-input\":{\"@type\":\"PropertyValueSpecification\",\"valueRequired\":true,\"valueName\":\"search_term_string\"}}],\"inLanguage\":\"fr-FR\"}]}<\/script>\n<meta property=\"product:price:amount\" content=\"70.00\" \/>\n<meta property=\"product:price:currency\" content=\"EUR\" \/>\n<meta property=\"og:availability\" content=\"instock\" \/>\n<meta property=\"product:availability\" content=\"instock\" \/>\n<meta property=\"product:condition\" content=\"new\" \/>\n<!-- \/ Yoast SEO Premium plugin. -->","yoast_head_json":{"title":"Circuit d'aventure en quad dans le d\u00e9sert d'Agafay | R\u00e9server le circuit en quad d'Agafay","description":"R\u00e9servez votre aventure en quad dans le d\u00e9sert d'Agafay. Visites guid\u00e9es, prise en charge \u00e0 l'h\u00f4tel, tout l'\u00e9quipement est inclus. Explorez le d\u00e9sert rocailleux du Maroc, juste \u00e0 l'ext\u00e9rieur de Marrakech.","robots":{"index":"index","follow":"follow","max-snippet":"max-snippet:-1","max-image-preview":"max-image-preview:large","max-video-preview":"max-video-preview:-1"},"canonical":"https:\/\/thingstodoinmarrakech.ma\/fr\/product\/circuit-daventure-en-quad-dans-le-desert-dagafay\/","og_locale":"fr_FR","og_type":"article","og_title":"Quad Adventure Tour in Agafay Desert & Transportation","og_description":"Book your quad adventure in the Agafay Desert. Guided tours, hotel pick-up, all equipment included\u2014explore Morocco\u2019s rocky desert just outside Marrakech.","og_url":"https:\/\/thingstodoinmarrakech.ma\/fr\/product\/circuit-daventure-en-quad-dans-le-desert-dagafay\/","og_site_name":"Things To Do In Marrakech","article_modified_time":"2025-07-25T15:31:00+00:00","og_image":[{"width":800,"height":592,"url":"https:\/\/thingstodoinmarrakech.ma\/wp-content\/uploads\/2025\/06\/Agafay-Desert-ATV-Activity-2-hours-Quad-Biking.jpg","type":"image\/jpeg"}],"twitter_card":"summary_large_image","twitter_misc":{"Prix":"&euro;70,00","Disponibilit\u00e9":"En stock"},"schema":{"@context":"https:\/\/schema.org","@graph":[{"@type":"WebPage","@id":"https:\/\/thingstodoinmarrakech.ma\/product\/quad-adventure-tour-in-agafay-desert\/","url":"https:\/\/thingstodoinmarrakech.ma\/product\/quad-adventure-tour-in-agafay-desert\/","name":"Circuit d'aventure en quad dans le d\u00e9sert d'Agafay | R\u00e9server le circuit en quad d'Agafay","isPartOf":{"@id":"https:\/\/thingstodoinmarrakech.ma\/#website"},"primaryImageOfPage":{"@id":"https:\/\/thingstodoinmarrakech.ma\/product\/quad-adventure-tour-in-agafay-desert\/#primaryimage"},"image":{"@id":"https:\/\/thingstodoinmarrakech.ma\/product\/quad-adventure-tour-in-agafay-desert\/#primaryimage"},"thumbnailUrl":"https:\/\/thingstodoinmarrakech.ma\/wp-content\/uploads\/2025\/06\/Agafay-Desert-ATV-Activity-2-hours-Quad-Biking.jpg","datePublished":"2025-06-28T19:56:34+00:00","dateModified":"2025-07-25T15:31:00+00:00","description":"R\u00e9servez votre aventure en quad dans le d\u00e9sert d'Agafay. Visites guid\u00e9es, prise en charge \u00e0 l'h\u00f4tel, tout l'\u00e9quipement est inclus. Explorez le d\u00e9sert rocailleux du Maroc, juste \u00e0 l'ext\u00e9rieur de Marrakech.","breadcrumb":{"@id":"https:\/\/thingstodoinmarrakech.ma\/product\/quad-adventure-tour-in-agafay-desert\/#breadcrumb"},"inLanguage":"fr-FR","potentialAction":[{"@type":"ReadAction","target":["https:\/\/thingstodoinmarrakech.ma\/product\/quad-adventure-tour-in-agafay-desert\/"]}]},{"@type":"ImageObject","inLanguage":"fr-FR","@id":"https:\/\/thingstodoinmarrakech.ma\/product\/quad-adventure-tour-in-agafay-desert\/#primaryimage","url":"https:\/\/thingstodoinmarrakech.ma\/wp-content\/uploads\/2025\/06\/Agafay-Desert-ATV-Activity-2-hours-Quad-Biking.jpg","contentUrl":"https:\/\/thingstodoinmarrakech.ma\/wp-content\/uploads\/2025\/06\/Agafay-Desert-ATV-Activity-2-hours-Quad-Biking.jpg","width":800,"height":592,"caption":"Agafay-Desert-ATV-Activity-2-hours-Quad-Biking"},{"@type":"BreadcrumbList","@id":"https:\/\/thingstodoinmarrakech.ma\/product\/quad-adventure-tour-in-agafay-desert\/#breadcrumb","itemListElement":[{"@type":"ListItem","position":1,"name":"Home","item":"https:\/\/thingstodoinmarrakech.ma\/"},{"@type":"ListItem","position":2,"name":"Shop","item":"https:\/\/thingstodoinmarrakech.ma\/shop\/"},{"@type":"ListItem","position":3,"name":"Quad Adventure Tour in Agafay Desert &#038; Transportation"}]},{"@type":"WebSite","@id":"https:\/\/thingstodoinmarrakech.ma\/#website","url":"https:\/\/thingstodoinmarrakech.ma\/","name":"Choses \u00e0 faire \u00e0 Marrakech","description":"Votre voyage commence ici","potentialAction":[{"@type":"SearchAction","target":{"@type":"EntryPoint","urlTemplate":"https:\/\/thingstodoinmarrakech.ma\/?s={search_term_string}"},"query-input":{"@type":"PropertyValueSpecification","valueRequired":true,"valueName":"search_term_string"}}],"inLanguage":"fr-FR"}]},"product_price_amount":"70.00","product_price_currency":"EUR","og_availability":"instock","product_availability":"instock","product_condition":"new"},"_links":{"self":[{"href":"https:\/\/thingstodoinmarrakech.ma\/fr\/wp-json\/wp\/v2\/product\/9595","targetHints":{"allow":["GET"]}}],"collection":[{"href":"https:\/\/thingstodoinmarrakech.ma\/fr\/wp-json\/wp\/v2\/product"}],"about":[{"href":"https:\/\/thingstodoinmarrakech.ma\/fr\/wp-json\/wp\/v2\/types\/product"}],"replies":[{"embeddable":true,"href":"https:\/\/thingstodoinmarrakech.ma\/fr\/wp-json\/wp\/v2\/comments?post=9595"}],"wp:featuredmedia":[{"embeddable":true,"href":"https:\/\/thingstodoinmarrakech.ma\/fr\/wp-json\/wp\/v2\/media\/9597"}],"wp:attachment":[{"href":"https:\/\/thingstodoinmarrakech.ma\/fr\/wp-json\/wp\/v2\/media?parent=9595"}],"wp:term":[{"taxonomy":"product_brand","embeddable":true,"href":"https:\/\/thingstodoinmarrakech.ma\/fr\/wp-json\/wp\/v2\/product_brand?post=9595"},{"taxonomy":"product_cat","embeddable":true,"href":"https:\/\/thingstodoinmarrakech.ma\/fr\/wp-json\/wp\/v2\/product_cat?post=9595"},{"taxonomy":"product_tag","embeddable":true,"href":"https:\/\/thingstodoinmarrakech.ma\/fr\/wp-json\/wp\/v2\/product_tag?post=9595"}],"curies":[{"name":"wp","href":"https:\/\/api.w.org\/{rel}","templated":true}]}}