{"id":9640,"date":"2025-07-01T20:41:10","date_gmt":"2025-07-01T20:41:10","guid":{"rendered":"https:\/\/thingstodoinmarrakech.ma\/?post_type=product&#038;p=9640"},"modified":"2025-07-01T21:08:25","modified_gmt":"2025-07-01T21:08:25","slug":"agafay-day-pass-buggy-500cc-acceso-piscina-cena-transporte-copia","status":"publish","type":"product","link":"https:\/\/thingstodoinmarrakech.ma\/es\/product\/agafay-day-pass-buggy-500cc-acceso-piscina-cena-transporte-copia\/","title":{"rendered":"Day Pass Agafay: Buggy 500cc, acceso a la piscina, cena (2 pax m\u00ednimo) &amp; Transporte"},"content":{"rendered":"<p>&nbsp;<\/p>\n<p data-start=\"575\" data-end=\"1036\">Viva un d\u00eda inolvidable en el desierto de Agafay con una mezcla de emoci\u00f3n y comodidad. Comience su aventura con un paseo guiado en buggy: sienta la potencia de un buggy de 500 cc mientras explora los paisajes rocosos de Agafay, guiado por expertos locales. Tras el paseo, rel\u00e1jese y refr\u00e9squese en la piscina de un pintoresco campamento del desierto. Al caer la noche, disfrute de una deliciosa cena marroqu\u00ed servida bajo las estrellas antes de su traslado de regreso a Marrakech.<\/p>\n<p data-start=\"1038\" data-end=\"1177\">Este completo pase de un d\u00eda es ideal para parejas, amigos y familias que buscan tanto aventura como relajaci\u00f3n, con todo organizado para usted.<\/p>\n<p data-start=\"1707\" data-end=\"1732\"><strong data-start=\"1707\" data-end=\"1730\">Horario:<\/strong><\/p>\n<ul data-start=\"1733\" data-end=\"2019\">\n<li data-start=\"1733\" data-end=\"1768\">\n<p data-start=\"1735\" data-end=\"1768\">Salidas diarias desde Marrakech<\/p>\n<\/li>\n<li data-start=\"1769\" data-end=\"1858\">\n<p data-start=\"1771\" data-end=\"1858\">Recogida t\u00edpica: a \u00faltima hora de la ma\u00f1ana o a primera hora de la tarde (hora exacta confirmada tras la reserva)<\/p>\n<\/li>\n<li data-start=\"1859\" data-end=\"1933\">\n<p data-start=\"1861\" data-end=\"1933\">Duraci\u00f3n: unas 7 horas (paseo en buggy, tiempo en la piscina, cena y traslados)<\/p>\n<\/li>\n<li data-start=\"1934\" data-end=\"2019\">\n<p data-start=\"1936\" data-end=\"2019\">M\u00faltiples horas de inicio disponibles; la cena se sirve al atardecer para una experiencia especial<\/p>\n<\/li>\n<\/ul>\n<p data-start=\"2021\" data-end=\"2043\"><strong data-start=\"2021\" data-end=\"2041\">\u00bfA qui\u00e9n va dirigido?<\/strong><\/p>\n<ul data-start=\"2044\" data-end=\"2295\">\n<li data-start=\"2044\" data-end=\"2110\">\n<p data-start=\"2046\" data-end=\"2110\">Adecuado para adultos y ni\u00f1os mayores (puede aplicarse una edad m\u00ednima)<\/p>\n<\/li>\n<li data-start=\"2111\" data-end=\"2154\">\n<p data-start=\"2113\" data-end=\"2154\">Ideal para parejas, amigos o familias<\/p>\n<\/li>\n<li data-start=\"2155\" data-end=\"2217\">\n<p data-start=\"2157\" data-end=\"2217\">No es necesario tener experiencia previa en buggies; se proporciona instrucci\u00f3n completa.<\/p>\n<\/li>\n<li data-start=\"2218\" data-end=\"2295\">\n<p data-start=\"2220\" data-end=\"2295\">Cada silla de paseo tiene capacidad para dos personas (conductor y pasajero); m\u00ednimo dos personas por reserva<\/p>\n<\/li>\n<\/ul>\n<p data-start=\"2297\" data-end=\"2317\"><strong data-start=\"2297\" data-end=\"2315\">Qu\u00e9 llevar:<\/strong><\/p>\n<ul data-start=\"2318\" data-end=\"2534\">\n<li data-start=\"2318\" data-end=\"2366\">\n<p data-start=\"2320\" data-end=\"2366\">Ba\u00f1ador, toalla y chanclas para la piscina<\/p>\n<\/li>\n<li data-start=\"2367\" data-end=\"2430\">\n<p data-start=\"2369\" data-end=\"2430\">Ropa c\u00f3moda y calzado cerrado para la excursi\u00f3n en calesa<\/p>\n<\/li>\n<li data-start=\"2431\" data-end=\"2461\">\n<p data-start=\"2433\" data-end=\"2461\">Gafas de sol, crema solar, sombrero<\/p>\n<\/li>\n<li data-start=\"2462\" data-end=\"2492\">\n<p data-start=\"2464\" data-end=\"2492\">C\u00e1mara o tel\u00e9fono para fotos<\/p>\n<\/li>\n<li data-start=\"2493\" data-end=\"2534\">\n<p data-start=\"2495\" data-end=\"2534\">Chaqueta ligera para las noches m\u00e1s frescas del desierto<\/p>\n<\/li>\n<\/ul>\n<p data-start=\"2536\" data-end=\"2647\"><strong data-start=\"2536\" data-end=\"2554\">Punto de encuentro:<\/strong><br data-start=\"2554\" data-end=\"2557\" \/>Recogida y entrega en su hotel, riad o residencia de Marrakech (a\u00f1ada los detalles al finalizar la compra)<\/p>\n<p data-start=\"2649\" data-end=\"2668\"><strong data-start=\"2649\" data-end=\"2666\">Es bueno saberlo:<\/strong><\/p>\n<ul data-start=\"2669\" data-end=\"2890\">\n<li data-start=\"2669\" data-end=\"2759\">\n<p data-start=\"2671\" data-end=\"2759\">Reserva como \"adulto\" para conducir la calesa, o como \"ni\u00f1o\" para ir de pasajero, incluso para adultos.<\/p>\n<\/li>\n<li data-start=\"2760\" data-end=\"2843\">\n<p data-start=\"2762\" data-end=\"2843\">Se pueden atender peticiones vegetarianas y diet\u00e9ticas (ind\u00edquelo al hacer la reserva).<\/p>\n<\/li>\n<li data-start=\"2844\" data-end=\"2890\">\n<p data-start=\"2846\" data-end=\"2890\">La excursi\u00f3n se realiza en la mayor\u00eda de las condiciones meteorol\u00f3gicas<\/p>\n<\/li>\n<\/ul>\n<p data-start=\"2892\" data-end=\"2919\"><strong data-start=\"2892\" data-end=\"2917\">Instrucciones de reserva:<\/strong><\/p>\n<ul data-start=\"2920\" data-end=\"3144\">\n<li data-start=\"2920\" data-end=\"2969\">\n<p data-start=\"2922\" data-end=\"2969\"><strong>Selecciona \"adulto\" si quieres conducir el buggy<\/strong><\/p>\n<\/li>\n<li data-start=\"2970\" data-end=\"3038\">\n<p data-start=\"2972\" data-end=\"3038\"><strong>Seleccione \"Ni\u00f1os\" si desea viajar como pasajero, incluso para adultos<\/strong><\/p>\n<\/li>\n<li data-start=\"2934\" data-end=\"2987\">\n<p data-start=\"2936\" data-end=\"2987\">Se requiere un m\u00ednimo de dos participantes por buggy<\/p>\n<\/li>\n<li data-start=\"3039\" data-end=\"3144\">\n<p data-start=\"3041\" data-end=\"3144\">Indique su n\u00famero de WhatsApp completo con el prefijo del pa\u00eds y su hotel o residencia para facilitar la recogida<\/p>\n<\/li>\n<\/ul>","protected":false},"excerpt":{"rendered":"<p>Descubra el desierto de Agafay con estilo gracias a este pase de un d\u00eda todo en uno: un emocionante paseo en buggy de 500 cc, relajaci\u00f3n junto a la piscina, cena marroqu\u00ed en un campamento del desierto y traslados de ida y vuelta desde Marrakech.<\/p>","protected":false},"featured_media":9641,"comment_status":"open","ping_status":"closed","template":"","meta":[],"product_brand":[],"product_cat":[57],"product_tag":[66,78,84,82,81,83,74],"class_list":{"0":"post-9640","1":"product","2":"type-product","3":"status-publish","4":"has-post-thumbnail","6":"brw_tour_types-day-passes","7":"product_cat-day-passes","8":"product_tag-adventure","9":"product_tag-agafay-day-pass","10":"product_tag-buggy","11":"product_tag-desert-camp","12":"product_tag-dinner","13":"product_tag-evening-activity","14":"product_tag-marrakech","16":"first","17":"instock","18":"sale","19":"featured","20":"shipping-taxable","21":"purchasable","22":"product-type-ovabrw_car_rental"},"yoast_head":"<!-- This site is optimized with the Yoast SEO Premium plugin v25.3.1 (Yoast SEO v27.2) - https:\/\/yoast.com\/product\/yoast-seo-premium-wordpress\/ -->\n<title>Agafay Day Pass: Buggy 500cc, Pool, Dinner &amp; Transfers<\/title>\n<meta name=\"description\" content=\"Book your Agafay Day Pass with a 500cc buggy ride, pool access, Moroccan dinner, and round-trip Marrakech transfers. The ultimate Agafay experience\" \/>\n<meta name=\"robots\" content=\"index, follow, max-snippet:-1, max-image-preview:large, max-video-preview:-1\" \/>\n<link rel=\"canonical\" href=\"https:\/\/thingstodoinmarrakech.ma\/es\/product\/agafay-day-pass-buggy-500cc-acceso-piscina-cena-transporte-copia\/\" \/>\n<meta property=\"og:locale\" content=\"es_ES\" \/>\n<meta property=\"og:type\" content=\"article\" \/>\n<meta property=\"og:title\" content=\"Agafay Day Pass: Buggy 500cc, Pool access, dinner (2 pax minimum) &amp; Transportation\" \/>\n<meta property=\"og:description\" content=\"Book your Agafay Day Pass with a 500cc buggy ride, pool access, Moroccan dinner, and round-trip Marrakech transfers. The ultimate Agafay experience\" \/>\n<meta property=\"og:url\" content=\"https:\/\/thingstodoinmarrakech.ma\/es\/product\/agafay-day-pass-buggy-500cc-acceso-piscina-cena-transporte-copia\/\" \/>\n<meta property=\"og:site_name\" content=\"Things To Do In Marrakech\" \/>\n<meta property=\"article:modified_time\" content=\"2025-07-01T21:08:25+00:00\" \/>\n<meta property=\"og:image\" content=\"https:\/\/thingstodoinmarrakech.ma\/wp-content\/uploads\/2025\/07\/actFichier-4.png\" \/>\n\t<meta property=\"og:image:width\" content=\"670\" \/>\n\t<meta property=\"og:image:height\" content=\"447\" \/>\n\t<meta property=\"og:image:type\" content=\"image\/png\" \/>\n<meta name=\"twitter:card\" content=\"summary_large_image\" \/>\n<meta name=\"twitter:label1\" content=\"Precio\" \/>\n\t<meta name=\"twitter:data1\" content=\"&euro;155,00\" \/>\n\t<meta name=\"twitter:label2\" content=\"Disponibilidad\" \/>\n\t<meta name=\"twitter:data2\" content=\"Disponible\" \/>\n<script type=\"application\/ld+json\" class=\"yoast-schema-graph\">{\"@context\":\"https:\/\/schema.org\",\"@graph\":[{\"@type\":\"WebPage\",\"@id\":\"https:\/\/thingstodoinmarrakech.ma\/product\/agafay-day-pass-buggy-500cc-pool-access-dinner-transportation-copy\/\",\"url\":\"https:\/\/thingstodoinmarrakech.ma\/product\/agafay-day-pass-buggy-500cc-pool-access-dinner-transportation-copy\/\",\"name\":\"Agafay Day Pass: Buggy 500cc, Pool, Dinner & Transfers\",\"isPartOf\":{\"@id\":\"https:\/\/thingstodoinmarrakech.ma\/#website\"},\"primaryImageOfPage\":{\"@id\":\"https:\/\/thingstodoinmarrakech.ma\/product\/agafay-day-pass-buggy-500cc-pool-access-dinner-transportation-copy\/#primaryimage\"},\"image\":{\"@id\":\"https:\/\/thingstodoinmarrakech.ma\/product\/agafay-day-pass-buggy-500cc-pool-access-dinner-transportation-copy\/#primaryimage\"},\"thumbnailUrl\":\"https:\/\/thingstodoinmarrakech.ma\/wp-content\/uploads\/2025\/07\/actFichier-4.png\",\"datePublished\":\"2025-07-01T20:41:10+00:00\",\"dateModified\":\"2025-07-01T21:08:25+00:00\",\"description\":\"Book your Agafay Day Pass with a 500cc buggy ride, pool access, Moroccan dinner, and round-trip Marrakech transfers. The ultimate Agafay experience\",\"breadcrumb\":{\"@id\":\"https:\/\/thingstodoinmarrakech.ma\/product\/agafay-day-pass-buggy-500cc-pool-access-dinner-transportation-copy\/#breadcrumb\"},\"inLanguage\":\"es\",\"potentialAction\":[{\"@type\":\"ReadAction\",\"target\":[\"https:\/\/thingstodoinmarrakech.ma\/product\/agafay-day-pass-buggy-500cc-pool-access-dinner-transportation-copy\/\"]}]},{\"@type\":\"ImageObject\",\"inLanguage\":\"es\",\"@id\":\"https:\/\/thingstodoinmarrakech.ma\/product\/agafay-day-pass-buggy-500cc-pool-access-dinner-transportation-copy\/#primaryimage\",\"url\":\"https:\/\/thingstodoinmarrakech.ma\/wp-content\/uploads\/2025\/07\/actFichier-4.png\",\"contentUrl\":\"https:\/\/thingstodoinmarrakech.ma\/wp-content\/uploads\/2025\/07\/actFichier-4.png\",\"width\":670,\"height\":447,\"caption\":\"Two people enjoying a 500cc buggy ride in the Agafay Desert, relaxing by a pool, and dining outdoors at a lantern-lit camp\"},{\"@type\":\"BreadcrumbList\",\"@id\":\"https:\/\/thingstodoinmarrakech.ma\/product\/agafay-day-pass-buggy-500cc-pool-access-dinner-transportation-copy\/#breadcrumb\",\"itemListElement\":[{\"@type\":\"ListItem\",\"position\":1,\"name\":\"Home\",\"item\":\"https:\/\/thingstodoinmarrakech.ma\/\"},{\"@type\":\"ListItem\",\"position\":2,\"name\":\"Shop\",\"item\":\"https:\/\/thingstodoinmarrakech.ma\/shop\/\"},{\"@type\":\"ListItem\",\"position\":3,\"name\":\"Agafay Day Pass: Buggy 500cc, Pool access, dinner (2 pax minimum) &#038; Transportation\"}]},{\"@type\":\"WebSite\",\"@id\":\"https:\/\/thingstodoinmarrakech.ma\/#website\",\"url\":\"https:\/\/thingstodoinmarrakech.ma\/\",\"name\":\"Things To Do In Marrakech\",\"description\":\"Your journey starts here\",\"potentialAction\":[{\"@type\":\"SearchAction\",\"target\":{\"@type\":\"EntryPoint\",\"urlTemplate\":\"https:\/\/thingstodoinmarrakech.ma\/?s={search_term_string}\"},\"query-input\":{\"@type\":\"PropertyValueSpecification\",\"valueRequired\":true,\"valueName\":\"search_term_string\"}}],\"inLanguage\":\"es\"}]}<\/script>\n<meta property=\"product:price:amount\" content=\"155.00\" \/>\n<meta property=\"product:price:currency\" content=\"EUR\" \/>\n<meta property=\"og:availability\" content=\"instock\" \/>\n<meta property=\"product:availability\" content=\"instock\" \/>\n<meta property=\"product:condition\" content=\"new\" \/>\n<!-- \/ Yoast SEO Premium plugin. -->","yoast_head_json":{"title":"Pase de un d\u00eda Agafay: Buggy 500cc, Piscina, Cena y Traslados","description":"Reserve su Agafay Day Pass con un paseo en buggy de 500 cc, acceso a la piscina, cena marroqu\u00ed y traslados de ida y vuelta a Marrakech. La experiencia Agafay definitiva","robots":{"index":"index","follow":"follow","max-snippet":"max-snippet:-1","max-image-preview":"max-image-preview:large","max-video-preview":"max-video-preview:-1"},"canonical":"https:\/\/thingstodoinmarrakech.ma\/es\/product\/agafay-day-pass-buggy-500cc-acceso-piscina-cena-transporte-copia\/","og_locale":"es_ES","og_type":"article","og_title":"Agafay Day Pass: Buggy 500cc, Pool access, dinner (2 pax minimum) & Transportation","og_description":"Book your Agafay Day Pass with a 500cc buggy ride, pool access, Moroccan dinner, and round-trip Marrakech transfers. The ultimate Agafay experience","og_url":"https:\/\/thingstodoinmarrakech.ma\/es\/product\/agafay-day-pass-buggy-500cc-acceso-piscina-cena-transporte-copia\/","og_site_name":"Things To Do In Marrakech","article_modified_time":"2025-07-01T21:08:25+00:00","og_image":[{"width":670,"height":447,"url":"https:\/\/thingstodoinmarrakech.ma\/wp-content\/uploads\/2025\/07\/actFichier-4.png","type":"image\/png"}],"twitter_card":"summary_large_image","twitter_misc":{"Precio":"&euro;155,00","Disponibilidad":"Disponible"},"schema":{"@context":"https:\/\/schema.org","@graph":[{"@type":"WebPage","@id":"https:\/\/thingstodoinmarrakech.ma\/product\/agafay-day-pass-buggy-500cc-pool-access-dinner-transportation-copy\/","url":"https:\/\/thingstodoinmarrakech.ma\/product\/agafay-day-pass-buggy-500cc-pool-access-dinner-transportation-copy\/","name":"Pase de un d\u00eda Agafay: Buggy 500cc, Piscina, Cena y Traslados","isPartOf":{"@id":"https:\/\/thingstodoinmarrakech.ma\/#website"},"primaryImageOfPage":{"@id":"https:\/\/thingstodoinmarrakech.ma\/product\/agafay-day-pass-buggy-500cc-pool-access-dinner-transportation-copy\/#primaryimage"},"image":{"@id":"https:\/\/thingstodoinmarrakech.ma\/product\/agafay-day-pass-buggy-500cc-pool-access-dinner-transportation-copy\/#primaryimage"},"thumbnailUrl":"https:\/\/thingstodoinmarrakech.ma\/wp-content\/uploads\/2025\/07\/actFichier-4.png","datePublished":"2025-07-01T20:41:10+00:00","dateModified":"2025-07-01T21:08:25+00:00","description":"Reserve su Agafay Day Pass con un paseo en buggy de 500 cc, acceso a la piscina, cena marroqu\u00ed y traslados de ida y vuelta a Marrakech. La experiencia Agafay definitiva","breadcrumb":{"@id":"https:\/\/thingstodoinmarrakech.ma\/product\/agafay-day-pass-buggy-500cc-pool-access-dinner-transportation-copy\/#breadcrumb"},"inLanguage":"es","potentialAction":[{"@type":"ReadAction","target":["https:\/\/thingstodoinmarrakech.ma\/product\/agafay-day-pass-buggy-500cc-pool-access-dinner-transportation-copy\/"]}]},{"@type":"ImageObject","inLanguage":"es","@id":"https:\/\/thingstodoinmarrakech.ma\/product\/agafay-day-pass-buggy-500cc-pool-access-dinner-transportation-copy\/#primaryimage","url":"https:\/\/thingstodoinmarrakech.ma\/wp-content\/uploads\/2025\/07\/actFichier-4.png","contentUrl":"https:\/\/thingstodoinmarrakech.ma\/wp-content\/uploads\/2025\/07\/actFichier-4.png","width":670,"height":447,"caption":"Two people enjoying a 500cc buggy ride in the Agafay Desert, relaxing by a pool, and dining outdoors at a lantern-lit camp"},{"@type":"BreadcrumbList","@id":"https:\/\/thingstodoinmarrakech.ma\/product\/agafay-day-pass-buggy-500cc-pool-access-dinner-transportation-copy\/#breadcrumb","itemListElement":[{"@type":"ListItem","position":1,"name":"Home","item":"https:\/\/thingstodoinmarrakech.ma\/"},{"@type":"ListItem","position":2,"name":"Shop","item":"https:\/\/thingstodoinmarrakech.ma\/shop\/"},{"@type":"ListItem","position":3,"name":"Agafay Day Pass: Buggy 500cc, Pool access, dinner (2 pax minimum) &#038; Transportation"}]},{"@type":"WebSite","@id":"https:\/\/thingstodoinmarrakech.ma\/#website","url":"https:\/\/thingstodoinmarrakech.ma\/","name":"Qu\u00e9 hacer en Marrakech","description":"Su viaje comienza aqu\u00ed","potentialAction":[{"@type":"SearchAction","target":{"@type":"EntryPoint","urlTemplate":"https:\/\/thingstodoinmarrakech.ma\/?s={search_term_string}"},"query-input":{"@type":"PropertyValueSpecification","valueRequired":true,"valueName":"search_term_string"}}],"inLanguage":"es"}]},"product_price_amount":"155.00","product_price_currency":"EUR","og_availability":"instock","product_availability":"instock","product_condition":"new"},"_links":{"self":[{"href":"https:\/\/thingstodoinmarrakech.ma\/es\/wp-json\/wp\/v2\/product\/9640","targetHints":{"allow":["GET"]}}],"collection":[{"href":"https:\/\/thingstodoinmarrakech.ma\/es\/wp-json\/wp\/v2\/product"}],"about":[{"href":"https:\/\/thingstodoinmarrakech.ma\/es\/wp-json\/wp\/v2\/types\/product"}],"replies":[{"embeddable":true,"href":"https:\/\/thingstodoinmarrakech.ma\/es\/wp-json\/wp\/v2\/comments?post=9640"}],"wp:featuredmedia":[{"embeddable":true,"href":"https:\/\/thingstodoinmarrakech.ma\/es\/wp-json\/wp\/v2\/media\/9641"}],"wp:attachment":[{"href":"https:\/\/thingstodoinmarrakech.ma\/es\/wp-json\/wp\/v2\/media?parent=9640"}],"wp:term":[{"taxonomy":"product_brand","embeddable":true,"href":"https:\/\/thingstodoinmarrakech.ma\/es\/wp-json\/wp\/v2\/product_brand?post=9640"},{"taxonomy":"product_cat","embeddable":true,"href":"https:\/\/thingstodoinmarrakech.ma\/es\/wp-json\/wp\/v2\/product_cat?post=9640"},{"taxonomy":"product_tag","embeddable":true,"href":"https:\/\/thingstodoinmarrakech.ma\/es\/wp-json\/wp\/v2\/product_tag?post=9640"}],"curies":[{"name":"wp","href":"https:\/\/api.w.org\/{rel}","templated":true}]}}