{"id":9637,"date":"2025-07-01T19:00:13","date_gmt":"2025-07-01T19:00:13","guid":{"rendered":"https:\/\/thingstodoinmarrakech.ma\/?post_type=product&#038;p=9637"},"modified":"2025-07-01T19:25:34","modified_gmt":"2025-07-01T19:25:34","slug":"agafay-day-pass-buggy-1000cc-acceso-piscina-almuerzo-copia","status":"publish","type":"product","link":"https:\/\/thingstodoinmarrakech.ma\/es\/product\/agafay-day-pass-buggy-1000cc-acceso-piscina-almuerzo-copia\/","title":{"rendered":"Day Pass Agafay: Buggy 1000cc, Acceso a la Piscina, Almuerzo (2 pax m\u00ednimo) &amp; Transporte"},"content":{"rendered":"<p data-start=\"567\" data-end=\"1064\">\u00bfBusca un d\u00eda completo de diversi\u00f3n y relajaci\u00f3n a las afueras de Marrakech? Este Pase de un D\u00eda Agafay combina aventura y comodidad en el desierto marroqu\u00ed.<br data-start=\"727\" data-end=\"730\" \/>Comience con un paseo guiado en buggy de 100 cc por los paisajes rocosos de Agafay, perfecto para los amantes de las emociones fuertes de todos los niveles de experiencia. Tras el paseo, rel\u00e1jese con acceso total a la piscina en un hermoso campamento del desierto. Reponga fuerzas con un delicioso almuerzo marroqu\u00ed y disfrute de las tranquilas vistas antes de regresar a Marrakech con traslados de ida y vuelta incluidos.<\/p>\n<p data-start=\"1593\" data-end=\"1618\"><strong data-start=\"1593\" data-end=\"1616\">Horario:<\/strong><\/p>\n<ul data-start=\"1619\" data-end=\"1827\">\n<li data-start=\"1619\" data-end=\"1654\">\n<p data-start=\"1621\" data-end=\"1654\">Salidas diarias desde Marrakech<\/p>\n<\/li>\n<li data-start=\"1655\" data-end=\"1720\">\n<p data-start=\"1657\" data-end=\"1720\">Recogida t\u00edpica: por la ma\u00f1ana (hora exacta confirmada tras la reserva)<\/p>\n<\/li>\n<li data-start=\"1721\" data-end=\"1794\">\n<p data-start=\"1723\" data-end=\"1794\">Duraci\u00f3n: unas 7 horas (paseo en buggy, tiempo en la piscina, almuerzo y traslados)<\/p>\n<\/li>\n<li data-start=\"1795\" data-end=\"1827\">\n<p data-start=\"1797\" data-end=\"1827\">M\u00faltiples horas de inicio disponibles<\/p>\n<\/li>\n<\/ul>\n<p data-start=\"1829\" data-end=\"1851\"><strong data-start=\"1829\" data-end=\"1849\">\u00bfA qui\u00e9n va dirigido?<\/strong><\/p>\n<ul data-start=\"1852\" data-end=\"2027\">\n<li data-start=\"1852\" data-end=\"1918\">\n<p data-start=\"1854\" data-end=\"1918\">Adecuado para adultos y ni\u00f1os mayores (puede aplicarse una edad m\u00ednima)<\/p>\n<\/li>\n<li data-start=\"1919\" data-end=\"1978\">\n<p data-start=\"1921\" data-end=\"1978\">Ideal para parejas, amigos, familias o viajeros en solitario<\/p>\n<\/li>\n<li data-start=\"1979\" data-end=\"2027\">\n<p data-start=\"1981\" data-end=\"2027\">No se necesita experiencia: se proporciona formaci\u00f3n completa<\/p>\n<\/li>\n<\/ul>\n<p data-start=\"2029\" data-end=\"2049\"><strong data-start=\"2029\" data-end=\"2047\">Qu\u00e9 llevar:<\/strong><\/p>\n<ul data-start=\"2050\" data-end=\"2262\">\n<li data-start=\"2050\" data-end=\"2098\">\n<p data-start=\"2052\" data-end=\"2098\">Ba\u00f1ador, toalla y chanclas para la piscina<\/p>\n<\/li>\n<li data-start=\"2099\" data-end=\"2162\">\n<p data-start=\"2101\" data-end=\"2162\">Ropa c\u00f3moda y calzado cerrado para la excursi\u00f3n en calesa<\/p>\n<\/li>\n<li data-start=\"2163\" data-end=\"2197\">\n<p data-start=\"2165\" data-end=\"2197\">Gafas de sol, crema solar y sombrero<\/p>\n<\/li>\n<li data-start=\"2198\" data-end=\"2228\">\n<p data-start=\"2200\" data-end=\"2228\">C\u00e1mara o tel\u00e9fono para fotos<\/p>\n<\/li>\n<li data-start=\"2229\" data-end=\"2262\">\n<p data-start=\"2231\" data-end=\"2262\">Chaqueta ligera para el fr\u00edo<\/p>\n<\/li>\n<\/ul>\n<p data-start=\"2264\" data-end=\"2375\"><strong data-start=\"2264\" data-end=\"2282\">Punto de encuentro:<\/strong><br data-start=\"2282\" data-end=\"2285\" \/>Recogida y entrega en su hotel, riad o residencia de Marrakech (a\u00f1ada los detalles al finalizar la compra)<\/p>\n<p data-start=\"2377\" data-end=\"2396\"><strong data-start=\"2377\" data-end=\"2394\">Es bueno saberlo:<\/strong><\/p>\n<ul data-start=\"2397\" data-end=\"2614\">\n<li data-start=\"2397\" data-end=\"2487\">\n<p data-start=\"2399\" data-end=\"2487\">Reserva como \"adulto\" para conducir la calesa, o como \"ni\u00f1o\" para ir de pasajero, incluso para adultos.<\/p>\n<\/li>\n<li data-start=\"2488\" data-end=\"2571\">\n<p data-start=\"2490\" data-end=\"2571\">Se pueden atender peticiones vegetarianas y diet\u00e9ticas (ind\u00edquelo al hacer la reserva).<\/p>\n<\/li>\n<li data-start=\"2572\" data-end=\"2614\">\n<p data-start=\"2574\" data-end=\"2614\">La excursi\u00f3n se realiza en la mayor\u00eda de las condiciones meteorol\u00f3gicas<\/p>\n<\/li>\n<\/ul>\n<p data-start=\"2616\" data-end=\"2643\"><strong data-start=\"2616\" data-end=\"2641\">Instrucciones de reserva:<\/strong><\/p>\n<ul data-start=\"2644\" data-end=\"2868\">\n<li data-start=\"2644\" data-end=\"2693\">\n<p data-start=\"2646\" data-end=\"2693\">Selecciona \"adulto\" si quieres conducir el buggy<\/p>\n<\/li>\n<li data-start=\"2694\" data-end=\"2762\">\n<p data-start=\"2696\" data-end=\"2762\">Seleccione \"Ni\u00f1os\" si desea viajar como pasajero, incluso para adultos<\/p>\n<\/li>\n<li data-start=\"2763\" data-end=\"2868\">\n<p data-start=\"2765\" data-end=\"2868\">Indique su n\u00famero de WhatsApp completo con el prefijo del pa\u00eds y su hotel o residencia para facilitar la recogida<\/p>\n<\/li>\n<\/ul>","protected":false},"excerpt":{"rendered":"<p>\u00a1Disfrute de un pase de un d\u00eda en el desierto de Agafay repleto de acci\u00f3n! Comparta una poderosa aventura en buggy, rel\u00e1jese junto a una hermosa piscina, saboree un almuerzo marroqu\u00ed y disfrute de traslados de ida y vuelta desde Marrakech. Se requieren dos personas por buggy.<\/p>","protected":false},"featured_media":9636,"comment_status":"open","ping_status":"closed","template":"","meta":[],"product_brand":[],"product_cat":[57],"product_tag":[66,78,84,62,65,75,80,74,79],"class_list":{"0":"post-9637","1":"product","2":"type-product","3":"status-publish","4":"has-post-thumbnail","6":"brw_tour_types-day-passes","7":"product_cat-day-passes","8":"product_tag-adventure","9":"product_tag-agafay-day-pass","10":"product_tag-buggy","11":"product_tag-camel-ride","12":"product_tag-family-friendly","13":"product_tag-group","14":"product_tag-lunch","15":"product_tag-marrakech","16":"product_tag-pool-access","18":"first","19":"instock","20":"sale","21":"featured","22":"shipping-taxable","23":"purchasable","24":"product-type-ovabrw_car_rental"},"yoast_head":"<!-- This site is optimized with the Yoast SEO Premium plugin v25.3.1 (Yoast SEO v27.2) - https:\/\/yoast.com\/product\/yoast-seo-premium-wordpress\/ -->\n<title>gafay Day Pass: Buggy 1000cc, Pool, Lunch &amp; Transfers (2 pax)<\/title>\n<meta name=\"description\" content=\"Book your Agafay Day Pass with buggy 1000cc adventure (2 people per buggy), pool access, Moroccan lunch, and round-trip transfers from Marrakech.\" \/>\n<meta name=\"robots\" content=\"index, follow, max-snippet:-1, max-image-preview:large, max-video-preview:-1\" \/>\n<link rel=\"canonical\" href=\"https:\/\/thingstodoinmarrakech.ma\/es\/product\/agafay-day-pass-buggy-1000cc-acceso-piscina-almuerzo-copia\/\" \/>\n<meta property=\"og:locale\" content=\"es_ES\" \/>\n<meta property=\"og:type\" content=\"article\" \/>\n<meta property=\"og:title\" content=\"Agafay Day Pass: Buggy 1000cc, Pool Access, Lunch (2 pax minimum) &amp; Transportation\" \/>\n<meta property=\"og:description\" content=\"Book your Agafay Day Pass with buggy 1000cc adventure (2 people per buggy), pool access, Moroccan lunch, and round-trip transfers from Marrakech.\" \/>\n<meta property=\"og:url\" content=\"https:\/\/thingstodoinmarrakech.ma\/es\/product\/agafay-day-pass-buggy-1000cc-acceso-piscina-almuerzo-copia\/\" \/>\n<meta property=\"og:site_name\" content=\"Things To Do In Marrakech\" \/>\n<meta property=\"article:modified_time\" content=\"2025-07-01T19:25:34+00:00\" \/>\n<meta property=\"og:image\" content=\"https:\/\/thingstodoinmarrakech.ma\/wp-content\/uploads\/2025\/07\/actFichier-2.png\" \/>\n\t<meta property=\"og:image:width\" content=\"670\" \/>\n\t<meta property=\"og:image:height\" content=\"447\" \/>\n\t<meta property=\"og:image:type\" content=\"image\/png\" \/>\n<meta name=\"twitter:card\" content=\"summary_large_image\" \/>\n<meta name=\"twitter:label1\" content=\"Precio\" \/>\n\t<meta name=\"twitter:data1\" content=\"&euro;170,00\" \/>\n\t<meta name=\"twitter:label2\" content=\"Disponibilidad\" \/>\n\t<meta name=\"twitter:data2\" content=\"Disponible\" \/>\n<script type=\"application\/ld+json\" class=\"yoast-schema-graph\">{\"@context\":\"https:\/\/schema.org\",\"@graph\":[{\"@type\":\"WebPage\",\"@id\":\"https:\/\/thingstodoinmarrakech.ma\/product\/agafay-day-pass-buggy-1000cc-pool-access-lunch-copy\/\",\"url\":\"https:\/\/thingstodoinmarrakech.ma\/product\/agafay-day-pass-buggy-1000cc-pool-access-lunch-copy\/\",\"name\":\"gafay Day Pass: Buggy 1000cc, Pool, Lunch & Transfers (2 pax)\",\"isPartOf\":{\"@id\":\"https:\/\/thingstodoinmarrakech.ma\/#website\"},\"primaryImageOfPage\":{\"@id\":\"https:\/\/thingstodoinmarrakech.ma\/product\/agafay-day-pass-buggy-1000cc-pool-access-lunch-copy\/#primaryimage\"},\"image\":{\"@id\":\"https:\/\/thingstodoinmarrakech.ma\/product\/agafay-day-pass-buggy-1000cc-pool-access-lunch-copy\/#primaryimage\"},\"thumbnailUrl\":\"https:\/\/thingstodoinmarrakech.ma\/wp-content\/uploads\/2025\/07\/actFichier-2.png\",\"datePublished\":\"2025-07-01T19:00:13+00:00\",\"dateModified\":\"2025-07-01T19:25:34+00:00\",\"description\":\"Book your Agafay Day Pass with buggy 1000cc adventure (2 people per buggy), pool access, Moroccan lunch, and round-trip transfers from Marrakech.\",\"breadcrumb\":{\"@id\":\"https:\/\/thingstodoinmarrakech.ma\/product\/agafay-day-pass-buggy-1000cc-pool-access-lunch-copy\/#breadcrumb\"},\"inLanguage\":\"es\",\"potentialAction\":[{\"@type\":\"ReadAction\",\"target\":[\"https:\/\/thingstodoinmarrakech.ma\/product\/agafay-day-pass-buggy-1000cc-pool-access-lunch-copy\/\"]}]},{\"@type\":\"ImageObject\",\"inLanguage\":\"es\",\"@id\":\"https:\/\/thingstodoinmarrakech.ma\/product\/agafay-day-pass-buggy-1000cc-pool-access-lunch-copy\/#primaryimage\",\"url\":\"https:\/\/thingstodoinmarrakech.ma\/wp-content\/uploads\/2025\/07\/actFichier-2.png\",\"contentUrl\":\"https:\/\/thingstodoinmarrakech.ma\/wp-content\/uploads\/2025\/07\/actFichier-2.png\",\"width\":670,\"height\":447,\"caption\":\"Two guests sharing a buggy ride in the Agafay Desert, relaxing by a pool, and enjoying Moroccan lunch at a desert camp\"},{\"@type\":\"BreadcrumbList\",\"@id\":\"https:\/\/thingstodoinmarrakech.ma\/product\/agafay-day-pass-buggy-1000cc-pool-access-lunch-copy\/#breadcrumb\",\"itemListElement\":[{\"@type\":\"ListItem\",\"position\":1,\"name\":\"Home\",\"item\":\"https:\/\/thingstodoinmarrakech.ma\/\"},{\"@type\":\"ListItem\",\"position\":2,\"name\":\"Shop\",\"item\":\"https:\/\/thingstodoinmarrakech.ma\/shop\/\"},{\"@type\":\"ListItem\",\"position\":3,\"name\":\"Agafay Day Pass: Buggy 1000cc, Pool Access, Lunch (2 pax minimum) &#038; Transportation\"}]},{\"@type\":\"WebSite\",\"@id\":\"https:\/\/thingstodoinmarrakech.ma\/#website\",\"url\":\"https:\/\/thingstodoinmarrakech.ma\/\",\"name\":\"Things To Do In Marrakech\",\"description\":\"Your journey starts here\",\"potentialAction\":[{\"@type\":\"SearchAction\",\"target\":{\"@type\":\"EntryPoint\",\"urlTemplate\":\"https:\/\/thingstodoinmarrakech.ma\/?s={search_term_string}\"},\"query-input\":{\"@type\":\"PropertyValueSpecification\",\"valueRequired\":true,\"valueName\":\"search_term_string\"}}],\"inLanguage\":\"es\"}]}<\/script>\n<meta property=\"product:price:amount\" content=\"170.00\" \/>\n<meta property=\"product:price:currency\" content=\"EUR\" \/>\n<meta property=\"og:availability\" content=\"instock\" \/>\n<meta property=\"product:availability\" content=\"instock\" \/>\n<meta property=\"product:condition\" content=\"new\" \/>\n<!-- \/ Yoast SEO Premium plugin. -->","yoast_head_json":{"title":"Pase de un d\u00eda gafay: Buggy 1000cc, Piscina, Comida y Traslados (2 pax)","description":"Reserve su Agafay Day Pass con aventura en buggy 1000cc (2 personas por buggy), acceso a la piscina, almuerzo marroqu\u00ed y traslados de ida y vuelta desde Marrakech.","robots":{"index":"index","follow":"follow","max-snippet":"max-snippet:-1","max-image-preview":"max-image-preview:large","max-video-preview":"max-video-preview:-1"},"canonical":"https:\/\/thingstodoinmarrakech.ma\/es\/product\/agafay-day-pass-buggy-1000cc-acceso-piscina-almuerzo-copia\/","og_locale":"es_ES","og_type":"article","og_title":"Agafay Day Pass: Buggy 1000cc, Pool Access, Lunch (2 pax minimum) & Transportation","og_description":"Book your Agafay Day Pass with buggy 1000cc adventure (2 people per buggy), pool access, Moroccan lunch, and round-trip transfers from Marrakech.","og_url":"https:\/\/thingstodoinmarrakech.ma\/es\/product\/agafay-day-pass-buggy-1000cc-acceso-piscina-almuerzo-copia\/","og_site_name":"Things To Do In Marrakech","article_modified_time":"2025-07-01T19:25:34+00:00","og_image":[{"width":670,"height":447,"url":"https:\/\/thingstodoinmarrakech.ma\/wp-content\/uploads\/2025\/07\/actFichier-2.png","type":"image\/png"}],"twitter_card":"summary_large_image","twitter_misc":{"Precio":"&euro;170,00","Disponibilidad":"Disponible"},"schema":{"@context":"https:\/\/schema.org","@graph":[{"@type":"WebPage","@id":"https:\/\/thingstodoinmarrakech.ma\/product\/agafay-day-pass-buggy-1000cc-pool-access-lunch-copy\/","url":"https:\/\/thingstodoinmarrakech.ma\/product\/agafay-day-pass-buggy-1000cc-pool-access-lunch-copy\/","name":"Pase de un d\u00eda gafay: Buggy 1000cc, Piscina, Comida y Traslados (2 pax)","isPartOf":{"@id":"https:\/\/thingstodoinmarrakech.ma\/#website"},"primaryImageOfPage":{"@id":"https:\/\/thingstodoinmarrakech.ma\/product\/agafay-day-pass-buggy-1000cc-pool-access-lunch-copy\/#primaryimage"},"image":{"@id":"https:\/\/thingstodoinmarrakech.ma\/product\/agafay-day-pass-buggy-1000cc-pool-access-lunch-copy\/#primaryimage"},"thumbnailUrl":"https:\/\/thingstodoinmarrakech.ma\/wp-content\/uploads\/2025\/07\/actFichier-2.png","datePublished":"2025-07-01T19:00:13+00:00","dateModified":"2025-07-01T19:25:34+00:00","description":"Reserve su Agafay Day Pass con aventura en buggy 1000cc (2 personas por buggy), acceso a la piscina, almuerzo marroqu\u00ed y traslados de ida y vuelta desde Marrakech.","breadcrumb":{"@id":"https:\/\/thingstodoinmarrakech.ma\/product\/agafay-day-pass-buggy-1000cc-pool-access-lunch-copy\/#breadcrumb"},"inLanguage":"es","potentialAction":[{"@type":"ReadAction","target":["https:\/\/thingstodoinmarrakech.ma\/product\/agafay-day-pass-buggy-1000cc-pool-access-lunch-copy\/"]}]},{"@type":"ImageObject","inLanguage":"es","@id":"https:\/\/thingstodoinmarrakech.ma\/product\/agafay-day-pass-buggy-1000cc-pool-access-lunch-copy\/#primaryimage","url":"https:\/\/thingstodoinmarrakech.ma\/wp-content\/uploads\/2025\/07\/actFichier-2.png","contentUrl":"https:\/\/thingstodoinmarrakech.ma\/wp-content\/uploads\/2025\/07\/actFichier-2.png","width":670,"height":447,"caption":"Two guests sharing a buggy ride in the Agafay Desert, relaxing by a pool, and enjoying Moroccan lunch at a desert camp"},{"@type":"BreadcrumbList","@id":"https:\/\/thingstodoinmarrakech.ma\/product\/agafay-day-pass-buggy-1000cc-pool-access-lunch-copy\/#breadcrumb","itemListElement":[{"@type":"ListItem","position":1,"name":"Home","item":"https:\/\/thingstodoinmarrakech.ma\/"},{"@type":"ListItem","position":2,"name":"Shop","item":"https:\/\/thingstodoinmarrakech.ma\/shop\/"},{"@type":"ListItem","position":3,"name":"Agafay Day Pass: Buggy 1000cc, Pool Access, Lunch (2 pax minimum) &#038; Transportation"}]},{"@type":"WebSite","@id":"https:\/\/thingstodoinmarrakech.ma\/#website","url":"https:\/\/thingstodoinmarrakech.ma\/","name":"Qu\u00e9 hacer en Marrakech","description":"Su viaje comienza aqu\u00ed","potentialAction":[{"@type":"SearchAction","target":{"@type":"EntryPoint","urlTemplate":"https:\/\/thingstodoinmarrakech.ma\/?s={search_term_string}"},"query-input":{"@type":"PropertyValueSpecification","valueRequired":true,"valueName":"search_term_string"}}],"inLanguage":"es"}]},"product_price_amount":"170.00","product_price_currency":"EUR","og_availability":"instock","product_availability":"instock","product_condition":"new"},"_links":{"self":[{"href":"https:\/\/thingstodoinmarrakech.ma\/es\/wp-json\/wp\/v2\/product\/9637","targetHints":{"allow":["GET"]}}],"collection":[{"href":"https:\/\/thingstodoinmarrakech.ma\/es\/wp-json\/wp\/v2\/product"}],"about":[{"href":"https:\/\/thingstodoinmarrakech.ma\/es\/wp-json\/wp\/v2\/types\/product"}],"replies":[{"embeddable":true,"href":"https:\/\/thingstodoinmarrakech.ma\/es\/wp-json\/wp\/v2\/comments?post=9637"}],"wp:featuredmedia":[{"embeddable":true,"href":"https:\/\/thingstodoinmarrakech.ma\/es\/wp-json\/wp\/v2\/media\/9636"}],"wp:attachment":[{"href":"https:\/\/thingstodoinmarrakech.ma\/es\/wp-json\/wp\/v2\/media?parent=9637"}],"wp:term":[{"taxonomy":"product_brand","embeddable":true,"href":"https:\/\/thingstodoinmarrakech.ma\/es\/wp-json\/wp\/v2\/product_brand?post=9637"},{"taxonomy":"product_cat","embeddable":true,"href":"https:\/\/thingstodoinmarrakech.ma\/es\/wp-json\/wp\/v2\/product_cat?post=9637"},{"taxonomy":"product_tag","embeddable":true,"href":"https:\/\/thingstodoinmarrakech.ma\/es\/wp-json\/wp\/v2\/product_tag?post=9637"}],"curies":[{"name":"wp","href":"https:\/\/api.w.org\/{rel}","templated":true}]}}