{"id":9635,"date":"2025-07-01T18:38:43","date_gmt":"2025-07-01T18:38:43","guid":{"rendered":"https:\/\/thingstodoinmarrakech.ma\/?post_type=product&#038;p=9635"},"modified":"2025-07-01T19:24:56","modified_gmt":"2025-07-01T19:24:56","slug":"agafay-day-pass-buggy-500cc-acceso-piscina-almuerzo","status":"publish","type":"product","link":"https:\/\/thingstodoinmarrakech.ma\/es\/product\/agafay-day-pass-buggy-500cc-acceso-piscina-almuerzo\/","title":{"rendered":"Day Pass Agafay: Buggy 500cc, Acceso a la Piscina, Almuerzo (2 pax m\u00ednimo) &amp; Transporte"},"content":{"rendered":"<p>&nbsp;<\/p>\n<p data-start=\"629\" data-end=\"1130\">\u00bfBusca la combinaci\u00f3n perfecta de aventura y relax? \u00a1Este Pase de un D\u00eda Agafay es para ti!<br data-start=\"735\" data-end=\"738\" \/>Comience con un emocionante paseo en buggy por el rocoso desierto de Agafay: cada buggy tiene capacidad para dos personas, por lo que es perfecto para parejas o amigos. Tras el subid\u00f3n de adrenalina, refr\u00e9squese y rel\u00e1jese con acceso total a una tranquila piscina en un elegante campamento del desierto. Recargue energ\u00edas con un delicioso almuerzo marroqu\u00ed mientras disfruta de las impresionantes vistas.<br data-start=\"1057\" data-end=\"1060\" \/>Su d\u00eda estar\u00e1 libre de estr\u00e9s gracias a los traslados de ida y vuelta desde Marrakech.<\/p>\n<p data-start=\"1676\" data-end=\"1701\"><strong data-start=\"1676\" data-end=\"1699\">Horario:<\/strong><\/p>\n<ul data-start=\"1702\" data-end=\"1951\">\n<li data-start=\"1702\" data-end=\"1737\">\n<p data-start=\"1704\" data-end=\"1737\">Salidas diarias desde Marrakech<\/p>\n<\/li>\n<li data-start=\"1738\" data-end=\"1803\">\n<p data-start=\"1740\" data-end=\"1803\">Recogida t\u00edpica: por la ma\u00f1ana (hora exacta confirmada tras la reserva)<\/p>\n<\/li>\n<li data-start=\"1804\" data-end=\"1881\">\n<p data-start=\"1806\" data-end=\"1881\">Duraci\u00f3n: aproximadamente 7 horas (paseo en buggy, tiempo en la piscina, almuerzo, traslados)<\/p>\n<\/li>\n<\/ul>\n<p data-start=\"1953\" data-end=\"1975\"><strong data-start=\"1953\" data-end=\"1973\">\u00bfA qui\u00e9n va dirigido?<\/strong><\/p>\n<ul data-start=\"1976\" data-end=\"2197\">\n<li data-start=\"1976\" data-end=\"2042\">\n<p data-start=\"1978\" data-end=\"2042\">Adultos y ni\u00f1os mayores (edad m\u00ednima y requisitos aplicables)<\/p>\n<\/li>\n<li data-start=\"2043\" data-end=\"2121\">\n<p data-start=\"2045\" data-end=\"2121\">Cada silla de paseo tiene capacidad para dos personas, ideal para parejas, amigos o familias (m\u00ednimo 2 personas).<\/p>\n<\/li>\n<li data-start=\"2122\" data-end=\"2197\">\n<p data-start=\"2124\" data-end=\"2197\">No es necesario tener experiencia previa; se proporciona instrucci\u00f3n completa e instrucciones de seguridad.<\/p>\n<\/li>\n<\/ul>\n<p data-start=\"2199\" data-end=\"2219\"><strong data-start=\"2199\" data-end=\"2217\">Qu\u00e9 llevar:<\/strong><\/p>\n<ul data-start=\"2220\" data-end=\"2420\">\n<li data-start=\"2220\" data-end=\"2268\">\n<p data-start=\"2222\" data-end=\"2268\">Ba\u00f1ador, toalla y chanclas para la piscina<\/p>\n<\/li>\n<li data-start=\"2269\" data-end=\"2321\">\n<p data-start=\"2271\" data-end=\"2321\">Ropa y calzado c\u00f3modos para la excursi\u00f3n en calesa<\/p>\n<\/li>\n<li data-start=\"2322\" data-end=\"2356\">\n<p data-start=\"2324\" data-end=\"2356\">Gafas de sol, crema solar y sombrero<\/p>\n<\/li>\n<li data-start=\"2357\" data-end=\"2387\">\n<p data-start=\"2359\" data-end=\"2387\">C\u00e1mara o tel\u00e9fono para fotos<\/p>\n<\/li>\n<li data-start=\"2388\" data-end=\"2420\">\n<p data-start=\"2390\" data-end=\"2420\">Chaqueta ligera para los meses m\u00e1s fr\u00edos<\/p>\n<\/li>\n<\/ul>\n<p data-start=\"2422\" data-end=\"2540\"><strong data-start=\"2422\" data-end=\"2440\">Punto de encuentro:<\/strong><br data-start=\"2440\" data-end=\"2443\" \/>Recogida y entrega en su hotel, riad o residencia de Marrakech (a\u00f1ada los detalles al finalizar la compra)<\/p>\n<p data-start=\"2542\" data-end=\"2561\"><strong data-start=\"2542\" data-end=\"2559\">Es bueno saberlo:<\/strong><\/p>\n<ul data-start=\"2562\" data-end=\"2783\">\n<li data-start=\"2562\" data-end=\"2652\">\n<p data-start=\"2564\" data-end=\"2652\">Reserva como \"adulto\" para conducir la calesa, o como \"ni\u00f1o\" para ir de pasajero, incluso para adultos.<\/p>\n<\/li>\n<li data-start=\"2653\" data-end=\"2736\">\n<p data-start=\"2655\" data-end=\"2736\">Se pueden atender peticiones vegetarianas y diet\u00e9ticas (ind\u00edquelo al hacer la reserva).<\/p>\n<\/li>\n<li data-start=\"2737\" data-end=\"2783\">\n<p data-start=\"2739\" data-end=\"2783\">La excursi\u00f3n se realiza en la mayor\u00eda de las condiciones meteorol\u00f3gicas<\/p>\n<\/li>\n<\/ul>\n<p data-start=\"2785\" data-end=\"2812\"><strong data-start=\"2785\" data-end=\"2810\">Instrucciones de reserva:<\/strong><\/p>\n<ul data-start=\"2813\" data-end=\"3093\">\n<li data-start=\"2813\" data-end=\"2863\">\n<p data-start=\"2815\" data-end=\"2863\"><strong>Reserva como \"adulto\" si quieres conducir el buggy<\/strong><\/p>\n<\/li>\n<li data-start=\"2864\" data-end=\"2933\">\n<p data-start=\"2866\" data-end=\"2933\"><strong>Reserve como \"Ni\u00f1os\" si desea ir como pasajero, incluso para adultos<\/strong><\/p>\n<\/li>\n<li data-start=\"2934\" data-end=\"2987\">\n<p data-start=\"2936\" data-end=\"2987\">Se requiere un m\u00ednimo de dos participantes por buggy<\/p>\n<\/li>\n<li data-start=\"2988\" data-end=\"3093\">\n<p data-start=\"2990\" data-end=\"3093\">Indique su n\u00famero de WhatsApp completo con el prefijo del pa\u00eds y su hotel o residencia para facilitar la recogida<\/p>\n<\/li>\n<\/ul>","protected":false},"excerpt":{"rendered":"<p>\u00a1Disfrute de un pase de un d\u00eda en el desierto de Agafay repleto de acci\u00f3n! Comparta una poderosa aventura en buggy, rel\u00e1jese junto a una hermosa piscina, saboree un almuerzo marroqu\u00ed y disfrute de traslados de ida y vuelta desde Marrakech. Se requieren dos personas por buggy.<\/p>","protected":false},"featured_media":9636,"comment_status":"open","ping_status":"closed","template":"","meta":[],"product_brand":[],"product_cat":[57],"product_tag":[66,78,84,62,65,75,80,74,79],"class_list":{"0":"post-9635","1":"product","2":"type-product","3":"status-publish","4":"has-post-thumbnail","6":"brw_tour_types-day-passes","7":"product_cat-day-passes","8":"product_tag-adventure","9":"product_tag-agafay-day-pass","10":"product_tag-buggy","11":"product_tag-camel-ride","12":"product_tag-family-friendly","13":"product_tag-group","14":"product_tag-lunch","15":"product_tag-marrakech","16":"product_tag-pool-access","18":"first","19":"instock","20":"sale","21":"featured","22":"shipping-taxable","23":"purchasable","24":"product-type-ovabrw_car_rental"},"yoast_head":"<!-- This site is optimized with the Yoast SEO Premium plugin v25.3.1 (Yoast SEO v27.2) - https:\/\/yoast.com\/product\/yoast-seo-premium-wordpress\/ -->\n<title>gafay Day Pass: Buggy 500cc, Pool, Lunch &amp; Transfers (2 pax)<\/title>\n<meta name=\"description\" content=\"Book your Agafay Day Pass with buggy 500cc adventure (2 people per buggy), pool access, Moroccan lunch, and round-trip transfers from Marrakech.\" \/>\n<meta name=\"robots\" content=\"index, follow, max-snippet:-1, max-image-preview:large, max-video-preview:-1\" \/>\n<link rel=\"canonical\" href=\"https:\/\/thingstodoinmarrakech.ma\/es\/product\/agafay-day-pass-buggy-500cc-acceso-piscina-almuerzo\/\" \/>\n<meta property=\"og:locale\" content=\"es_ES\" \/>\n<meta property=\"og:type\" content=\"article\" \/>\n<meta property=\"og:title\" content=\"Agafay Day Pass: Buggy 500cc, Pool Access, Lunch (2 pax minimum) &amp; Transportation\" \/>\n<meta property=\"og:description\" content=\"Book your Agafay Day Pass with buggy 500cc adventure (2 people per buggy), pool access, Moroccan lunch, and round-trip transfers from Marrakech.\" \/>\n<meta property=\"og:url\" content=\"https:\/\/thingstodoinmarrakech.ma\/es\/product\/agafay-day-pass-buggy-500cc-acceso-piscina-almuerzo\/\" \/>\n<meta property=\"og:site_name\" content=\"Things To Do In Marrakech\" \/>\n<meta property=\"article:modified_time\" content=\"2025-07-01T19:24:56+00:00\" \/>\n<meta property=\"og:image\" content=\"https:\/\/thingstodoinmarrakech.ma\/wp-content\/uploads\/2025\/07\/actFichier-2.png\" \/>\n\t<meta property=\"og:image:width\" content=\"670\" \/>\n\t<meta property=\"og:image:height\" content=\"447\" \/>\n\t<meta property=\"og:image:type\" content=\"image\/png\" \/>\n<meta name=\"twitter:card\" content=\"summary_large_image\" \/>\n<meta name=\"twitter:label1\" content=\"Precio\" \/>\n\t<meta name=\"twitter:data1\" content=\"&euro;145,00\" \/>\n\t<meta name=\"twitter:label2\" content=\"Disponibilidad\" \/>\n\t<meta name=\"twitter:data2\" content=\"Disponible\" \/>\n<script type=\"application\/ld+json\" class=\"yoast-schema-graph\">{\"@context\":\"https:\/\/schema.org\",\"@graph\":[{\"@type\":\"WebPage\",\"@id\":\"https:\/\/thingstodoinmarrakech.ma\/product\/agafay-day-pass-buggy-500cc-pool-access-lunch\/\",\"url\":\"https:\/\/thingstodoinmarrakech.ma\/product\/agafay-day-pass-buggy-500cc-pool-access-lunch\/\",\"name\":\"gafay Day Pass: Buggy 500cc, Pool, Lunch & Transfers (2 pax)\",\"isPartOf\":{\"@id\":\"https:\/\/thingstodoinmarrakech.ma\/#website\"},\"primaryImageOfPage\":{\"@id\":\"https:\/\/thingstodoinmarrakech.ma\/product\/agafay-day-pass-buggy-500cc-pool-access-lunch\/#primaryimage\"},\"image\":{\"@id\":\"https:\/\/thingstodoinmarrakech.ma\/product\/agafay-day-pass-buggy-500cc-pool-access-lunch\/#primaryimage\"},\"thumbnailUrl\":\"https:\/\/thingstodoinmarrakech.ma\/wp-content\/uploads\/2025\/07\/actFichier-2.png\",\"datePublished\":\"2025-07-01T18:38:43+00:00\",\"dateModified\":\"2025-07-01T19:24:56+00:00\",\"description\":\"Book your Agafay Day Pass with buggy 500cc adventure (2 people per buggy), pool access, Moroccan lunch, and round-trip transfers from Marrakech.\",\"breadcrumb\":{\"@id\":\"https:\/\/thingstodoinmarrakech.ma\/product\/agafay-day-pass-buggy-500cc-pool-access-lunch\/#breadcrumb\"},\"inLanguage\":\"es\",\"potentialAction\":[{\"@type\":\"ReadAction\",\"target\":[\"https:\/\/thingstodoinmarrakech.ma\/product\/agafay-day-pass-buggy-500cc-pool-access-lunch\/\"]}]},{\"@type\":\"ImageObject\",\"inLanguage\":\"es\",\"@id\":\"https:\/\/thingstodoinmarrakech.ma\/product\/agafay-day-pass-buggy-500cc-pool-access-lunch\/#primaryimage\",\"url\":\"https:\/\/thingstodoinmarrakech.ma\/wp-content\/uploads\/2025\/07\/actFichier-2.png\",\"contentUrl\":\"https:\/\/thingstodoinmarrakech.ma\/wp-content\/uploads\/2025\/07\/actFichier-2.png\",\"width\":670,\"height\":447,\"caption\":\"Two guests sharing a buggy ride in the Agafay Desert, relaxing by a pool, and enjoying Moroccan lunch at a desert camp\"},{\"@type\":\"BreadcrumbList\",\"@id\":\"https:\/\/thingstodoinmarrakech.ma\/product\/agafay-day-pass-buggy-500cc-pool-access-lunch\/#breadcrumb\",\"itemListElement\":[{\"@type\":\"ListItem\",\"position\":1,\"name\":\"Home\",\"item\":\"https:\/\/thingstodoinmarrakech.ma\/\"},{\"@type\":\"ListItem\",\"position\":2,\"name\":\"Shop\",\"item\":\"https:\/\/thingstodoinmarrakech.ma\/shop\/\"},{\"@type\":\"ListItem\",\"position\":3,\"name\":\"Agafay Day Pass: Buggy 500cc, Pool Access, Lunch (2 pax minimum) &#038; Transportation\"}]},{\"@type\":\"WebSite\",\"@id\":\"https:\/\/thingstodoinmarrakech.ma\/#website\",\"url\":\"https:\/\/thingstodoinmarrakech.ma\/\",\"name\":\"Things To Do In Marrakech\",\"description\":\"Your journey starts here\",\"potentialAction\":[{\"@type\":\"SearchAction\",\"target\":{\"@type\":\"EntryPoint\",\"urlTemplate\":\"https:\/\/thingstodoinmarrakech.ma\/?s={search_term_string}\"},\"query-input\":{\"@type\":\"PropertyValueSpecification\",\"valueRequired\":true,\"valueName\":\"search_term_string\"}}],\"inLanguage\":\"es\"}]}<\/script>\n<meta property=\"product:price:amount\" content=\"145.00\" \/>\n<meta property=\"product:price:currency\" content=\"EUR\" \/>\n<meta property=\"og:availability\" content=\"instock\" \/>\n<meta property=\"product:availability\" content=\"instock\" \/>\n<meta property=\"product:condition\" content=\"new\" \/>\n<!-- \/ Yoast SEO Premium plugin. -->","yoast_head_json":{"title":"Pase de un d\u00eda gafay: Buggy 500cc, Piscina, Comida y Traslados (2 pax)","description":"Reserve su Agafay Day Pass con aventura en buggy 500cc (2 personas por buggy), acceso a la piscina, almuerzo marroqu\u00ed y traslados de ida y vuelta desde Marrakech.","robots":{"index":"index","follow":"follow","max-snippet":"max-snippet:-1","max-image-preview":"max-image-preview:large","max-video-preview":"max-video-preview:-1"},"canonical":"https:\/\/thingstodoinmarrakech.ma\/es\/product\/agafay-day-pass-buggy-500cc-acceso-piscina-almuerzo\/","og_locale":"es_ES","og_type":"article","og_title":"Agafay Day Pass: Buggy 500cc, Pool Access, Lunch (2 pax minimum) & Transportation","og_description":"Book your Agafay Day Pass with buggy 500cc adventure (2 people per buggy), pool access, Moroccan lunch, and round-trip transfers from Marrakech.","og_url":"https:\/\/thingstodoinmarrakech.ma\/es\/product\/agafay-day-pass-buggy-500cc-acceso-piscina-almuerzo\/","og_site_name":"Things To Do In Marrakech","article_modified_time":"2025-07-01T19:24:56+00:00","og_image":[{"width":670,"height":447,"url":"https:\/\/thingstodoinmarrakech.ma\/wp-content\/uploads\/2025\/07\/actFichier-2.png","type":"image\/png"}],"twitter_card":"summary_large_image","twitter_misc":{"Precio":"&euro;145,00","Disponibilidad":"Disponible"},"schema":{"@context":"https:\/\/schema.org","@graph":[{"@type":"WebPage","@id":"https:\/\/thingstodoinmarrakech.ma\/product\/agafay-day-pass-buggy-500cc-pool-access-lunch\/","url":"https:\/\/thingstodoinmarrakech.ma\/product\/agafay-day-pass-buggy-500cc-pool-access-lunch\/","name":"Pase de un d\u00eda gafay: Buggy 500cc, Piscina, Comida y Traslados (2 pax)","isPartOf":{"@id":"https:\/\/thingstodoinmarrakech.ma\/#website"},"primaryImageOfPage":{"@id":"https:\/\/thingstodoinmarrakech.ma\/product\/agafay-day-pass-buggy-500cc-pool-access-lunch\/#primaryimage"},"image":{"@id":"https:\/\/thingstodoinmarrakech.ma\/product\/agafay-day-pass-buggy-500cc-pool-access-lunch\/#primaryimage"},"thumbnailUrl":"https:\/\/thingstodoinmarrakech.ma\/wp-content\/uploads\/2025\/07\/actFichier-2.png","datePublished":"2025-07-01T18:38:43+00:00","dateModified":"2025-07-01T19:24:56+00:00","description":"Reserve su Agafay Day Pass con aventura en buggy 500cc (2 personas por buggy), acceso a la piscina, almuerzo marroqu\u00ed y traslados de ida y vuelta desde Marrakech.","breadcrumb":{"@id":"https:\/\/thingstodoinmarrakech.ma\/product\/agafay-day-pass-buggy-500cc-pool-access-lunch\/#breadcrumb"},"inLanguage":"es","potentialAction":[{"@type":"ReadAction","target":["https:\/\/thingstodoinmarrakech.ma\/product\/agafay-day-pass-buggy-500cc-pool-access-lunch\/"]}]},{"@type":"ImageObject","inLanguage":"es","@id":"https:\/\/thingstodoinmarrakech.ma\/product\/agafay-day-pass-buggy-500cc-pool-access-lunch\/#primaryimage","url":"https:\/\/thingstodoinmarrakech.ma\/wp-content\/uploads\/2025\/07\/actFichier-2.png","contentUrl":"https:\/\/thingstodoinmarrakech.ma\/wp-content\/uploads\/2025\/07\/actFichier-2.png","width":670,"height":447,"caption":"Two guests sharing a buggy ride in the Agafay Desert, relaxing by a pool, and enjoying Moroccan lunch at a desert camp"},{"@type":"BreadcrumbList","@id":"https:\/\/thingstodoinmarrakech.ma\/product\/agafay-day-pass-buggy-500cc-pool-access-lunch\/#breadcrumb","itemListElement":[{"@type":"ListItem","position":1,"name":"Home","item":"https:\/\/thingstodoinmarrakech.ma\/"},{"@type":"ListItem","position":2,"name":"Shop","item":"https:\/\/thingstodoinmarrakech.ma\/shop\/"},{"@type":"ListItem","position":3,"name":"Agafay Day Pass: Buggy 500cc, Pool Access, Lunch (2 pax minimum) &#038; Transportation"}]},{"@type":"WebSite","@id":"https:\/\/thingstodoinmarrakech.ma\/#website","url":"https:\/\/thingstodoinmarrakech.ma\/","name":"Qu\u00e9 hacer en Marrakech","description":"Su viaje comienza aqu\u00ed","potentialAction":[{"@type":"SearchAction","target":{"@type":"EntryPoint","urlTemplate":"https:\/\/thingstodoinmarrakech.ma\/?s={search_term_string}"},"query-input":{"@type":"PropertyValueSpecification","valueRequired":true,"valueName":"search_term_string"}}],"inLanguage":"es"}]},"product_price_amount":"145.00","product_price_currency":"EUR","og_availability":"instock","product_availability":"instock","product_condition":"new"},"_links":{"self":[{"href":"https:\/\/thingstodoinmarrakech.ma\/es\/wp-json\/wp\/v2\/product\/9635","targetHints":{"allow":["GET"]}}],"collection":[{"href":"https:\/\/thingstodoinmarrakech.ma\/es\/wp-json\/wp\/v2\/product"}],"about":[{"href":"https:\/\/thingstodoinmarrakech.ma\/es\/wp-json\/wp\/v2\/types\/product"}],"replies":[{"embeddable":true,"href":"https:\/\/thingstodoinmarrakech.ma\/es\/wp-json\/wp\/v2\/comments?post=9635"}],"wp:featuredmedia":[{"embeddable":true,"href":"https:\/\/thingstodoinmarrakech.ma\/es\/wp-json\/wp\/v2\/media\/9636"}],"wp:attachment":[{"href":"https:\/\/thingstodoinmarrakech.ma\/es\/wp-json\/wp\/v2\/media?parent=9635"}],"wp:term":[{"taxonomy":"product_brand","embeddable":true,"href":"https:\/\/thingstodoinmarrakech.ma\/es\/wp-json\/wp\/v2\/product_brand?post=9635"},{"taxonomy":"product_cat","embeddable":true,"href":"https:\/\/thingstodoinmarrakech.ma\/es\/wp-json\/wp\/v2\/product_cat?post=9635"},{"taxonomy":"product_tag","embeddable":true,"href":"https:\/\/thingstodoinmarrakech.ma\/es\/wp-json\/wp\/v2\/product_tag?post=9635"}],"curies":[{"name":"wp","href":"https:\/\/api.w.org\/{rel}","templated":true}]}}