{"id":9624,"date":"2025-06-30T20:39:11","date_gmt":"2025-06-30T20:39:11","guid":{"rendered":"https:\/\/thingstodoinmarrakech.ma\/?post_type=product&#038;p=9624"},"modified":"2025-07-01T21:00:58","modified_gmt":"2025-07-01T21:00:58","slug":"agafay-day-pass-quad-dinner","status":"publish","type":"product","link":"https:\/\/thingstodoinmarrakech.ma\/es\/product\/agafay-day-pass-quad-dinner\/","title":{"rendered":"Day Pass Agafay: Quad, acceso a la piscina, cena y transporte"},"content":{"rendered":"<p>&nbsp;<\/p>\n<p data-start=\"559\" data-end=\"914\">Combine aventura y aut\u00e9ntica gastronom\u00eda marroqu\u00ed con este pase de un d\u00eda a Agafay con todo incluido. Comience la tarde con una emocionante excursi\u00f3n en quad por los singulares paisajes rocosos de Agafay. Al caer la noche, rel\u00e1jese y disfrute de una deliciosa cena marroqu\u00ed en un hermoso campamento del desierto, y despu\u00e9s rel\u00e1jese mientras le llevamos de vuelta a su hotel en Marrakech.<\/p>\n<p data-start=\"916\" data-end=\"1132\">Con el transporte de ida y vuelta incluido, no hay estr\u00e9s, s\u00f3lo una experiencia Agafay sin problemas de principio a fin. Perfecto para parejas, grupos de amigos y familias que buscan algo especial fuera de Marrakech.<\/p>\n<p data-start=\"1634\" data-end=\"1659\"><strong data-start=\"1634\" data-end=\"1657\">Horario:<\/strong><\/p>\n<ul data-start=\"1660\" data-end=\"1902\">\n<li data-start=\"1660\" data-end=\"1695\">\n<p data-start=\"1662\" data-end=\"1695\">Salidas diarias desde Marrakech<\/p>\n<\/li>\n<li data-start=\"1696\" data-end=\"1769\">\n<p data-start=\"1698\" data-end=\"1769\">Hora habitual de recogida: por la tarde (se facilitar\u00e1 la hora exacta tras la reserva)<\/p>\n<\/li>\n<li data-start=\"1770\" data-end=\"1849\">\n<p data-start=\"1772\" data-end=\"1849\">Duraci\u00f3n: aproximadamente 6 horas (incluye visita en quad, cena y traslados)<\/p>\n<\/li>\n<li data-start=\"1850\" data-end=\"1902\">\n<p data-start=\"1852\" data-end=\"1902\">La cena se sirve al atardecer para disfrutar de la mejor experiencia<\/p>\n<\/li>\n<\/ul>\n<p data-start=\"1904\" data-end=\"1926\"><strong data-start=\"1904\" data-end=\"1924\">\u00bfA qui\u00e9n va dirigido?<\/strong><\/p>\n<ul data-start=\"1927\" data-end=\"2118\">\n<li data-start=\"1927\" data-end=\"1995\">\n<p data-start=\"1929\" data-end=\"1995\">Apto para todas las edades (los ni\u00f1os deben ir acompa\u00f1ados de un adulto)<\/p>\n<\/li>\n<li data-start=\"1996\" data-end=\"2057\">\n<p data-start=\"1998\" data-end=\"2057\">Perfecto para parejas, amigos, familias o viajeros en solitario<\/p>\n<\/li>\n<li data-start=\"2058\" data-end=\"2118\">\n<p data-start=\"2060\" data-end=\"2118\">No es necesario tener experiencia en quads: se proporciona instrucci\u00f3n completa<\/p>\n<\/li>\n<\/ul>\n<p data-start=\"2120\" data-end=\"2140\"><strong data-start=\"2120\" data-end=\"2138\">Qu\u00e9 llevar:<\/strong><\/p>\n<ul data-start=\"2141\" data-end=\"2285\">\n<li data-start=\"2141\" data-end=\"2199\">\n<p data-start=\"2143\" data-end=\"2199\">Ropa c\u00f3moda y calzado cerrado para la excursi\u00f3n en quad<\/p>\n<\/li>\n<li data-start=\"2200\" data-end=\"2233\">\n<p data-start=\"2202\" data-end=\"2233\">Gafas de sol, crema solar, c\u00e1mara<\/p>\n<\/li>\n<li data-start=\"2234\" data-end=\"2285\">\n<p data-start=\"2236\" data-end=\"2285\">Chaqueta ligera (las noches pueden ser frescas en el desierto)<\/p>\n<\/li>\n<\/ul>\n<p data-start=\"2287\" data-end=\"2398\"><strong data-start=\"2287\" data-end=\"2305\">Punto de encuentro:<\/strong><br data-start=\"2305\" data-end=\"2308\" \/>Recogida y entrega en su hotel, riad o residencia de Marrakech (a\u00f1ada los detalles al finalizar la compra)<\/p>\n<p data-start=\"2400\" data-end=\"2419\"><strong data-start=\"2400\" data-end=\"2417\">Es bueno saberlo:<\/strong><\/p>\n<ul data-start=\"2420\" data-end=\"2617\">\n<li data-start=\"2420\" data-end=\"2497\">\n<p data-start=\"2422\" data-end=\"2497\">Los conductores de quads deben cumplir los requisitos m\u00ednimos de edad (compru\u00e9balo al hacer la reserva)<\/p>\n<\/li>\n<li data-start=\"2498\" data-end=\"2574\">\n<p data-start=\"2500\" data-end=\"2574\">Se pueden atender peticiones vegetarianas y diet\u00e9ticas (mencionar en la reserva)<\/p>\n<\/li>\n<li data-start=\"2575\" data-end=\"2617\">\n<p data-start=\"2577\" data-end=\"2617\">La excursi\u00f3n se realiza en la mayor\u00eda de las condiciones meteorol\u00f3gicas<\/p>\n<\/li>\n<\/ul>\n<p data-start=\"2619\" data-end=\"2646\"><strong data-start=\"2619\" data-end=\"2644\">Instrucciones de reserva:<\/strong><\/p>\n<ul data-start=\"2647\" data-end=\"2790\">\n<li data-start=\"2647\" data-end=\"2684\">\n<p data-start=\"2649\" data-end=\"2684\">Seleccione el n\u00famero de participantes<\/p>\n<\/li>\n<li data-start=\"2685\" data-end=\"2790\">\n<p data-start=\"2687\" data-end=\"2790\">Indique su n\u00famero de WhatsApp completo con el prefijo del pa\u00eds y su hotel o residencia para facilitar la recogida<\/p>\n<\/li>\n<\/ul>","protected":false},"excerpt":{"rendered":"<p>Disfrute de una inolvidable experiencia en el desierto de Agafay con una aventura en quad, una deliciosa cena marroqu\u00ed y transporte de ida y vuelta desde Marrakech, todo en un sencillo paquete.<\/p>","protected":false},"featured_media":9625,"comment_status":"open","ping_status":"closed","template":"","meta":[],"product_brand":[],"product_cat":[57],"product_tag":[66,78,82,81,83,74,68],"class_list":{"0":"post-9624","1":"product","2":"type-product","3":"status-publish","4":"has-post-thumbnail","6":"brw_tour_types-day-passes","7":"product_cat-day-passes","8":"product_tag-adventure","9":"product_tag-agafay-day-pass","10":"product_tag-desert-camp","11":"product_tag-dinner","12":"product_tag-evening-activity","13":"product_tag-marrakech","14":"product_tag-quad-biking","16":"first","17":"instock","18":"sale","19":"featured","20":"shipping-taxable","21":"purchasable","22":"product-type-ovabrw_car_rental"},"yoast_head":"<!-- This site is optimized with the Yoast SEO Premium plugin v25.3.1 (Yoast SEO v27.2) - https:\/\/yoast.com\/product\/yoast-seo-premium-wordpress\/ -->\n<title>Agafay Day Pass: Quad, Dinner &amp; Transfers | Book Adventure Now<\/title>\n<meta name=\"description\" content=\"Book your Agafay Day Pass for quad biking, dinner in the desert, and round-trip Marrakech transfers. The perfect adventure and dining experience\" \/>\n<meta name=\"robots\" content=\"index, follow, max-snippet:-1, max-image-preview:large, max-video-preview:-1\" \/>\n<link rel=\"canonical\" href=\"https:\/\/thingstodoinmarrakech.ma\/es\/product\/agafay-day-pass-quad-dinner\/\" \/>\n<meta property=\"og:locale\" content=\"es_ES\" \/>\n<meta property=\"og:type\" content=\"article\" \/>\n<meta property=\"og:title\" content=\"Agafay Day Pass: Quad, Pool access, dinner &amp; Transportation\" \/>\n<meta property=\"og:description\" content=\"Book your Agafay Day Pass for quad biking, dinner in the desert, and round-trip Marrakech transfers. The perfect adventure and dining experience\" \/>\n<meta property=\"og:url\" content=\"https:\/\/thingstodoinmarrakech.ma\/es\/product\/agafay-day-pass-quad-dinner\/\" \/>\n<meta property=\"og:site_name\" content=\"Things To Do In Marrakech\" \/>\n<meta property=\"article:modified_time\" content=\"2025-07-01T21:00:58+00:00\" \/>\n<meta property=\"og:image\" content=\"https:\/\/thingstodoinmarrakech.ma\/wp-content\/uploads\/2025\/06\/Agafay-Day-Pass-Quad-Diner-Transportation.png\" \/>\n\t<meta property=\"og:image:width\" content=\"670\" \/>\n\t<meta property=\"og:image:height\" content=\"447\" \/>\n\t<meta property=\"og:image:type\" content=\"image\/png\" \/>\n<meta name=\"twitter:card\" content=\"summary_large_image\" \/>\n<meta name=\"twitter:label1\" content=\"Precio\" \/>\n\t<meta name=\"twitter:data1\" content=\"&euro;140,00\" \/>\n\t<meta name=\"twitter:label2\" content=\"Disponibilidad\" \/>\n\t<meta name=\"twitter:data2\" content=\"Disponible\" \/>\n<script type=\"application\/ld+json\" class=\"yoast-schema-graph\">{\"@context\":\"https:\/\/schema.org\",\"@graph\":[{\"@type\":\"WebPage\",\"@id\":\"https:\/\/thingstodoinmarrakech.ma\/product\/agafay-day-pass-quad-dinner\/\",\"url\":\"https:\/\/thingstodoinmarrakech.ma\/product\/agafay-day-pass-quad-dinner\/\",\"name\":\"Agafay Day Pass: Quad, Dinner & Transfers | Book Adventure Now\",\"isPartOf\":{\"@id\":\"https:\/\/thingstodoinmarrakech.ma\/#website\"},\"primaryImageOfPage\":{\"@id\":\"https:\/\/thingstodoinmarrakech.ma\/product\/agafay-day-pass-quad-dinner\/#primaryimage\"},\"image\":{\"@id\":\"https:\/\/thingstodoinmarrakech.ma\/product\/agafay-day-pass-quad-dinner\/#primaryimage\"},\"thumbnailUrl\":\"https:\/\/thingstodoinmarrakech.ma\/wp-content\/uploads\/2025\/06\/Agafay-Day-Pass-Quad-Diner-Transportation.png\",\"datePublished\":\"2025-06-30T20:39:11+00:00\",\"dateModified\":\"2025-07-01T21:00:58+00:00\",\"description\":\"Book your Agafay Day Pass for quad biking, dinner in the desert, and round-trip Marrakech transfers. The perfect adventure and dining experience\",\"breadcrumb\":{\"@id\":\"https:\/\/thingstodoinmarrakech.ma\/product\/agafay-day-pass-quad-dinner\/#breadcrumb\"},\"inLanguage\":\"es\",\"potentialAction\":[{\"@type\":\"ReadAction\",\"target\":[\"https:\/\/thingstodoinmarrakech.ma\/product\/agafay-day-pass-quad-dinner\/\"]}]},{\"@type\":\"ImageObject\",\"inLanguage\":\"es\",\"@id\":\"https:\/\/thingstodoinmarrakech.ma\/product\/agafay-day-pass-quad-dinner\/#primaryimage\",\"url\":\"https:\/\/thingstodoinmarrakech.ma\/wp-content\/uploads\/2025\/06\/Agafay-Day-Pass-Quad-Diner-Transportation.png\",\"contentUrl\":\"https:\/\/thingstodoinmarrakech.ma\/wp-content\/uploads\/2025\/06\/Agafay-Day-Pass-Quad-Diner-Transportation.png\",\"width\":670,\"height\":447,\"caption\":\"Guests riding quad bikes in the Agafay Desert at sunset, followed by a Moroccan dinner at a lantern-lit desert camp\"},{\"@type\":\"BreadcrumbList\",\"@id\":\"https:\/\/thingstodoinmarrakech.ma\/product\/agafay-day-pass-quad-dinner\/#breadcrumb\",\"itemListElement\":[{\"@type\":\"ListItem\",\"position\":1,\"name\":\"Home\",\"item\":\"https:\/\/thingstodoinmarrakech.ma\/\"},{\"@type\":\"ListItem\",\"position\":2,\"name\":\"Shop\",\"item\":\"https:\/\/thingstodoinmarrakech.ma\/shop\/\"},{\"@type\":\"ListItem\",\"position\":3,\"name\":\"Agafay Day Pass: Quad, Pool access, dinner &#038; Transportation\"}]},{\"@type\":\"WebSite\",\"@id\":\"https:\/\/thingstodoinmarrakech.ma\/#website\",\"url\":\"https:\/\/thingstodoinmarrakech.ma\/\",\"name\":\"Things To Do In Marrakech\",\"description\":\"Your journey starts here\",\"potentialAction\":[{\"@type\":\"SearchAction\",\"target\":{\"@type\":\"EntryPoint\",\"urlTemplate\":\"https:\/\/thingstodoinmarrakech.ma\/?s={search_term_string}\"},\"query-input\":{\"@type\":\"PropertyValueSpecification\",\"valueRequired\":true,\"valueName\":\"search_term_string\"}}],\"inLanguage\":\"es\"}]}<\/script>\n<meta property=\"product:price:amount\" content=\"140.00\" \/>\n<meta property=\"product:price:currency\" content=\"EUR\" \/>\n<meta property=\"og:availability\" content=\"instock\" \/>\n<meta property=\"product:availability\" content=\"instock\" \/>\n<meta property=\"product:condition\" content=\"new\" \/>\n<!-- \/ Yoast SEO Premium plugin. -->","yoast_head_json":{"title":"Pase de un d\u00eda Agafay: Quad, Cena y Traslados | Reservar Aventura Ahora","description":"Reserve su Pase de un d\u00eda a Agafay para disfrutar de quads, cenas en el desierto y traslados de ida y vuelta a Marrakech. La aventura y la experiencia gastron\u00f3mica perfectas","robots":{"index":"index","follow":"follow","max-snippet":"max-snippet:-1","max-image-preview":"max-image-preview:large","max-video-preview":"max-video-preview:-1"},"canonical":"https:\/\/thingstodoinmarrakech.ma\/es\/product\/agafay-day-pass-quad-dinner\/","og_locale":"es_ES","og_type":"article","og_title":"Agafay Day Pass: Quad, Pool access, dinner & Transportation","og_description":"Book your Agafay Day Pass for quad biking, dinner in the desert, and round-trip Marrakech transfers. The perfect adventure and dining experience","og_url":"https:\/\/thingstodoinmarrakech.ma\/es\/product\/agafay-day-pass-quad-dinner\/","og_site_name":"Things To Do In Marrakech","article_modified_time":"2025-07-01T21:00:58+00:00","og_image":[{"width":670,"height":447,"url":"https:\/\/thingstodoinmarrakech.ma\/wp-content\/uploads\/2025\/06\/Agafay-Day-Pass-Quad-Diner-Transportation.png","type":"image\/png"}],"twitter_card":"summary_large_image","twitter_misc":{"Precio":"&euro;140,00","Disponibilidad":"Disponible"},"schema":{"@context":"https:\/\/schema.org","@graph":[{"@type":"WebPage","@id":"https:\/\/thingstodoinmarrakech.ma\/product\/agafay-day-pass-quad-dinner\/","url":"https:\/\/thingstodoinmarrakech.ma\/product\/agafay-day-pass-quad-dinner\/","name":"Pase de un d\u00eda Agafay: Quad, Cena y Traslados | Reservar Aventura Ahora","isPartOf":{"@id":"https:\/\/thingstodoinmarrakech.ma\/#website"},"primaryImageOfPage":{"@id":"https:\/\/thingstodoinmarrakech.ma\/product\/agafay-day-pass-quad-dinner\/#primaryimage"},"image":{"@id":"https:\/\/thingstodoinmarrakech.ma\/product\/agafay-day-pass-quad-dinner\/#primaryimage"},"thumbnailUrl":"https:\/\/thingstodoinmarrakech.ma\/wp-content\/uploads\/2025\/06\/Agafay-Day-Pass-Quad-Diner-Transportation.png","datePublished":"2025-06-30T20:39:11+00:00","dateModified":"2025-07-01T21:00:58+00:00","description":"Reserve su Pase de un d\u00eda a Agafay para disfrutar de quads, cenas en el desierto y traslados de ida y vuelta a Marrakech. La aventura y la experiencia gastron\u00f3mica perfectas","breadcrumb":{"@id":"https:\/\/thingstodoinmarrakech.ma\/product\/agafay-day-pass-quad-dinner\/#breadcrumb"},"inLanguage":"es","potentialAction":[{"@type":"ReadAction","target":["https:\/\/thingstodoinmarrakech.ma\/product\/agafay-day-pass-quad-dinner\/"]}]},{"@type":"ImageObject","inLanguage":"es","@id":"https:\/\/thingstodoinmarrakech.ma\/product\/agafay-day-pass-quad-dinner\/#primaryimage","url":"https:\/\/thingstodoinmarrakech.ma\/wp-content\/uploads\/2025\/06\/Agafay-Day-Pass-Quad-Diner-Transportation.png","contentUrl":"https:\/\/thingstodoinmarrakech.ma\/wp-content\/uploads\/2025\/06\/Agafay-Day-Pass-Quad-Diner-Transportation.png","width":670,"height":447,"caption":"Guests riding quad bikes in the Agafay Desert at sunset, followed by a Moroccan dinner at a lantern-lit desert camp"},{"@type":"BreadcrumbList","@id":"https:\/\/thingstodoinmarrakech.ma\/product\/agafay-day-pass-quad-dinner\/#breadcrumb","itemListElement":[{"@type":"ListItem","position":1,"name":"Home","item":"https:\/\/thingstodoinmarrakech.ma\/"},{"@type":"ListItem","position":2,"name":"Shop","item":"https:\/\/thingstodoinmarrakech.ma\/shop\/"},{"@type":"ListItem","position":3,"name":"Agafay Day Pass: Quad, Pool access, dinner &#038; Transportation"}]},{"@type":"WebSite","@id":"https:\/\/thingstodoinmarrakech.ma\/#website","url":"https:\/\/thingstodoinmarrakech.ma\/","name":"Qu\u00e9 hacer en Marrakech","description":"Su viaje comienza aqu\u00ed","potentialAction":[{"@type":"SearchAction","target":{"@type":"EntryPoint","urlTemplate":"https:\/\/thingstodoinmarrakech.ma\/?s={search_term_string}"},"query-input":{"@type":"PropertyValueSpecification","valueRequired":true,"valueName":"search_term_string"}}],"inLanguage":"es"}]},"product_price_amount":"140.00","product_price_currency":"EUR","og_availability":"instock","product_availability":"instock","product_condition":"new"},"_links":{"self":[{"href":"https:\/\/thingstodoinmarrakech.ma\/es\/wp-json\/wp\/v2\/product\/9624","targetHints":{"allow":["GET"]}}],"collection":[{"href":"https:\/\/thingstodoinmarrakech.ma\/es\/wp-json\/wp\/v2\/product"}],"about":[{"href":"https:\/\/thingstodoinmarrakech.ma\/es\/wp-json\/wp\/v2\/types\/product"}],"replies":[{"embeddable":true,"href":"https:\/\/thingstodoinmarrakech.ma\/es\/wp-json\/wp\/v2\/comments?post=9624"}],"wp:featuredmedia":[{"embeddable":true,"href":"https:\/\/thingstodoinmarrakech.ma\/es\/wp-json\/wp\/v2\/media\/9625"}],"wp:attachment":[{"href":"https:\/\/thingstodoinmarrakech.ma\/es\/wp-json\/wp\/v2\/media?parent=9624"}],"wp:term":[{"taxonomy":"product_brand","embeddable":true,"href":"https:\/\/thingstodoinmarrakech.ma\/es\/wp-json\/wp\/v2\/product_brand?post=9624"},{"taxonomy":"product_cat","embeddable":true,"href":"https:\/\/thingstodoinmarrakech.ma\/es\/wp-json\/wp\/v2\/product_cat?post=9624"},{"taxonomy":"product_tag","embeddable":true,"href":"https:\/\/thingstodoinmarrakech.ma\/es\/wp-json\/wp\/v2\/product_tag?post=9624"}],"curies":[{"name":"wp","href":"https:\/\/api.w.org\/{rel}","templated":true}]}}