{"id":9617,"date":"2025-06-29T21:17:38","date_gmt":"2025-06-29T21:17:38","guid":{"rendered":"https:\/\/thingstodoinmarrakech.ma\/?post_type=product&#038;p=9617"},"modified":"2025-07-07T01:03:45","modified_gmt":"2025-07-07T01:03:45","slug":"pase-de-un-dia-acceso-a-la-piscina-cuadruple-almuerzo","status":"publish","type":"product","link":"https:\/\/thingstodoinmarrakech.ma\/es\/product\/pase-de-un-dia-acceso-a-la-piscina-cuadruple-almuerzo\/","title":{"rendered":"Day Pass Agafay: Quad, acceso a la piscina, almuerzo y transporte"},"content":{"rendered":"<p>&nbsp;<\/p>\n<p data-start=\"617\" data-end=\"994\">Aproveche al m\u00e1ximo su d\u00eda en el desierto de Agafay con nuestro pase de un d\u00eda todo incluido.<br data-start=\"709\" data-end=\"712\" \/>Este paquete combina acci\u00f3n, relajaci\u00f3n y buena comida: comience con una emocionante excursi\u00f3n en quad, disfrute de pleno acceso a una hermosa piscina y recupere fuerzas con un sabroso almuerzo. El transporte de ida y vuelta desde Marrakech est\u00e1 incluido, para que pueda simplemente disfrutar de la experiencia, sin planificaci\u00f3n ni estr\u00e9s.<\/p>\n<p data-start=\"996\" data-end=\"1138\">Es perfecto para parejas, amigos, familias o cualquiera que desee vivir una aut\u00e9ntica aventura en Agafay sin la molestia de organizarlo todo por separado.<\/p>\n<p data-start=\"1678\" data-end=\"1703\"><strong data-start=\"1678\" data-end=\"1701\">Horario:<\/strong><\/p>\n<ul data-start=\"1704\" data-end=\"1916\">\n<li data-start=\"1704\" data-end=\"1739\">\n<p data-start=\"1706\" data-end=\"1739\">Salidas diarias desde Marrakech<\/p>\n<\/li>\n<li data-start=\"1740\" data-end=\"1790\">\n<p data-start=\"1742\" data-end=\"1790\">Hora de inicio: flexible (normalmente recogida por la ma\u00f1ana)<\/p>\n<\/li>\n<li data-start=\"1791\" data-end=\"1876\">\n<p data-start=\"1793\" data-end=\"1876\">Duraci\u00f3n: aproximadamente 6-7 horas (excursi\u00f3n en quad, piscina, almuerzo y traslado incluidos)<\/p>\n<\/li>\n<li data-start=\"1877\" data-end=\"1916\">\n<p data-start=\"1879\" data-end=\"1916\">Horario exacto tras la reserva<\/p>\n<\/li>\n<\/ul>\n<p data-start=\"1918\" data-end=\"1940\"><strong data-start=\"1918\" data-end=\"1938\">\u00bfA qui\u00e9n va dirigido?<\/strong><\/p>\n<ul data-start=\"1941\" data-end=\"2151\">\n<li data-start=\"1941\" data-end=\"2009\">\n<p data-start=\"1943\" data-end=\"2009\">Apto para todas las edades (los ni\u00f1os deben ir acompa\u00f1ados de un adulto)<\/p>\n<\/li>\n<li data-start=\"2010\" data-end=\"2081\">\n<p data-start=\"2012\" data-end=\"2081\">Perfecto para parejas, familias, grupos de amigos o viajeros en solitario<\/p>\n<\/li>\n<li data-start=\"2082\" data-end=\"2151\">\n<p data-start=\"2084\" data-end=\"2151\">No se requiere experiencia previa en quads; se proporcionan instrucciones completas.<\/p>\n<\/li>\n<\/ul>\n<p data-start=\"2153\" data-end=\"2173\"><strong data-start=\"2153\" data-end=\"2171\">Qu\u00e9 llevar:<\/strong><\/p>\n<ul data-start=\"2174\" data-end=\"2367\">\n<li data-start=\"2174\" data-end=\"2222\">\n<p data-start=\"2176\" data-end=\"2222\">Ba\u00f1ador, toalla y chanclas para la piscina<\/p>\n<\/li>\n<li data-start=\"2223\" data-end=\"2274\">\n<p data-start=\"2225\" data-end=\"2274\">Ropa y calzado c\u00f3modos para el recorrido en quad<\/p>\n<\/li>\n<li data-start=\"2275\" data-end=\"2305\">\n<p data-start=\"2277\" data-end=\"2305\">Gafas de sol, crema solar, sombrero<\/p>\n<\/li>\n<li data-start=\"2306\" data-end=\"2336\">\n<p data-start=\"2308\" data-end=\"2336\">C\u00e1mara o tel\u00e9fono para fotos<\/p>\n<\/li>\n<li data-start=\"2337\" data-end=\"2367\">\n<p data-start=\"2339\" data-end=\"2367\">Ropa de recambio (opcional)<\/p>\n<\/li>\n<\/ul>\n<p data-start=\"2369\" data-end=\"2480\"><strong data-start=\"2369\" data-end=\"2387\">Punto de encuentro:<\/strong><br data-start=\"2387\" data-end=\"2390\" \/>Recogida y entrega en su hotel, riad o residencia de Marrakech (a\u00f1ada los detalles al finalizar la compra)<\/p>\n<p data-start=\"2482\" data-end=\"2501\"><strong data-start=\"2482\" data-end=\"2499\">Es bueno saberlo:<\/strong><\/p>\n<ul data-start=\"2502\" data-end=\"2707\">\n<li data-start=\"2502\" data-end=\"2579\">\n<p data-start=\"2504\" data-end=\"2579\">Los conductores de quads deben cumplir los requisitos m\u00ednimos de edad (compru\u00e9balo al hacer la reserva)<\/p>\n<\/li>\n<li data-start=\"2580\" data-end=\"2656\">\n<p data-start=\"2582\" data-end=\"2656\">Se pueden atender peticiones vegetarianas y diet\u00e9ticas (mencionar en la reserva)<\/p>\n<\/li>\n<li data-start=\"2657\" data-end=\"2707\">\n<p data-start=\"2659\" data-end=\"2707\">El pase de un d\u00eda funciona en la mayor\u00eda de las condiciones meteorol\u00f3gicas<\/p>\n<\/li>\n<\/ul>\n<p data-start=\"2709\" data-end=\"2736\"><strong data-start=\"2709\" data-end=\"2734\">Instrucciones de reserva:<\/strong><\/p>\n<ul data-start=\"2737\" data-end=\"2893\">\n<li data-start=\"2737\" data-end=\"2774\">\n<p data-start=\"2739\" data-end=\"2774\">Seleccione el n\u00famero de participantes<\/p>\n<\/li>\n<li data-start=\"2775\" data-end=\"2893\">\n<p data-start=\"2777\" data-end=\"2893\">Indique su n\u00famero de WhatsApp completo con el prefijo del pa\u00eds y su hotel o residencia para facilitar la coordinaci\u00f3n de la recogida.<\/p>\n<\/li>\n<\/ul>\n<p><strong data-start=\"3486\" data-end=\"3504\">Informaci\u00f3n de pago:<\/strong><br data-start=\"3504\" data-end=\"3507\" \/>Indique su n\u00famero de WhatsApp completo con el prefijo del pa\u00eds y su hotel o residencia para facilitar la recogida.<\/p>","protected":false},"excerpt":{"rendered":"<p>Disfrute de una experiencia completa en el desierto de Agafay en un solo d\u00eda: aventura en quad, relajante acceso a la piscina, delicioso almuerzo y traslados de ida y vuelta desde Marrakech, todo en un c\u00f3modo paquete.<\/p>","protected":false},"featured_media":9618,"comment_status":"open","ping_status":"closed","template":"","meta":[],"product_brand":[],"product_cat":[57],"product_tag":[66,78,65,75,80,74,79,68],"class_list":{"0":"post-9617","1":"product","2":"type-product","3":"status-publish","4":"has-post-thumbnail","6":"brw_tour_types-day-passes","7":"product_cat-day-passes","8":"product_tag-adventure","9":"product_tag-agafay-day-pass","10":"product_tag-family-friendly","11":"product_tag-group","12":"product_tag-lunch","13":"product_tag-marrakech","14":"product_tag-pool-access","15":"product_tag-quad-biking","17":"first","18":"instock","19":"sale","20":"featured","21":"shipping-taxable","22":"purchasable","23":"product-type-ovabrw_car_rental"},"yoast_head":"<!-- This site is optimized with the Yoast SEO Premium plugin v25.3.1 (Yoast SEO v27.2) - https:\/\/yoast.com\/product\/yoast-seo-premium-wordpress\/ -->\n<title>Agafay Day Pass: Quad, Pool, Lunch &amp; Transfers | Book Now<\/title>\n<meta name=\"description\" content=\"Book your Agafay Day Pass for quad adventure, pool access, lunch, and round-trip Marrakech transfers. The complete Agafay experience\u2014one day, all included.\" \/>\n<meta name=\"robots\" content=\"index, follow, max-snippet:-1, max-image-preview:large, max-video-preview:-1\" \/>\n<link rel=\"canonical\" href=\"https:\/\/thingstodoinmarrakech.ma\/es\/product\/pase-de-un-dia-acceso-a-la-piscina-cuadruple-almuerzo\/\" \/>\n<meta property=\"og:locale\" content=\"es_ES\" \/>\n<meta property=\"og:type\" content=\"article\" \/>\n<meta property=\"og:title\" content=\"Agafay Day Pass: Quad, Pool Access, Lunch &amp; Transportation\" \/>\n<meta property=\"og:description\" content=\"Book your Agafay Day Pass for quad adventure, pool access, lunch, and round-trip Marrakech transfers. The complete Agafay experience\u2014one day, all included.\" \/>\n<meta property=\"og:url\" content=\"https:\/\/thingstodoinmarrakech.ma\/es\/product\/pase-de-un-dia-acceso-a-la-piscina-cuadruple-almuerzo\/\" \/>\n<meta property=\"og:site_name\" content=\"Things To Do In Marrakech\" \/>\n<meta property=\"article:modified_time\" content=\"2025-07-07T01:03:45+00:00\" \/>\n<meta property=\"og:image\" content=\"https:\/\/thingstodoinmarrakech.ma\/wp-content\/uploads\/2025\/06\/Agafay-Day-Pass-Quad-Pool-Access-Lunch-Transportation.png\" \/>\n\t<meta property=\"og:image:width\" content=\"670\" \/>\n\t<meta property=\"og:image:height\" content=\"447\" \/>\n\t<meta property=\"og:image:type\" content=\"image\/png\" \/>\n<meta name=\"twitter:card\" content=\"summary_large_image\" \/>\n<meta name=\"twitter:label1\" content=\"Precio\" \/>\n\t<meta name=\"twitter:data1\" content=\"&euro;130,00\" \/>\n\t<meta name=\"twitter:label2\" content=\"Disponibilidad\" \/>\n\t<meta name=\"twitter:data2\" content=\"Disponible\" \/>\n<script type=\"application\/ld+json\" class=\"yoast-schema-graph\">{\"@context\":\"https:\/\/schema.org\",\"@graph\":[{\"@type\":\"WebPage\",\"@id\":\"https:\/\/thingstodoinmarrakech.ma\/product\/day-pass-quad-pool-access-lunch\/\",\"url\":\"https:\/\/thingstodoinmarrakech.ma\/product\/day-pass-quad-pool-access-lunch\/\",\"name\":\"Agafay Day Pass: Quad, Pool, Lunch & Transfers | Book Now\",\"isPartOf\":{\"@id\":\"https:\/\/thingstodoinmarrakech.ma\/#website\"},\"primaryImageOfPage\":{\"@id\":\"https:\/\/thingstodoinmarrakech.ma\/product\/day-pass-quad-pool-access-lunch\/#primaryimage\"},\"image\":{\"@id\":\"https:\/\/thingstodoinmarrakech.ma\/product\/day-pass-quad-pool-access-lunch\/#primaryimage\"},\"thumbnailUrl\":\"https:\/\/thingstodoinmarrakech.ma\/wp-content\/uploads\/2025\/06\/Agafay-Day-Pass-Quad-Pool-Access-Lunch-Transportation.png\",\"datePublished\":\"2025-06-29T21:17:38+00:00\",\"dateModified\":\"2025-07-07T01:03:45+00:00\",\"description\":\"Book your Agafay Day Pass for quad adventure, pool access, lunch, and round-trip Marrakech transfers. The complete Agafay experience\u2014one day, all included.\",\"breadcrumb\":{\"@id\":\"https:\/\/thingstodoinmarrakech.ma\/product\/day-pass-quad-pool-access-lunch\/#breadcrumb\"},\"inLanguage\":\"es\",\"potentialAction\":[{\"@type\":\"ReadAction\",\"target\":[\"https:\/\/thingstodoinmarrakech.ma\/product\/day-pass-quad-pool-access-lunch\/\"]}]},{\"@type\":\"ImageObject\",\"inLanguage\":\"es\",\"@id\":\"https:\/\/thingstodoinmarrakech.ma\/product\/day-pass-quad-pool-access-lunch\/#primaryimage\",\"url\":\"https:\/\/thingstodoinmarrakech.ma\/wp-content\/uploads\/2025\/06\/Agafay-Day-Pass-Quad-Pool-Access-Lunch-Transportation.png\",\"contentUrl\":\"https:\/\/thingstodoinmarrakech.ma\/wp-content\/uploads\/2025\/06\/Agafay-Day-Pass-Quad-Pool-Access-Lunch-Transportation.png\",\"width\":670,\"height\":447,\"caption\":\"Guests riding quad bikes in the Agafay Desert, relaxing by a pool, and enjoying a Moroccan lunch with Atlas Mountains in the background\"},{\"@type\":\"BreadcrumbList\",\"@id\":\"https:\/\/thingstodoinmarrakech.ma\/product\/day-pass-quad-pool-access-lunch\/#breadcrumb\",\"itemListElement\":[{\"@type\":\"ListItem\",\"position\":1,\"name\":\"Home\",\"item\":\"https:\/\/thingstodoinmarrakech.ma\/\"},{\"@type\":\"ListItem\",\"position\":2,\"name\":\"Shop\",\"item\":\"https:\/\/thingstodoinmarrakech.ma\/shop\/\"},{\"@type\":\"ListItem\",\"position\":3,\"name\":\"Agafay Day Pass: Quad, Pool Access, Lunch &#038; Transportation\"}]},{\"@type\":\"WebSite\",\"@id\":\"https:\/\/thingstodoinmarrakech.ma\/#website\",\"url\":\"https:\/\/thingstodoinmarrakech.ma\/\",\"name\":\"Things To Do In Marrakech\",\"description\":\"Your journey starts here\",\"potentialAction\":[{\"@type\":\"SearchAction\",\"target\":{\"@type\":\"EntryPoint\",\"urlTemplate\":\"https:\/\/thingstodoinmarrakech.ma\/?s={search_term_string}\"},\"query-input\":{\"@type\":\"PropertyValueSpecification\",\"valueRequired\":true,\"valueName\":\"search_term_string\"}}],\"inLanguage\":\"es\"}]}<\/script>\n<meta property=\"product:price:amount\" content=\"130.00\" \/>\n<meta property=\"product:price:currency\" content=\"EUR\" \/>\n<meta property=\"og:availability\" content=\"instock\" \/>\n<meta property=\"product:availability\" content=\"instock\" \/>\n<meta property=\"product:condition\" content=\"new\" \/>\n<!-- \/ Yoast SEO Premium plugin. -->","yoast_head_json":{"title":"Pase de un d\u00eda Agafay: Quad, Piscina, Comida y Traslados | Reserve Ahora","description":"Reserve su Pase de un D\u00eda Agafay para disfrutar de aventuras en quad, acceso a la piscina, almuerzo y traslados de ida y vuelta a Marrakech. La experiencia completa de Agafay: un d\u00eda, todo incluido.","robots":{"index":"index","follow":"follow","max-snippet":"max-snippet:-1","max-image-preview":"max-image-preview:large","max-video-preview":"max-video-preview:-1"},"canonical":"https:\/\/thingstodoinmarrakech.ma\/es\/product\/pase-de-un-dia-acceso-a-la-piscina-cuadruple-almuerzo\/","og_locale":"es_ES","og_type":"article","og_title":"Agafay Day Pass: Quad, Pool Access, Lunch & Transportation","og_description":"Book your Agafay Day Pass for quad adventure, pool access, lunch, and round-trip Marrakech transfers. The complete Agafay experience\u2014one day, all included.","og_url":"https:\/\/thingstodoinmarrakech.ma\/es\/product\/pase-de-un-dia-acceso-a-la-piscina-cuadruple-almuerzo\/","og_site_name":"Things To Do In Marrakech","article_modified_time":"2025-07-07T01:03:45+00:00","og_image":[{"width":670,"height":447,"url":"https:\/\/thingstodoinmarrakech.ma\/wp-content\/uploads\/2025\/06\/Agafay-Day-Pass-Quad-Pool-Access-Lunch-Transportation.png","type":"image\/png"}],"twitter_card":"summary_large_image","twitter_misc":{"Precio":"&euro;130,00","Disponibilidad":"Disponible"},"schema":{"@context":"https:\/\/schema.org","@graph":[{"@type":"WebPage","@id":"https:\/\/thingstodoinmarrakech.ma\/product\/day-pass-quad-pool-access-lunch\/","url":"https:\/\/thingstodoinmarrakech.ma\/product\/day-pass-quad-pool-access-lunch\/","name":"Pase de un d\u00eda Agafay: Quad, Piscina, Comida y Traslados | Reserve Ahora","isPartOf":{"@id":"https:\/\/thingstodoinmarrakech.ma\/#website"},"primaryImageOfPage":{"@id":"https:\/\/thingstodoinmarrakech.ma\/product\/day-pass-quad-pool-access-lunch\/#primaryimage"},"image":{"@id":"https:\/\/thingstodoinmarrakech.ma\/product\/day-pass-quad-pool-access-lunch\/#primaryimage"},"thumbnailUrl":"https:\/\/thingstodoinmarrakech.ma\/wp-content\/uploads\/2025\/06\/Agafay-Day-Pass-Quad-Pool-Access-Lunch-Transportation.png","datePublished":"2025-06-29T21:17:38+00:00","dateModified":"2025-07-07T01:03:45+00:00","description":"Reserve su Pase de un D\u00eda Agafay para disfrutar de aventuras en quad, acceso a la piscina, almuerzo y traslados de ida y vuelta a Marrakech. La experiencia completa de Agafay: un d\u00eda, todo incluido.","breadcrumb":{"@id":"https:\/\/thingstodoinmarrakech.ma\/product\/day-pass-quad-pool-access-lunch\/#breadcrumb"},"inLanguage":"es","potentialAction":[{"@type":"ReadAction","target":["https:\/\/thingstodoinmarrakech.ma\/product\/day-pass-quad-pool-access-lunch\/"]}]},{"@type":"ImageObject","inLanguage":"es","@id":"https:\/\/thingstodoinmarrakech.ma\/product\/day-pass-quad-pool-access-lunch\/#primaryimage","url":"https:\/\/thingstodoinmarrakech.ma\/wp-content\/uploads\/2025\/06\/Agafay-Day-Pass-Quad-Pool-Access-Lunch-Transportation.png","contentUrl":"https:\/\/thingstodoinmarrakech.ma\/wp-content\/uploads\/2025\/06\/Agafay-Day-Pass-Quad-Pool-Access-Lunch-Transportation.png","width":670,"height":447,"caption":"Guests riding quad bikes in the Agafay Desert, relaxing by a pool, and enjoying a Moroccan lunch with Atlas Mountains in the background"},{"@type":"BreadcrumbList","@id":"https:\/\/thingstodoinmarrakech.ma\/product\/day-pass-quad-pool-access-lunch\/#breadcrumb","itemListElement":[{"@type":"ListItem","position":1,"name":"Home","item":"https:\/\/thingstodoinmarrakech.ma\/"},{"@type":"ListItem","position":2,"name":"Shop","item":"https:\/\/thingstodoinmarrakech.ma\/shop\/"},{"@type":"ListItem","position":3,"name":"Agafay Day Pass: Quad, Pool Access, Lunch &#038; Transportation"}]},{"@type":"WebSite","@id":"https:\/\/thingstodoinmarrakech.ma\/#website","url":"https:\/\/thingstodoinmarrakech.ma\/","name":"Qu\u00e9 hacer en Marrakech","description":"Su viaje comienza aqu\u00ed","potentialAction":[{"@type":"SearchAction","target":{"@type":"EntryPoint","urlTemplate":"https:\/\/thingstodoinmarrakech.ma\/?s={search_term_string}"},"query-input":{"@type":"PropertyValueSpecification","valueRequired":true,"valueName":"search_term_string"}}],"inLanguage":"es"}]},"product_price_amount":"130.00","product_price_currency":"EUR","og_availability":"instock","product_availability":"instock","product_condition":"new"},"_links":{"self":[{"href":"https:\/\/thingstodoinmarrakech.ma\/es\/wp-json\/wp\/v2\/product\/9617","targetHints":{"allow":["GET"]}}],"collection":[{"href":"https:\/\/thingstodoinmarrakech.ma\/es\/wp-json\/wp\/v2\/product"}],"about":[{"href":"https:\/\/thingstodoinmarrakech.ma\/es\/wp-json\/wp\/v2\/types\/product"}],"replies":[{"embeddable":true,"href":"https:\/\/thingstodoinmarrakech.ma\/es\/wp-json\/wp\/v2\/comments?post=9617"}],"wp:featuredmedia":[{"embeddable":true,"href":"https:\/\/thingstodoinmarrakech.ma\/es\/wp-json\/wp\/v2\/media\/9618"}],"wp:attachment":[{"href":"https:\/\/thingstodoinmarrakech.ma\/es\/wp-json\/wp\/v2\/media?parent=9617"}],"wp:term":[{"taxonomy":"product_brand","embeddable":true,"href":"https:\/\/thingstodoinmarrakech.ma\/es\/wp-json\/wp\/v2\/product_brand?post=9617"},{"taxonomy":"product_cat","embeddable":true,"href":"https:\/\/thingstodoinmarrakech.ma\/es\/wp-json\/wp\/v2\/product_cat?post=9617"},{"taxonomy":"product_tag","embeddable":true,"href":"https:\/\/thingstodoinmarrakech.ma\/es\/wp-json\/wp\/v2\/product_tag?post=9617"}],"curies":[{"name":"wp","href":"https:\/\/api.w.org\/{rel}","templated":true}]}}