{"id":9615,"date":"2025-06-29T20:14:51","date_gmt":"2025-06-29T20:14:51","guid":{"rendered":"https:\/\/thingstodoinmarrakech.ma\/?post_type=product&#038;p=9615"},"modified":"2025-07-01T19:27:58","modified_gmt":"2025-07-01T19:27:58","slug":"buggy-500cc-agafay","status":"publish","type":"product","link":"https:\/\/thingstodoinmarrakech.ma\/es\/product\/buggy-500cc-agafay\/","title":{"rendered":"Buggy 500cc Aventura En Agafay (2 pax minimo) &amp; Transporte"},"content":{"rendered":"<p>&nbsp;<\/p>\n<p data-start=\"673\" data-end=\"1114\">Prep\u00e1rese para la emoci\u00f3n con nuestro <strong data-start=\"723\" data-end=\"763\">Aventura en Buggy 500cc en Agafay<\/strong>. Esta excursi\u00f3n, perfecta para amigos, parejas y familias, le permitir\u00e1 conocer de cerca y a su ritmo el desierto rocoso de Marruecos.<br data-start=\"892\" data-end=\"895\" \/>Tras una c\u00f3moda recogida en su hotel o riad de Marrakech, se reunir\u00e1 con su gu\u00eda y recibir\u00e1 unas r\u00e1pidas instrucciones de seguridad. No es necesario tener experiencia: su gu\u00eda le ense\u00f1ar\u00e1 todo lo que necesita saber antes de salir.<\/p>\n<p data-start=\"1116\" data-end=\"1342\">Suba a bordo de su buggy biplaza de 500 cc y emprenda el camino a trav\u00e9s de los espectaculares paisajes de Agafay. Recorrer\u00e1 senderos serpenteantes, pasar\u00e1 por colinas rocosas y se detendr\u00e1 en lugares pintorescos para sacar fotos y tomar un t\u00e9 refrescante en un campamento del desierto.<\/p>\n<p data-start=\"1824\" data-end=\"1975\"><strong data-start=\"1824\" data-end=\"1839\">Horarios:<\/strong><br data-start=\"1839\" data-end=\"1842\" \/>Disponible todos los d\u00edas a las 9:00, 11:00, 14:00, 16:00 y 18:00<br data-start=\"1897\" data-end=\"1900\" \/><em data-start=\"1900\" data-end=\"1975\">Los recorridos al atardecer y por la tarde ofrecen una hermosa luz y temperaturas m\u00e1s frescas.<\/em><\/p>\n<p data-start=\"1977\" data-end=\"1999\"><strong data-start=\"1977\" data-end=\"1997\">\u00bfA qui\u00e9n va dirigido?<\/strong><\/p>\n<ul data-start=\"2000\" data-end=\"2172\">\n<li data-start=\"2000\" data-end=\"2066\">\n<p data-start=\"2002\" data-end=\"2066\">Adecuado para adultos y ni\u00f1os mayores (puede aplicarse una edad m\u00ednima)<\/p>\n<\/li>\n<li data-start=\"2067\" data-end=\"2140\">\n<p data-start=\"2069\" data-end=\"2140\">Ideal para parejas, amigos o familias: se necesitan dos personas por buggy.<\/p>\n<\/li>\n<li data-start=\"2141\" data-end=\"2172\">\n<p data-start=\"2143\" data-end=\"2172\">No se necesita experiencia previa<\/p>\n<\/li>\n<\/ul>\n<p data-start=\"2174\" data-end=\"2194\"><strong data-start=\"2174\" data-end=\"2192\">Qu\u00e9 llevar:<\/strong><\/p>\n<ul data-start=\"2195\" data-end=\"2308\">\n<li data-start=\"2195\" data-end=\"2239\">\n<p data-start=\"2197\" data-end=\"2239\">Ropa c\u00f3moda y calzado cerrado<\/p>\n<\/li>\n<li data-start=\"2240\" data-end=\"2273\">\n<p data-start=\"2242\" data-end=\"2273\">Gafas de sol, crema solar, c\u00e1mara<\/p>\n<\/li>\n<li data-start=\"2274\" data-end=\"2308\">\n<p data-start=\"2276\" data-end=\"2308\">Chaqueta ligera para las noches m\u00e1s frescas<\/p>\n<\/li>\n<\/ul>\n<p data-start=\"2310\" data-end=\"2361\"><strong data-start=\"2310\" data-end=\"2323\">Duraci\u00f3n:<\/strong><br data-start=\"2323\" data-end=\"2326\" \/>Alrededor de 3 horas (incluidos los traslados)<\/p>\n<p data-start=\"2363\" data-end=\"2474\"><strong data-start=\"2363\" data-end=\"2381\">Punto de encuentro:<\/strong><br data-start=\"2381\" data-end=\"2384\" \/>Recogida y entrega en su hotel, riad o residencia de Marrakech (a\u00f1ada los detalles al finalizar la compra)<\/p>\n<p data-start=\"2476\" data-end=\"2495\"><strong data-start=\"2476\" data-end=\"2493\">Es bueno saberlo:<\/strong><\/p>\n<ul data-start=\"2496\" data-end=\"2758\">\n<li data-start=\"2496\" data-end=\"2578\">\n<p data-start=\"2498\" data-end=\"2578\">Cada calesa tiene capacidad para dos personas (un conductor y un pasajero, que se pueden intercambiar durante el viaje).<\/p>\n<\/li>\n<li data-start=\"2579\" data-end=\"2628\">\n<p data-start=\"2581\" data-end=\"2628\">Debe tener la edad legal para conducir el buggy<\/p>\n<\/li>\n<li data-start=\"2629\" data-end=\"2719\">\n<p data-start=\"2631\" data-end=\"2719\">Los pasajeros deben reservar como \"Ni\u00f1os\" aunque sean adultos (v\u00e9anse las instrucciones de reserva m\u00e1s abajo)<\/p>\n<\/li>\n<li data-start=\"2720\" data-end=\"2758\">\n<p data-start=\"2722\" data-end=\"2758\">Las visitas se realizan en la mayor\u00eda de las condiciones meteorol\u00f3gicas<\/p>\n<\/li>\n<\/ul>\n<p data-start=\"2760\" data-end=\"2787\"><strong data-start=\"2760\" data-end=\"2785\">Instrucciones de reserva:<\/strong><\/p>\n<ul data-start=\"2788\" data-end=\"2984\">\n<li data-start=\"2788\" data-end=\"2843\">\n<p data-start=\"2790\" data-end=\"2843\"><strong data-start=\"2790\" data-end=\"2841\">Reserva como \"adulto\" si quieres conducir el buggy.<\/strong><\/p>\n<\/li>\n<li data-start=\"2844\" data-end=\"2927\">\n<p data-start=\"2846\" data-end=\"2927\"><strong data-start=\"2846\" data-end=\"2925\">Reserve como \"Ni\u00f1os\" si desea viajar como pasajero, aunque sea adulto.<\/strong><\/p>\n<\/li>\n<li data-start=\"2928\" data-end=\"2984\">\n<p data-start=\"2930\" data-end=\"2984\"><em data-start=\"2930\" data-end=\"2984\">Se requiere un m\u00ednimo de dos participantes por buggy.<\/em><\/p>\n<\/li>\n<\/ul>\n<p><strong data-start=\"3486\" data-end=\"3504\">Informaci\u00f3n de pago:<\/strong><br data-start=\"3504\" data-end=\"3507\" \/>Indique su n\u00famero de WhatsApp completo con el prefijo del pa\u00eds y su hotel o residencia para facilitar la recogida.<\/p>","protected":false},"excerpt":{"rendered":"<p>Explore el desierto de Agafay en una emocionante aventura en quad. Reserva como \"adulto\" para conducir tu propio quad, o como \"ni\u00f1o\" si quieres ir de pasajero, aunque seas adulto.<\/p>","protected":false},"featured_media":9616,"comment_status":"open","ping_status":"closed","template":"","meta":[],"product_brand":[],"product_cat":[56],"product_tag":[77,71,66,63,73,75,74],"class_list":{"0":"post-9615","1":"product","2":"type-product","3":"status-publish","4":"has-post-thumbnail","6":"brw_tour_types-activities","7":"product_cat-activities","8":"product_tag-500cc","9":"product_tag-adrenaline","10":"product_tag-adventure","11":"product_tag-agafay-desert","12":"product_tag-buggy-tour","13":"product_tag-group","14":"product_tag-marrakech","16":"first","17":"instock","18":"sale","19":"featured","20":"shipping-taxable","21":"purchasable","22":"product-type-ovabrw_car_rental"},"yoast_head":"<!-- This site is optimized with the Yoast SEO Premium plugin v25.3.1 (Yoast SEO v27.2) - https:\/\/yoast.com\/product\/yoast-seo-premium-wordpress\/ -->\n<title>Buggy 500cc Adventure Tour In Agafay | Book Agafay Buggy Tour<\/title>\n<meta name=\"description\" content=\"Book your 1000cc buggy adventure in the Agafay Desert. Guided tours, transfers, and all equipment included\u2014explore Morocco\u2019s wild side with a friend .\" \/>\n<meta name=\"robots\" content=\"index, follow, max-snippet:-1, max-image-preview:large, max-video-preview:-1\" \/>\n<link rel=\"canonical\" href=\"https:\/\/thingstodoinmarrakech.ma\/es\/product\/buggy-500cc-agafay\/\" \/>\n<meta property=\"og:locale\" content=\"es_ES\" \/>\n<meta property=\"og:type\" content=\"article\" \/>\n<meta property=\"og:title\" content=\"Buggy 500cc Adventure Tour In Agafay (2 pax minimum) &amp; Transportation\" \/>\n<meta property=\"og:description\" content=\"Book your 1000cc buggy adventure in the Agafay Desert. Guided tours, transfers, and all equipment included\u2014explore Morocco\u2019s wild side with a friend .\" \/>\n<meta property=\"og:url\" content=\"https:\/\/thingstodoinmarrakech.ma\/es\/product\/buggy-500cc-agafay\/\" \/>\n<meta property=\"og:site_name\" content=\"Things To Do In Marrakech\" \/>\n<meta property=\"article:modified_time\" content=\"2025-07-01T19:27:58+00:00\" \/>\n<meta property=\"og:image\" content=\"https:\/\/thingstodoinmarrakech.ma\/wp-content\/uploads\/2025\/06\/Buggy-500cc-Adventure-Tour-In-Agafay.jpg\" \/>\n\t<meta property=\"og:image:width\" content=\"600\" \/>\n\t<meta property=\"og:image:height\" content=\"540\" \/>\n\t<meta property=\"og:image:type\" content=\"image\/jpeg\" \/>\n<meta name=\"twitter:card\" content=\"summary_large_image\" \/>\n<meta name=\"twitter:label1\" content=\"Precio\" \/>\n\t<meta name=\"twitter:data1\" content=\"&euro;75,00\" \/>\n\t<meta name=\"twitter:label2\" content=\"Disponibilidad\" \/>\n\t<meta name=\"twitter:data2\" content=\"Disponible\" \/>\n<script type=\"application\/ld+json\" class=\"yoast-schema-graph\">{\"@context\":\"https:\/\/schema.org\",\"@graph\":[{\"@type\":\"WebPage\",\"@id\":\"https:\/\/thingstodoinmarrakech.ma\/product\/buggy-500cc-agafay\/\",\"url\":\"https:\/\/thingstodoinmarrakech.ma\/product\/buggy-500cc-agafay\/\",\"name\":\"Buggy 500cc Adventure Tour In Agafay | Book Agafay Buggy Tour\",\"isPartOf\":{\"@id\":\"https:\/\/thingstodoinmarrakech.ma\/#website\"},\"primaryImageOfPage\":{\"@id\":\"https:\/\/thingstodoinmarrakech.ma\/product\/buggy-500cc-agafay\/#primaryimage\"},\"image\":{\"@id\":\"https:\/\/thingstodoinmarrakech.ma\/product\/buggy-500cc-agafay\/#primaryimage\"},\"thumbnailUrl\":\"https:\/\/thingstodoinmarrakech.ma\/wp-content\/uploads\/2025\/06\/Buggy-500cc-Adventure-Tour-In-Agafay.jpg\",\"datePublished\":\"2025-06-29T20:14:51+00:00\",\"dateModified\":\"2025-07-01T19:27:58+00:00\",\"description\":\"Book your 1000cc buggy adventure in the Agafay Desert. Guided tours, transfers, and all equipment included\u2014explore Morocco\u2019s wild side with a friend .\",\"breadcrumb\":{\"@id\":\"https:\/\/thingstodoinmarrakech.ma\/product\/buggy-500cc-agafay\/#breadcrumb\"},\"inLanguage\":\"es\",\"potentialAction\":[{\"@type\":\"ReadAction\",\"target\":[\"https:\/\/thingstodoinmarrakech.ma\/product\/buggy-500cc-agafay\/\"]}]},{\"@type\":\"ImageObject\",\"inLanguage\":\"es\",\"@id\":\"https:\/\/thingstodoinmarrakech.ma\/product\/buggy-500cc-agafay\/#primaryimage\",\"url\":\"https:\/\/thingstodoinmarrakech.ma\/wp-content\/uploads\/2025\/06\/Buggy-500cc-Adventure-Tour-In-Agafay.jpg\",\"contentUrl\":\"https:\/\/thingstodoinmarrakech.ma\/wp-content\/uploads\/2025\/06\/Buggy-500cc-Adventure-Tour-In-Agafay.jpg\",\"width\":600,\"height\":540,\"caption\":\"Pair riding a 500cc buggy through the rocky Agafay Desert with the Atlas Mountains in the background\"},{\"@type\":\"BreadcrumbList\",\"@id\":\"https:\/\/thingstodoinmarrakech.ma\/product\/buggy-500cc-agafay\/#breadcrumb\",\"itemListElement\":[{\"@type\":\"ListItem\",\"position\":1,\"name\":\"Home\",\"item\":\"https:\/\/thingstodoinmarrakech.ma\/\"},{\"@type\":\"ListItem\",\"position\":2,\"name\":\"Shop\",\"item\":\"https:\/\/thingstodoinmarrakech.ma\/shop\/\"},{\"@type\":\"ListItem\",\"position\":3,\"name\":\"Buggy 500cc Adventure Tour In Agafay (2 pax minimum) &#038; Transportation\"}]},{\"@type\":\"WebSite\",\"@id\":\"https:\/\/thingstodoinmarrakech.ma\/#website\",\"url\":\"https:\/\/thingstodoinmarrakech.ma\/\",\"name\":\"Things To Do In Marrakech\",\"description\":\"Your journey starts here\",\"potentialAction\":[{\"@type\":\"SearchAction\",\"target\":{\"@type\":\"EntryPoint\",\"urlTemplate\":\"https:\/\/thingstodoinmarrakech.ma\/?s={search_term_string}\"},\"query-input\":{\"@type\":\"PropertyValueSpecification\",\"valueRequired\":true,\"valueName\":\"search_term_string\"}}],\"inLanguage\":\"es\"}]}<\/script>\n<meta property=\"product:price:amount\" content=\"75.00\" \/>\n<meta property=\"product:price:currency\" content=\"EUR\" \/>\n<meta property=\"og:availability\" content=\"instock\" \/>\n<meta property=\"product:availability\" content=\"instock\" \/>\n<meta property=\"product:condition\" content=\"new\" \/>\n<!-- \/ Yoast SEO Premium plugin. -->","yoast_head_json":{"title":"Buggy 500cc Adventure Tour In Agafay | Reservar Agafay Buggy Tour","description":"Reserva tu aventura en buggy 1000cc en el desierto de Agafay. Excursiones guiadas, traslados y todo el equipamiento incluido: explora el lado salvaje de Marruecos con un amigo...","robots":{"index":"index","follow":"follow","max-snippet":"max-snippet:-1","max-image-preview":"max-image-preview:large","max-video-preview":"max-video-preview:-1"},"canonical":"https:\/\/thingstodoinmarrakech.ma\/es\/product\/buggy-500cc-agafay\/","og_locale":"es_ES","og_type":"article","og_title":"Buggy 500cc Adventure Tour In Agafay (2 pax minimum) & Transportation","og_description":"Book your 1000cc buggy adventure in the Agafay Desert. Guided tours, transfers, and all equipment included\u2014explore Morocco\u2019s wild side with a friend .","og_url":"https:\/\/thingstodoinmarrakech.ma\/es\/product\/buggy-500cc-agafay\/","og_site_name":"Things To Do In Marrakech","article_modified_time":"2025-07-01T19:27:58+00:00","og_image":[{"width":600,"height":540,"url":"https:\/\/thingstodoinmarrakech.ma\/wp-content\/uploads\/2025\/06\/Buggy-500cc-Adventure-Tour-In-Agafay.jpg","type":"image\/jpeg"}],"twitter_card":"summary_large_image","twitter_misc":{"Precio":"&euro;75,00","Disponibilidad":"Disponible"},"schema":{"@context":"https:\/\/schema.org","@graph":[{"@type":"WebPage","@id":"https:\/\/thingstodoinmarrakech.ma\/product\/buggy-500cc-agafay\/","url":"https:\/\/thingstodoinmarrakech.ma\/product\/buggy-500cc-agafay\/","name":"Buggy 500cc Adventure Tour In Agafay | Reservar Agafay Buggy Tour","isPartOf":{"@id":"https:\/\/thingstodoinmarrakech.ma\/#website"},"primaryImageOfPage":{"@id":"https:\/\/thingstodoinmarrakech.ma\/product\/buggy-500cc-agafay\/#primaryimage"},"image":{"@id":"https:\/\/thingstodoinmarrakech.ma\/product\/buggy-500cc-agafay\/#primaryimage"},"thumbnailUrl":"https:\/\/thingstodoinmarrakech.ma\/wp-content\/uploads\/2025\/06\/Buggy-500cc-Adventure-Tour-In-Agafay.jpg","datePublished":"2025-06-29T20:14:51+00:00","dateModified":"2025-07-01T19:27:58+00:00","description":"Reserva tu aventura en buggy 1000cc en el desierto de Agafay. Excursiones guiadas, traslados y todo el equipamiento incluido: explora el lado salvaje de Marruecos con un amigo...","breadcrumb":{"@id":"https:\/\/thingstodoinmarrakech.ma\/product\/buggy-500cc-agafay\/#breadcrumb"},"inLanguage":"es","potentialAction":[{"@type":"ReadAction","target":["https:\/\/thingstodoinmarrakech.ma\/product\/buggy-500cc-agafay\/"]}]},{"@type":"ImageObject","inLanguage":"es","@id":"https:\/\/thingstodoinmarrakech.ma\/product\/buggy-500cc-agafay\/#primaryimage","url":"https:\/\/thingstodoinmarrakech.ma\/wp-content\/uploads\/2025\/06\/Buggy-500cc-Adventure-Tour-In-Agafay.jpg","contentUrl":"https:\/\/thingstodoinmarrakech.ma\/wp-content\/uploads\/2025\/06\/Buggy-500cc-Adventure-Tour-In-Agafay.jpg","width":600,"height":540,"caption":"Pair riding a 500cc buggy through the rocky Agafay Desert with the Atlas Mountains in the background"},{"@type":"BreadcrumbList","@id":"https:\/\/thingstodoinmarrakech.ma\/product\/buggy-500cc-agafay\/#breadcrumb","itemListElement":[{"@type":"ListItem","position":1,"name":"Home","item":"https:\/\/thingstodoinmarrakech.ma\/"},{"@type":"ListItem","position":2,"name":"Shop","item":"https:\/\/thingstodoinmarrakech.ma\/shop\/"},{"@type":"ListItem","position":3,"name":"Buggy 500cc Adventure Tour In Agafay (2 pax minimum) &#038; Transportation"}]},{"@type":"WebSite","@id":"https:\/\/thingstodoinmarrakech.ma\/#website","url":"https:\/\/thingstodoinmarrakech.ma\/","name":"Qu\u00e9 hacer en Marrakech","description":"Su viaje comienza aqu\u00ed","potentialAction":[{"@type":"SearchAction","target":{"@type":"EntryPoint","urlTemplate":"https:\/\/thingstodoinmarrakech.ma\/?s={search_term_string}"},"query-input":{"@type":"PropertyValueSpecification","valueRequired":true,"valueName":"search_term_string"}}],"inLanguage":"es"}]},"product_price_amount":"75.00","product_price_currency":"EUR","og_availability":"instock","product_availability":"instock","product_condition":"new"},"_links":{"self":[{"href":"https:\/\/thingstodoinmarrakech.ma\/es\/wp-json\/wp\/v2\/product\/9615","targetHints":{"allow":["GET"]}}],"collection":[{"href":"https:\/\/thingstodoinmarrakech.ma\/es\/wp-json\/wp\/v2\/product"}],"about":[{"href":"https:\/\/thingstodoinmarrakech.ma\/es\/wp-json\/wp\/v2\/types\/product"}],"replies":[{"embeddable":true,"href":"https:\/\/thingstodoinmarrakech.ma\/es\/wp-json\/wp\/v2\/comments?post=9615"}],"wp:featuredmedia":[{"embeddable":true,"href":"https:\/\/thingstodoinmarrakech.ma\/es\/wp-json\/wp\/v2\/media\/9616"}],"wp:attachment":[{"href":"https:\/\/thingstodoinmarrakech.ma\/es\/wp-json\/wp\/v2\/media?parent=9615"}],"wp:term":[{"taxonomy":"product_brand","embeddable":true,"href":"https:\/\/thingstodoinmarrakech.ma\/es\/wp-json\/wp\/v2\/product_brand?post=9615"},{"taxonomy":"product_cat","embeddable":true,"href":"https:\/\/thingstodoinmarrakech.ma\/es\/wp-json\/wp\/v2\/product_cat?post=9615"},{"taxonomy":"product_tag","embeddable":true,"href":"https:\/\/thingstodoinmarrakech.ma\/es\/wp-json\/wp\/v2\/product_tag?post=9615"}],"curies":[{"name":"wp","href":"https:\/\/api.w.org\/{rel}","templated":true}]}}