{"id":9606,"date":"2025-06-29T16:04:45","date_gmt":"2025-06-29T16:04:45","guid":{"rendered":"https:\/\/thingstodoinmarrakech.ma\/?post_type=product&#038;p=9606"},"modified":"2025-07-01T19:27:40","modified_gmt":"2025-07-01T19:27:40","slug":"buggy-1000cc-agafay","status":"publish","type":"product","link":"https:\/\/thingstodoinmarrakech.ma\/es\/product\/buggy-1000cc-agafay\/","title":{"rendered":"Buggy 1000cc Aventura En Agafay (2 pax minimo) &amp; Transporte"},"content":{"rendered":"<p>&nbsp;<\/p>\n<p data-start=\"611\" data-end=\"931\">\u00bfListo para un aut\u00e9ntico subid\u00f3n de adrenalina? Nuestra <strong data-start=\"665\" data-end=\"706\">Aventura en Buggy 1000cc en Agafay<\/strong> le permite explorar los paisajes des\u00e9rticos \u00fanicos de Marruecos al volante de un buggy de altas prestaciones. Siente la potencia mientras conduces por espectaculares colinas y sinuosos senderos, guiado por expertos locales que conocen los mejores lugares panor\u00e1micos.<\/p>\n<p data-start=\"933\" data-end=\"1172\">Con un m\u00ednimo de dos personas por buggy, esta aventura es perfecta para amigos, parejas y familias. Tanto si quieres conducir como ir de pasajero, disfrutar\u00e1s de una experiencia inolvidable con todo el equipo de seguridad y el apoyo que necesitas.<\/p>\n<p data-start=\"1675\" data-end=\"1824\"><strong data-start=\"1675\" data-end=\"1690\">Horarios:<\/strong><br data-start=\"1690\" data-end=\"1693\" \/>Disponible todos los d\u00edas a las 9:00, 11:00, 14:00, 16:00 y 18:00<br data-start=\"1748\" data-end=\"1751\" \/><em data-start=\"1751\" data-end=\"1824\">Las excursiones al atardecer y a \u00faltima hora de la tarde ofrecen unas vistas incre\u00edbles y un tiempo m\u00e1s fresco.<\/em><\/p>\n<p data-start=\"1826\" data-end=\"1848\"><strong data-start=\"1826\" data-end=\"1846\">\u00bfA qui\u00e9n va dirigido?<\/strong><\/p>\n<ul data-start=\"1849\" data-end=\"2047\">\n<li data-start=\"1849\" data-end=\"1915\">\n<p data-start=\"1851\" data-end=\"1915\">Adecuado para adultos y ni\u00f1os mayores (puede aplicarse una edad m\u00ednima)<\/p>\n<\/li>\n<li data-start=\"1916\" data-end=\"1991\">\n<p data-start=\"1918\" data-end=\"1991\">Perfecto para parejas, amigos o familias: se necesitan dos personas por buggy.<\/p>\n<\/li>\n<li data-start=\"1992\" data-end=\"2047\">\n<p data-start=\"1994\" data-end=\"2047\">No se necesita experiencia previa; se proporciona instrucci\u00f3n completa<\/p>\n<\/li>\n<\/ul>\n<p data-start=\"2049\" data-end=\"2069\"><strong data-start=\"2049\" data-end=\"2067\">Qu\u00e9 llevar:<\/strong><\/p>\n<ul data-start=\"2070\" data-end=\"2181\">\n<li data-start=\"2070\" data-end=\"2114\">\n<p data-start=\"2072\" data-end=\"2114\">Ropa c\u00f3moda y calzado cerrado<\/p>\n<\/li>\n<li data-start=\"2115\" data-end=\"2148\">\n<p data-start=\"2117\" data-end=\"2148\">Gafas de sol, crema solar, c\u00e1mara<\/p>\n<\/li>\n<li data-start=\"2149\" data-end=\"2181\">\n<p data-start=\"2151\" data-end=\"2181\">Chaqueta ligera para los meses m\u00e1s fr\u00edos<\/p>\n<\/li>\n<\/ul>\n<p data-start=\"2183\" data-end=\"2234\"><strong data-start=\"2183\" data-end=\"2196\">Duraci\u00f3n:<\/strong><br data-start=\"2196\" data-end=\"2199\" \/>Alrededor de 3 horas (incluidos los traslados)<\/p>\n<p data-start=\"2236\" data-end=\"2347\"><strong data-start=\"2236\" data-end=\"2254\">Punto de encuentro:<\/strong><br data-start=\"2254\" data-end=\"2257\" \/>Recogida y entrega en su hotel, riad o residencia de Marrakech (a\u00f1ada los detalles al finalizar la compra)<\/p>\n<p data-start=\"2349\" data-end=\"2368\"><strong data-start=\"2349\" data-end=\"2366\">Es bueno saberlo:<\/strong><\/p>\n<ul data-start=\"2369\" data-end=\"2620\">\n<li data-start=\"2369\" data-end=\"2450\">\n<p data-start=\"2371\" data-end=\"2450\">Cada buggy tiene capacidad para dos personas: un conductor y un pasajero (se puede cambiar durante el recorrido)<\/p>\n<\/li>\n<li data-start=\"2451\" data-end=\"2500\">\n<p data-start=\"2453\" data-end=\"2500\">Debe tener la edad legal para conducir el buggy<\/p>\n<\/li>\n<li data-start=\"2501\" data-end=\"2581\">\n<p data-start=\"2503\" data-end=\"2581\">Los pasajeros deben reservar como \"<strong data-start=\"2708\" data-end=\"2778\">ni\u00f1os<\/strong>\"aunque sea adulto (v\u00e9anse las instrucciones de reserva m\u00e1s abajo)<\/p>\n<\/li>\n<li data-start=\"2582\" data-end=\"2620\">\n<p data-start=\"2584\" data-end=\"2620\">Las visitas se realizan en la mayor\u00eda de las condiciones meteorol\u00f3gicas<\/p>\n<\/li>\n<\/ul>\n<p data-start=\"2622\" data-end=\"2649\"><strong data-start=\"2622\" data-end=\"2647\">Instrucciones de reserva:<\/strong><\/p>\n<ul data-start=\"2650\" data-end=\"2837\">\n<li data-start=\"2650\" data-end=\"2705\">\n<p data-start=\"2652\" data-end=\"2705\"><strong data-start=\"2652\" data-end=\"2703\">Reserva como \"adulto\" si quieres conducir el buggy.<\/strong><\/p>\n<\/li>\n<li data-start=\"2706\" data-end=\"2780\">\n<p data-start=\"2708\" data-end=\"2780\"><strong data-start=\"2708\" data-end=\"2778\">Reserve como \"ni\u00f1os\" si desea viajar como pasajero, incluso para adultos.<\/strong><\/p>\n<\/li>\n<li data-start=\"2781\" data-end=\"2837\">\n<p data-start=\"2783\" data-end=\"2837\"><em data-start=\"2783\" data-end=\"2837\">Se requiere un m\u00ednimo de dos participantes por buggy.<\/em><\/p>\n<\/li>\n<\/ul>\n<p><strong data-start=\"3486\" data-end=\"3504\">Informaci\u00f3n de pago:<\/strong><br data-start=\"3504\" data-end=\"3507\" \/>Indique su n\u00famero de WhatsApp completo con el prefijo del pa\u00eds y su hotel o residencia para facilitar la recogida.<\/p>","protected":false},"excerpt":{"rendered":"<p>Explore el desierto de Agafay en una emocionante aventura en quad. Reserva como \"adulto\" para conducir tu propio quad, o como \"ni\u00f1o\" si quieres ir de pasajero, aunque seas adulto.<\/p>","protected":false},"featured_media":9607,"comment_status":"open","ping_status":"closed","template":"","meta":[],"product_brand":[],"product_cat":[56],"product_tag":[76,71,66,63,73,75,74],"class_list":{"0":"post-9606","1":"product","2":"type-product","3":"status-publish","4":"has-post-thumbnail","6":"brw_tour_types-activities","7":"product_cat-activities","8":"product_tag-1000cc","9":"product_tag-adrenaline","10":"product_tag-adventure","11":"product_tag-agafay-desert","12":"product_tag-buggy-tour","13":"product_tag-group","14":"product_tag-marrakech","16":"first","17":"instock","18":"sale","19":"featured","20":"shipping-taxable","21":"purchasable","22":"product-type-ovabrw_car_rental"},"yoast_head":"<!-- This site is optimized with the Yoast SEO Premium plugin v25.3.1 (Yoast SEO v27.2) - https:\/\/yoast.com\/product\/yoast-seo-premium-wordpress\/ -->\n<title>Buggy 1000cc Adventure Tour In Agafay | Book Agafay Buggy Tour<\/title>\n<meta name=\"description\" content=\"Book your 1000cc buggy adventure in the Agafay Desert. Guided tours, transfers, and all equipment included\u2014explore Morocco\u2019s wild side with a friend .\" \/>\n<meta name=\"robots\" content=\"index, follow, max-snippet:-1, max-image-preview:large, max-video-preview:-1\" \/>\n<link rel=\"canonical\" href=\"https:\/\/thingstodoinmarrakech.ma\/es\/product\/buggy-1000cc-agafay\/\" \/>\n<meta property=\"og:locale\" content=\"es_ES\" \/>\n<meta property=\"og:type\" content=\"article\" \/>\n<meta property=\"og:title\" content=\"Buggy 1000cc Adventure Tour In Agafay (2 pax minimum) &amp; Transportation\" \/>\n<meta property=\"og:description\" content=\"Book your 1000cc buggy adventure in the Agafay Desert. Guided tours, transfers, and all equipment included\u2014explore Morocco\u2019s wild side with a friend .\" \/>\n<meta property=\"og:url\" content=\"https:\/\/thingstodoinmarrakech.ma\/es\/product\/buggy-1000cc-agafay\/\" \/>\n<meta property=\"og:site_name\" content=\"Things To Do In Marrakech\" \/>\n<meta property=\"article:modified_time\" content=\"2025-07-01T19:27:40+00:00\" \/>\n<meta property=\"og:image\" content=\"https:\/\/thingstodoinmarrakech.ma\/wp-content\/uploads\/2025\/06\/agafay-desert-1-4.jpg\" \/>\n\t<meta property=\"og:image:width\" content=\"990\" \/>\n\t<meta property=\"og:image:height\" content=\"800\" \/>\n\t<meta property=\"og:image:type\" content=\"image\/jpeg\" \/>\n<meta name=\"twitter:card\" content=\"summary_large_image\" \/>\n<meta name=\"twitter:label1\" content=\"Precio\" \/>\n\t<meta name=\"twitter:data1\" content=\"&euro;100,00\" \/>\n\t<meta name=\"twitter:label2\" content=\"Disponibilidad\" \/>\n\t<meta name=\"twitter:data2\" content=\"Disponible\" \/>\n<script type=\"application\/ld+json\" class=\"yoast-schema-graph\">{\"@context\":\"https:\/\/schema.org\",\"@graph\":[{\"@type\":\"WebPage\",\"@id\":\"https:\/\/thingstodoinmarrakech.ma\/product\/buggy-1000cc-agafay\/\",\"url\":\"https:\/\/thingstodoinmarrakech.ma\/product\/buggy-1000cc-agafay\/\",\"name\":\"Buggy 1000cc Adventure Tour In Agafay | Book Agafay Buggy Tour\",\"isPartOf\":{\"@id\":\"https:\/\/thingstodoinmarrakech.ma\/#website\"},\"primaryImageOfPage\":{\"@id\":\"https:\/\/thingstodoinmarrakech.ma\/product\/buggy-1000cc-agafay\/#primaryimage\"},\"image\":{\"@id\":\"https:\/\/thingstodoinmarrakech.ma\/product\/buggy-1000cc-agafay\/#primaryimage\"},\"thumbnailUrl\":\"https:\/\/thingstodoinmarrakech.ma\/wp-content\/uploads\/2025\/06\/agafay-desert-1-4.jpg\",\"datePublished\":\"2025-06-29T16:04:45+00:00\",\"dateModified\":\"2025-07-01T19:27:40+00:00\",\"description\":\"Book your 1000cc buggy adventure in the Agafay Desert. Guided tours, transfers, and all equipment included\u2014explore Morocco\u2019s wild side with a friend .\",\"breadcrumb\":{\"@id\":\"https:\/\/thingstodoinmarrakech.ma\/product\/buggy-1000cc-agafay\/#breadcrumb\"},\"inLanguage\":\"es\",\"potentialAction\":[{\"@type\":\"ReadAction\",\"target\":[\"https:\/\/thingstodoinmarrakech.ma\/product\/buggy-1000cc-agafay\/\"]}]},{\"@type\":\"ImageObject\",\"inLanguage\":\"es\",\"@id\":\"https:\/\/thingstodoinmarrakech.ma\/product\/buggy-1000cc-agafay\/#primaryimage\",\"url\":\"https:\/\/thingstodoinmarrakech.ma\/wp-content\/uploads\/2025\/06\/agafay-desert-1-4.jpg\",\"contentUrl\":\"https:\/\/thingstodoinmarrakech.ma\/wp-content\/uploads\/2025\/06\/agafay-desert-1-4.jpg\",\"width\":990,\"height\":800,\"caption\":\"Two people driving a 1000cc buggy through the Agafay Desert with rocky trails and the Atlas Mountains in the background\"},{\"@type\":\"BreadcrumbList\",\"@id\":\"https:\/\/thingstodoinmarrakech.ma\/product\/buggy-1000cc-agafay\/#breadcrumb\",\"itemListElement\":[{\"@type\":\"ListItem\",\"position\":1,\"name\":\"Home\",\"item\":\"https:\/\/thingstodoinmarrakech.ma\/\"},{\"@type\":\"ListItem\",\"position\":2,\"name\":\"Shop\",\"item\":\"https:\/\/thingstodoinmarrakech.ma\/shop\/\"},{\"@type\":\"ListItem\",\"position\":3,\"name\":\"Buggy 1000cc Adventure Tour In Agafay (2 pax minimum) &#038; Transportation\"}]},{\"@type\":\"WebSite\",\"@id\":\"https:\/\/thingstodoinmarrakech.ma\/#website\",\"url\":\"https:\/\/thingstodoinmarrakech.ma\/\",\"name\":\"Things To Do In Marrakech\",\"description\":\"Your journey starts here\",\"potentialAction\":[{\"@type\":\"SearchAction\",\"target\":{\"@type\":\"EntryPoint\",\"urlTemplate\":\"https:\/\/thingstodoinmarrakech.ma\/?s={search_term_string}\"},\"query-input\":{\"@type\":\"PropertyValueSpecification\",\"valueRequired\":true,\"valueName\":\"search_term_string\"}}],\"inLanguage\":\"es\"}]}<\/script>\n<meta property=\"product:price:amount\" content=\"100.00\" \/>\n<meta property=\"product:price:currency\" content=\"EUR\" \/>\n<meta property=\"og:availability\" content=\"instock\" \/>\n<meta property=\"product:availability\" content=\"instock\" \/>\n<meta property=\"product:condition\" content=\"new\" \/>\n<!-- \/ Yoast SEO Premium plugin. -->","yoast_head_json":{"title":"Buggy 1000cc Adventure Tour In Agafay | Reservar Agafay Buggy Tour","description":"Reserva tu aventura en buggy 1000cc en el desierto de Agafay. Excursiones guiadas, traslados y todo el equipamiento incluido: explora el lado salvaje de Marruecos con un amigo...","robots":{"index":"index","follow":"follow","max-snippet":"max-snippet:-1","max-image-preview":"max-image-preview:large","max-video-preview":"max-video-preview:-1"},"canonical":"https:\/\/thingstodoinmarrakech.ma\/es\/product\/buggy-1000cc-agafay\/","og_locale":"es_ES","og_type":"article","og_title":"Buggy 1000cc Adventure Tour In Agafay (2 pax minimum) & Transportation","og_description":"Book your 1000cc buggy adventure in the Agafay Desert. Guided tours, transfers, and all equipment included\u2014explore Morocco\u2019s wild side with a friend .","og_url":"https:\/\/thingstodoinmarrakech.ma\/es\/product\/buggy-1000cc-agafay\/","og_site_name":"Things To Do In Marrakech","article_modified_time":"2025-07-01T19:27:40+00:00","og_image":[{"width":990,"height":800,"url":"https:\/\/thingstodoinmarrakech.ma\/wp-content\/uploads\/2025\/06\/agafay-desert-1-4.jpg","type":"image\/jpeg"}],"twitter_card":"summary_large_image","twitter_misc":{"Precio":"&euro;100,00","Disponibilidad":"Disponible"},"schema":{"@context":"https:\/\/schema.org","@graph":[{"@type":"WebPage","@id":"https:\/\/thingstodoinmarrakech.ma\/product\/buggy-1000cc-agafay\/","url":"https:\/\/thingstodoinmarrakech.ma\/product\/buggy-1000cc-agafay\/","name":"Buggy 1000cc Adventure Tour In Agafay | Reservar Agafay Buggy Tour","isPartOf":{"@id":"https:\/\/thingstodoinmarrakech.ma\/#website"},"primaryImageOfPage":{"@id":"https:\/\/thingstodoinmarrakech.ma\/product\/buggy-1000cc-agafay\/#primaryimage"},"image":{"@id":"https:\/\/thingstodoinmarrakech.ma\/product\/buggy-1000cc-agafay\/#primaryimage"},"thumbnailUrl":"https:\/\/thingstodoinmarrakech.ma\/wp-content\/uploads\/2025\/06\/agafay-desert-1-4.jpg","datePublished":"2025-06-29T16:04:45+00:00","dateModified":"2025-07-01T19:27:40+00:00","description":"Reserva tu aventura en buggy 1000cc en el desierto de Agafay. Excursiones guiadas, traslados y todo el equipamiento incluido: explora el lado salvaje de Marruecos con un amigo...","breadcrumb":{"@id":"https:\/\/thingstodoinmarrakech.ma\/product\/buggy-1000cc-agafay\/#breadcrumb"},"inLanguage":"es","potentialAction":[{"@type":"ReadAction","target":["https:\/\/thingstodoinmarrakech.ma\/product\/buggy-1000cc-agafay\/"]}]},{"@type":"ImageObject","inLanguage":"es","@id":"https:\/\/thingstodoinmarrakech.ma\/product\/buggy-1000cc-agafay\/#primaryimage","url":"https:\/\/thingstodoinmarrakech.ma\/wp-content\/uploads\/2025\/06\/agafay-desert-1-4.jpg","contentUrl":"https:\/\/thingstodoinmarrakech.ma\/wp-content\/uploads\/2025\/06\/agafay-desert-1-4.jpg","width":990,"height":800,"caption":"Two people driving a 1000cc buggy through the Agafay Desert with rocky trails and the Atlas Mountains in the background"},{"@type":"BreadcrumbList","@id":"https:\/\/thingstodoinmarrakech.ma\/product\/buggy-1000cc-agafay\/#breadcrumb","itemListElement":[{"@type":"ListItem","position":1,"name":"Home","item":"https:\/\/thingstodoinmarrakech.ma\/"},{"@type":"ListItem","position":2,"name":"Shop","item":"https:\/\/thingstodoinmarrakech.ma\/shop\/"},{"@type":"ListItem","position":3,"name":"Buggy 1000cc Adventure Tour In Agafay (2 pax minimum) &#038; Transportation"}]},{"@type":"WebSite","@id":"https:\/\/thingstodoinmarrakech.ma\/#website","url":"https:\/\/thingstodoinmarrakech.ma\/","name":"Qu\u00e9 hacer en Marrakech","description":"Su viaje comienza aqu\u00ed","potentialAction":[{"@type":"SearchAction","target":{"@type":"EntryPoint","urlTemplate":"https:\/\/thingstodoinmarrakech.ma\/?s={search_term_string}"},"query-input":{"@type":"PropertyValueSpecification","valueRequired":true,"valueName":"search_term_string"}}],"inLanguage":"es"}]},"product_price_amount":"100.00","product_price_currency":"EUR","og_availability":"instock","product_availability":"instock","product_condition":"new"},"_links":{"self":[{"href":"https:\/\/thingstodoinmarrakech.ma\/es\/wp-json\/wp\/v2\/product\/9606","targetHints":{"allow":["GET"]}}],"collection":[{"href":"https:\/\/thingstodoinmarrakech.ma\/es\/wp-json\/wp\/v2\/product"}],"about":[{"href":"https:\/\/thingstodoinmarrakech.ma\/es\/wp-json\/wp\/v2\/types\/product"}],"replies":[{"embeddable":true,"href":"https:\/\/thingstodoinmarrakech.ma\/es\/wp-json\/wp\/v2\/comments?post=9606"}],"wp:featuredmedia":[{"embeddable":true,"href":"https:\/\/thingstodoinmarrakech.ma\/es\/wp-json\/wp\/v2\/media\/9607"}],"wp:attachment":[{"href":"https:\/\/thingstodoinmarrakech.ma\/es\/wp-json\/wp\/v2\/media?parent=9606"}],"wp:term":[{"taxonomy":"product_brand","embeddable":true,"href":"https:\/\/thingstodoinmarrakech.ma\/es\/wp-json\/wp\/v2\/product_brand?post=9606"},{"taxonomy":"product_cat","embeddable":true,"href":"https:\/\/thingstodoinmarrakech.ma\/es\/wp-json\/wp\/v2\/product_cat?post=9606"},{"taxonomy":"product_tag","embeddable":true,"href":"https:\/\/thingstodoinmarrakech.ma\/es\/wp-json\/wp\/v2\/product_tag?post=9606"}],"curies":[{"name":"wp","href":"https:\/\/api.w.org\/{rel}","templated":true}]}}