{"id":9595,"date":"2025-06-28T19:56:34","date_gmt":"2025-06-28T19:56:34","guid":{"rendered":"https:\/\/thingstodoinmarrakech.ma\/?post_type=product&#038;p=9595"},"modified":"2025-07-25T15:31:00","modified_gmt":"2025-07-25T15:31:00","slug":"aventura-en-quad-por-el-desierto-de-agafay","status":"publish","type":"product","link":"https:\/\/thingstodoinmarrakech.ma\/es\/product\/aventura-en-quad-por-el-desierto-de-agafay\/","title":{"rendered":"Excursi\u00f3n de aventura en quad por el desierto de Agafay y transporte"},"content":{"rendered":"<p data-start=\"580\" data-end=\"1257\">Descubra el lado salvaje de Marruecos en una excursi\u00f3n de aventura en quad por el desierto de Agafay. Este emocionante recorrido es perfecto para los amantes de la adrenalina, amigos, parejas y familias que buscan algo diferente cerca de Marrakech.<br data-start=\"809\" data-end=\"812\" \/>Su aventura comienza con una c\u00f3moda recogida en su hotel o riad. Tras un breve trayecto en coche hasta Agafay, conocer\u00e1s a tu gu\u00eda, recibir\u00e1s instrucciones de seguridad y aprender\u00e1s a manejar tu quad.<br data-start=\"1026\" data-end=\"1029\" \/>Siga a su gu\u00eda a trav\u00e9s de serpenteantes senderos des\u00e9rticos, pasando por colinas rocosas y atravesando impresionantes paisajes con las monta\u00f1as del Atlas a lo lejos. Habr\u00e1 paradas por el camino para hacer fotos y disfrutar del silencio del desierto.<\/p>\n<p data-start=\"1749\" data-end=\"1905\"><strong data-start=\"1749\" data-end=\"1764\">Horarios:<\/strong><br data-start=\"1764\" data-end=\"1767\" \/>Disponible todos los d\u00edas a las 9:00, 11:00, 14:00, 16:00 y 18:00<br data-start=\"1822\" data-end=\"1825\" \/><strong data-start=\"1825\" data-end=\"1905\">(Los paseos al atardecer y a \u00faltima hora de la tarde son especialmente populares para hacer fotos incre\u00edbles).<\/strong><\/p>\n<p data-start=\"1907\" data-end=\"1929\"><strong data-start=\"1907\" data-end=\"1927\">\u00bfA qui\u00e9n va dirigido?<\/strong><\/p>\n<ul data-start=\"1930\" data-end=\"2110\">\n<li data-start=\"1930\" data-end=\"1996\">\n<p data-start=\"1932\" data-end=\"1996\">Adecuado para adultos y ni\u00f1os mayores (puede aplicarse una edad m\u00ednima)<\/p>\n<\/li>\n<li data-start=\"1997\" data-end=\"2053\">\n<p data-start=\"1999\" data-end=\"2053\">No se necesita experiencia previa: se proporciona formaci\u00f3n completa<\/p>\n<\/li>\n<li data-start=\"2054\" data-end=\"2110\">\n<p data-start=\"2056\" data-end=\"2110\">Ideal para grupos, parejas, familias o viajeros en solitario<\/p>\n<\/li>\n<\/ul>\n<p data-start=\"2112\" data-end=\"2132\"><strong data-start=\"2112\" data-end=\"2130\">Qu\u00e9 llevar:<\/strong><\/p>\n<ul data-start=\"2133\" data-end=\"2262\">\n<li data-start=\"2133\" data-end=\"2177\">\n<p data-start=\"2135\" data-end=\"2177\">Ropa c\u00f3moda y calzado cerrado<\/p>\n<\/li>\n<li data-start=\"2178\" data-end=\"2217\">\n<p data-start=\"2180\" data-end=\"2217\">Gafas de sol, crema solar y c\u00e1mara de fotos<\/p>\n<\/li>\n<li data-start=\"2218\" data-end=\"2262\">\n<p data-start=\"2220\" data-end=\"2262\">Chaqueta ligera (para el atardecer o los meses m\u00e1s frescos)<\/p>\n<\/li>\n<\/ul>\n<p data-start=\"2317\" data-end=\"2437\"><strong data-start=\"2317\" data-end=\"2335\">Punto de encuentro:<\/strong><br data-start=\"2335\" data-end=\"2338\" \/>Recogida y entrega en su hotel, riad o residencia de Marrakech (a\u00f1ada sus datos durante el pago)<\/p>\n<p data-start=\"2439\" data-end=\"2458\"><strong data-start=\"2439\" data-end=\"2456\">Es bueno saberlo:<\/strong><\/p>\n<ul data-start=\"2459\" data-end=\"2611\">\n<li data-start=\"2459\" data-end=\"2519\">\n<p data-start=\"2461\" data-end=\"2519\">Los conductores deben ser mayores de edad (consulte los requisitos)<\/p>\n<\/li>\n<li data-start=\"2520\" data-end=\"2572\">\n<p data-start=\"2522\" data-end=\"2572\">Los pasajeros pueden viajar en doble (opci\u00f3n de quad para dos)<\/p>\n<\/li>\n<li data-start=\"2573\" data-end=\"2611\">\n<p data-start=\"2575\" data-end=\"2611\">Las visitas se realizan en la mayor\u00eda de las condiciones meteorol\u00f3gicas<\/p>\n<\/li>\n<\/ul>\n<p data-start=\"210\" data-end=\"579\"><strong data-start=\"210\" data-end=\"241\">C\u00f3mo reservar como pasajero:<\/strong><br data-start=\"241\" data-end=\"244\" \/>Si desea unirse a la excursi\u00f3n como pasajero (sin conducir su propio quad), reserve su plaza como \"Ni\u00f1os\" en el formulario de reserva, aunque sea un adulto. De este modo, ir\u00e1s con otro participante y disfrutar\u00e9is juntos de la experiencia.<br data-start=\"485\" data-end=\"488\" \/>Los adultos que reserven como \"Ni\u00f1os\" ser\u00e1n asignados como pasajeros y no tendr\u00e1n que conducir.<\/p>\n<ul data-start=\"581\" data-end=\"735\">\n<li data-start=\"581\" data-end=\"639\">\n<p data-start=\"583\" data-end=\"639\"><strong data-start=\"583\" data-end=\"610\">Para conducir tu propio quad:<\/strong> Elija \"adulto\" al hacer la reserva.<\/p>\n<\/li>\n<li data-start=\"640\" data-end=\"735\">\n<p data-start=\"642\" data-end=\"735\"><strong data-start=\"642\" data-end=\"669\">Viajar como pasajero:<\/strong> Seleccione \"Ni\u00f1os\" (tanto para ni\u00f1os como para adultos que viajen como pasajeros).<\/p>\n<\/li>\n<\/ul>\n<p data-start=\"737\" data-end=\"893\">Si tiene alguna pregunta sobre c\u00f3mo reservar o desea concertar un emparejamiento espec\u00edfico de conductor y pasajero, no dude en ponerse en contacto con nosotros por WhatsApp antes de reservar.<\/p>","protected":false},"excerpt":{"rendered":"<p>Explore el desierto de Agafay en una emocionante aventura en quad. Reserva como \"adulto\" para conducir tu propio quad, o como \"ni\u00f1o\" si quieres ir de pasajero, aunque seas adulto.<\/p>","protected":false},"featured_media":9597,"comment_status":"open","ping_status":"closed","template":"","meta":[],"product_brand":[],"product_cat":[56],"product_tag":[71,66,63,62,65,70,69,64,72,68,67,61],"class_list":{"0":"post-9595","1":"product","2":"type-product","3":"status-publish","4":"has-post-thumbnail","6":"brw_tour_types-activities","7":"product_cat-activities","8":"product_tag-adrenaline","9":"product_tag-adventure","10":"product_tag-agafay-desert","11":"product_tag-camel-ride","12":"product_tag-family-friendly","13":"product_tag-group-tour","14":"product_tag-marrakech-adventure","15":"product_tag-marrakech-tour","16":"product_tag-outdoo","17":"product_tag-quad-biking","18":"product_tag-romantic","19":"product_tag-sunset","21":"first","22":"instock","23":"sale","24":"featured","25":"shipping-taxable","26":"purchasable","27":"product-type-ovabrw_car_rental"},"yoast_head":"<!-- This site is optimized with the Yoast SEO Premium plugin v25.3.1 (Yoast SEO v27.2) - https:\/\/yoast.com\/product\/yoast-seo-premium-wordpress\/ -->\n<title>Quad Adventure Tour in Agafay Desert | Book Agafay Quad Biking<\/title>\n<meta name=\"description\" content=\"Book your quad adventure in the Agafay Desert. Guided tours, hotel pick-up, all equipment included\u2014explore Morocco\u2019s rocky desert just outside Marrakech.\" \/>\n<meta name=\"robots\" content=\"index, follow, max-snippet:-1, max-image-preview:large, max-video-preview:-1\" \/>\n<link rel=\"canonical\" href=\"https:\/\/thingstodoinmarrakech.ma\/es\/product\/aventura-en-quad-por-el-desierto-de-agafay\/\" \/>\n<meta property=\"og:locale\" content=\"es_ES\" \/>\n<meta property=\"og:type\" content=\"article\" \/>\n<meta property=\"og:title\" content=\"Quad Adventure Tour in Agafay Desert &amp; Transportation\" \/>\n<meta property=\"og:description\" content=\"Book your quad adventure in the Agafay Desert. Guided tours, hotel pick-up, all equipment included\u2014explore Morocco\u2019s rocky desert just outside Marrakech.\" \/>\n<meta property=\"og:url\" content=\"https:\/\/thingstodoinmarrakech.ma\/es\/product\/aventura-en-quad-por-el-desierto-de-agafay\/\" \/>\n<meta property=\"og:site_name\" content=\"Things To Do In Marrakech\" \/>\n<meta property=\"article:modified_time\" content=\"2025-07-25T15:31:00+00:00\" \/>\n<meta property=\"og:image\" content=\"https:\/\/thingstodoinmarrakech.ma\/wp-content\/uploads\/2025\/06\/Agafay-Desert-ATV-Activity-2-hours-Quad-Biking.jpg\" \/>\n\t<meta property=\"og:image:width\" content=\"800\" \/>\n\t<meta property=\"og:image:height\" content=\"592\" \/>\n\t<meta property=\"og:image:type\" content=\"image\/jpeg\" \/>\n<meta name=\"twitter:card\" content=\"summary_large_image\" \/>\n<meta name=\"twitter:label1\" content=\"Precio\" \/>\n\t<meta name=\"twitter:data1\" content=\"&euro;70,00\" \/>\n\t<meta name=\"twitter:label2\" content=\"Disponibilidad\" \/>\n\t<meta name=\"twitter:data2\" content=\"Disponible\" \/>\n<script type=\"application\/ld+json\" class=\"yoast-schema-graph\">{\"@context\":\"https:\/\/schema.org\",\"@graph\":[{\"@type\":\"WebPage\",\"@id\":\"https:\/\/thingstodoinmarrakech.ma\/product\/quad-adventure-tour-in-agafay-desert\/\",\"url\":\"https:\/\/thingstodoinmarrakech.ma\/product\/quad-adventure-tour-in-agafay-desert\/\",\"name\":\"Quad Adventure Tour in Agafay Desert | Book Agafay Quad Biking\",\"isPartOf\":{\"@id\":\"https:\/\/thingstodoinmarrakech.ma\/#website\"},\"primaryImageOfPage\":{\"@id\":\"https:\/\/thingstodoinmarrakech.ma\/product\/quad-adventure-tour-in-agafay-desert\/#primaryimage\"},\"image\":{\"@id\":\"https:\/\/thingstodoinmarrakech.ma\/product\/quad-adventure-tour-in-agafay-desert\/#primaryimage\"},\"thumbnailUrl\":\"https:\/\/thingstodoinmarrakech.ma\/wp-content\/uploads\/2025\/06\/Agafay-Desert-ATV-Activity-2-hours-Quad-Biking.jpg\",\"datePublished\":\"2025-06-28T19:56:34+00:00\",\"dateModified\":\"2025-07-25T15:31:00+00:00\",\"description\":\"Book your quad adventure in the Agafay Desert. Guided tours, hotel pick-up, all equipment included\u2014explore Morocco\u2019s rocky desert just outside Marrakech.\",\"breadcrumb\":{\"@id\":\"https:\/\/thingstodoinmarrakech.ma\/product\/quad-adventure-tour-in-agafay-desert\/#breadcrumb\"},\"inLanguage\":\"es\",\"potentialAction\":[{\"@type\":\"ReadAction\",\"target\":[\"https:\/\/thingstodoinmarrakech.ma\/product\/quad-adventure-tour-in-agafay-desert\/\"]}]},{\"@type\":\"ImageObject\",\"inLanguage\":\"es\",\"@id\":\"https:\/\/thingstodoinmarrakech.ma\/product\/quad-adventure-tour-in-agafay-desert\/#primaryimage\",\"url\":\"https:\/\/thingstodoinmarrakech.ma\/wp-content\/uploads\/2025\/06\/Agafay-Desert-ATV-Activity-2-hours-Quad-Biking.jpg\",\"contentUrl\":\"https:\/\/thingstodoinmarrakech.ma\/wp-content\/uploads\/2025\/06\/Agafay-Desert-ATV-Activity-2-hours-Quad-Biking.jpg\",\"width\":800,\"height\":592,\"caption\":\"Agafay-Desert-ATV-Activity-2-hours-Quad-Biking\"},{\"@type\":\"BreadcrumbList\",\"@id\":\"https:\/\/thingstodoinmarrakech.ma\/product\/quad-adventure-tour-in-agafay-desert\/#breadcrumb\",\"itemListElement\":[{\"@type\":\"ListItem\",\"position\":1,\"name\":\"Home\",\"item\":\"https:\/\/thingstodoinmarrakech.ma\/\"},{\"@type\":\"ListItem\",\"position\":2,\"name\":\"Shop\",\"item\":\"https:\/\/thingstodoinmarrakech.ma\/shop\/\"},{\"@type\":\"ListItem\",\"position\":3,\"name\":\"Quad Adventure Tour in Agafay Desert &#038; Transportation\"}]},{\"@type\":\"WebSite\",\"@id\":\"https:\/\/thingstodoinmarrakech.ma\/#website\",\"url\":\"https:\/\/thingstodoinmarrakech.ma\/\",\"name\":\"Things To Do In Marrakech\",\"description\":\"Your journey starts here\",\"potentialAction\":[{\"@type\":\"SearchAction\",\"target\":{\"@type\":\"EntryPoint\",\"urlTemplate\":\"https:\/\/thingstodoinmarrakech.ma\/?s={search_term_string}\"},\"query-input\":{\"@type\":\"PropertyValueSpecification\",\"valueRequired\":true,\"valueName\":\"search_term_string\"}}],\"inLanguage\":\"es\"}]}<\/script>\n<meta property=\"product:price:amount\" content=\"70.00\" \/>\n<meta property=\"product:price:currency\" content=\"EUR\" \/>\n<meta property=\"og:availability\" content=\"instock\" \/>\n<meta property=\"product:availability\" content=\"instock\" \/>\n<meta property=\"product:condition\" content=\"new\" \/>\n<!-- \/ Yoast SEO Premium plugin. -->","yoast_head_json":{"title":"Quad Adventure Tour en el desierto de Agafay | Reservar Agafay Quad Biking","description":"Reserve su aventura en quad por el desierto de Agafay. Excursiones guiadas, recogida en el hotel, todo el equipo incluido: explore el desierto rocoso de Marruecos, a las afueras de Marrakech.","robots":{"index":"index","follow":"follow","max-snippet":"max-snippet:-1","max-image-preview":"max-image-preview:large","max-video-preview":"max-video-preview:-1"},"canonical":"https:\/\/thingstodoinmarrakech.ma\/es\/product\/aventura-en-quad-por-el-desierto-de-agafay\/","og_locale":"es_ES","og_type":"article","og_title":"Quad Adventure Tour in Agafay Desert & Transportation","og_description":"Book your quad adventure in the Agafay Desert. Guided tours, hotel pick-up, all equipment included\u2014explore Morocco\u2019s rocky desert just outside Marrakech.","og_url":"https:\/\/thingstodoinmarrakech.ma\/es\/product\/aventura-en-quad-por-el-desierto-de-agafay\/","og_site_name":"Things To Do In Marrakech","article_modified_time":"2025-07-25T15:31:00+00:00","og_image":[{"width":800,"height":592,"url":"https:\/\/thingstodoinmarrakech.ma\/wp-content\/uploads\/2025\/06\/Agafay-Desert-ATV-Activity-2-hours-Quad-Biking.jpg","type":"image\/jpeg"}],"twitter_card":"summary_large_image","twitter_misc":{"Precio":"&euro;70,00","Disponibilidad":"Disponible"},"schema":{"@context":"https:\/\/schema.org","@graph":[{"@type":"WebPage","@id":"https:\/\/thingstodoinmarrakech.ma\/product\/quad-adventure-tour-in-agafay-desert\/","url":"https:\/\/thingstodoinmarrakech.ma\/product\/quad-adventure-tour-in-agafay-desert\/","name":"Quad Adventure Tour en el desierto de Agafay | Reservar Agafay Quad Biking","isPartOf":{"@id":"https:\/\/thingstodoinmarrakech.ma\/#website"},"primaryImageOfPage":{"@id":"https:\/\/thingstodoinmarrakech.ma\/product\/quad-adventure-tour-in-agafay-desert\/#primaryimage"},"image":{"@id":"https:\/\/thingstodoinmarrakech.ma\/product\/quad-adventure-tour-in-agafay-desert\/#primaryimage"},"thumbnailUrl":"https:\/\/thingstodoinmarrakech.ma\/wp-content\/uploads\/2025\/06\/Agafay-Desert-ATV-Activity-2-hours-Quad-Biking.jpg","datePublished":"2025-06-28T19:56:34+00:00","dateModified":"2025-07-25T15:31:00+00:00","description":"Reserve su aventura en quad por el desierto de Agafay. Excursiones guiadas, recogida en el hotel, todo el equipo incluido: explore el desierto rocoso de Marruecos, a las afueras de Marrakech.","breadcrumb":{"@id":"https:\/\/thingstodoinmarrakech.ma\/product\/quad-adventure-tour-in-agafay-desert\/#breadcrumb"},"inLanguage":"es","potentialAction":[{"@type":"ReadAction","target":["https:\/\/thingstodoinmarrakech.ma\/product\/quad-adventure-tour-in-agafay-desert\/"]}]},{"@type":"ImageObject","inLanguage":"es","@id":"https:\/\/thingstodoinmarrakech.ma\/product\/quad-adventure-tour-in-agafay-desert\/#primaryimage","url":"https:\/\/thingstodoinmarrakech.ma\/wp-content\/uploads\/2025\/06\/Agafay-Desert-ATV-Activity-2-hours-Quad-Biking.jpg","contentUrl":"https:\/\/thingstodoinmarrakech.ma\/wp-content\/uploads\/2025\/06\/Agafay-Desert-ATV-Activity-2-hours-Quad-Biking.jpg","width":800,"height":592,"caption":"Agafay-Desert-ATV-Activity-2-hours-Quad-Biking"},{"@type":"BreadcrumbList","@id":"https:\/\/thingstodoinmarrakech.ma\/product\/quad-adventure-tour-in-agafay-desert\/#breadcrumb","itemListElement":[{"@type":"ListItem","position":1,"name":"Home","item":"https:\/\/thingstodoinmarrakech.ma\/"},{"@type":"ListItem","position":2,"name":"Shop","item":"https:\/\/thingstodoinmarrakech.ma\/shop\/"},{"@type":"ListItem","position":3,"name":"Quad Adventure Tour in Agafay Desert &#038; Transportation"}]},{"@type":"WebSite","@id":"https:\/\/thingstodoinmarrakech.ma\/#website","url":"https:\/\/thingstodoinmarrakech.ma\/","name":"Qu\u00e9 hacer en Marrakech","description":"Su viaje comienza aqu\u00ed","potentialAction":[{"@type":"SearchAction","target":{"@type":"EntryPoint","urlTemplate":"https:\/\/thingstodoinmarrakech.ma\/?s={search_term_string}"},"query-input":{"@type":"PropertyValueSpecification","valueRequired":true,"valueName":"search_term_string"}}],"inLanguage":"es"}]},"product_price_amount":"70.00","product_price_currency":"EUR","og_availability":"instock","product_availability":"instock","product_condition":"new"},"_links":{"self":[{"href":"https:\/\/thingstodoinmarrakech.ma\/es\/wp-json\/wp\/v2\/product\/9595","targetHints":{"allow":["GET"]}}],"collection":[{"href":"https:\/\/thingstodoinmarrakech.ma\/es\/wp-json\/wp\/v2\/product"}],"about":[{"href":"https:\/\/thingstodoinmarrakech.ma\/es\/wp-json\/wp\/v2\/types\/product"}],"replies":[{"embeddable":true,"href":"https:\/\/thingstodoinmarrakech.ma\/es\/wp-json\/wp\/v2\/comments?post=9595"}],"wp:featuredmedia":[{"embeddable":true,"href":"https:\/\/thingstodoinmarrakech.ma\/es\/wp-json\/wp\/v2\/media\/9597"}],"wp:attachment":[{"href":"https:\/\/thingstodoinmarrakech.ma\/es\/wp-json\/wp\/v2\/media?parent=9595"}],"wp:term":[{"taxonomy":"product_brand","embeddable":true,"href":"https:\/\/thingstodoinmarrakech.ma\/es\/wp-json\/wp\/v2\/product_brand?post=9595"},{"taxonomy":"product_cat","embeddable":true,"href":"https:\/\/thingstodoinmarrakech.ma\/es\/wp-json\/wp\/v2\/product_cat?post=9595"},{"taxonomy":"product_tag","embeddable":true,"href":"https:\/\/thingstodoinmarrakech.ma\/es\/wp-json\/wp\/v2\/product_tag?post=9595"}],"curies":[{"name":"wp","href":"https:\/\/api.w.org\/{rel}","templated":true}]}}