{"id":1699,"date":"2022-07-07T10:15:07","date_gmt":"2022-07-07T10:15:07","guid":{"rendered":"https:\/\/thingstodoinmarrakech.ma\/?post_type=product&amp;p=1699"},"modified":"2025-07-01T16:14:07","modified_gmt":"2025-07-01T16:14:07","slug":"venice-rome-and-milan-9-days-8-nights","status":"publish","type":"product","link":"https:\/\/thingstodoinmarrakech.ma\/es\/product\/venice-rome-and-milan-9-days-8-nights\/","title":{"rendered":"Venice, Rome and Milan \u2013 9 Days 8 Nights"},"content":{"rendered":"<h2>Visi\u00f3n general<\/h2>\n<p>El viaje secreto de Tonk\u00edn est\u00e1 dise\u00f1ado para los viajeros que quieren tocar, saborear y sentir el alma del norte de Vietnam a trav\u00e9s de sus aspectos m\u00e1s destacados y experiencias \u00fanicas. M\u00e1s que simples viajes rel\u00e1mpago, el viaje secreto de Tonk\u00edn de Tonk\u00edn casa destinos ic\u00f3nicos y lugares de visita obligada con los rincones ocultos y experiencias bajo la piel para descubrir algunos de los lugares famosos y \u00fanicos alrededor de la regi\u00f3n de Halong.<\/p>\n<p>Compuesto por una docena de islas en el Paso del Descubrimiento, entre la isla de Vancouver y el continente en la Columbia Brit\u00e1nica, le llevaremos en kayak por este remoto grupo de islas escasamente habitadas en esta excursi\u00f3n en kayak.<\/p>\n<p>Remar por las islas es la forma ideal de acercarse a la naturaleza y dejarse envolver por la belleza de \u00e1rboles imponentes, playas remotas y monta\u00f1as. Descubra la fauna que habita esta regi\u00f3n y los secretos de la rica y abundante vida intermareal de la Columbia Brit\u00e1nica mientras explora m\u00e1gicas v\u00edas fluviales.\u200d<\/p>\n<h4>Lo m\u00e1s destacado<\/h4>\n<ul>\n<li>D\u00e9jese envolver por la belleza de los imponentes \u00e1rboles, las remotas playas y las monta\u00f1as de los parajes naturales canadienses<\/li>\n<li>Encuentros cercanos con la fauna costera de Columbia Brit\u00e1nica: leones marinos, focas, delfines blancos del Pac\u00edfico, nutrias, aves y algunas de las estrellas de mar m\u00e1s grandes del mundo.<\/li>\n<li>Est\u00e9 atento a las ballenas jorobadas que han resurgido con fuerza en las Islas Discovery<\/li>\n<li>Cocina costera dise\u00f1ada por un chef gourmet local<\/li>\n<li>Tiendas de expedici\u00f3n de calidad y c\u00e1lidos sacos de dormir, todo incluido en el precio del viaje<\/li>\n<\/ul>","protected":false},"excerpt":{"rendered":"<ul>\n<li>It is almost impossible to read the news without coming across a lead story elections through fake social media accounts&#8230;<\/li>\n<\/ul>","protected":false},"featured_media":3371,"comment_status":"open","ping_status":"closed","template":"","meta":[],"product_brand":[],"product_cat":[28,43,46,48],"product_tag":[],"class_list":{"0":"post-1699","1":"product","2":"type-product","3":"status-publish","4":"has-post-thumbnail","6":"brw_tour_types-day-passes","7":"brw_tour_types-dining-shows","8":"product_cat-beach","9":"product_cat-sky-city","10":"product_cat-temple","11":"product_cat-tower","13":"first","14":"instock","15":"sale","16":"featured","17":"shipping-taxable","18":"purchasable","19":"product-type-ovabrw_car_rental"},"yoast_head":"<!-- This site is optimized with the Yoast SEO Premium plugin v25.3.1 (Yoast SEO v27.2) - https:\/\/yoast.com\/product\/yoast-seo-premium-wordpress\/ -->\n<title>Venice, Rome and Milan \u2013 9 Days 8 Nights - Things To Do In Marrakech<\/title>\n<meta name=\"robots\" content=\"index, follow, max-snippet:-1, max-image-preview:large, max-video-preview:-1\" \/>\n<link rel=\"canonical\" href=\"https:\/\/thingstodoinmarrakech.ma\/es\/product\/venice-rome-and-milan-9-days-8-nights\/\" \/>\n<meta property=\"og:locale\" content=\"es_ES\" \/>\n<meta property=\"og:type\" content=\"article\" \/>\n<meta property=\"og:title\" content=\"Venice, Rome and Milan \u2013 9 Days 8 Nights\" \/>\n<meta property=\"og:description\" content=\"It is almost impossible to read the news without coming across a lead story elections through fake social media accounts...\" \/>\n<meta property=\"og:url\" content=\"https:\/\/thingstodoinmarrakech.ma\/es\/product\/venice-rome-and-milan-9-days-8-nights\/\" \/>\n<meta property=\"og:site_name\" content=\"Things To Do In Marrakech\" \/>\n<meta property=\"article:modified_time\" content=\"2025-07-01T16:14:07+00:00\" \/>\n<meta property=\"og:image\" content=\"https:\/\/thingstodoinmarrakech.ma\/wp-content\/uploads\/2022\/07\/tour-10.jpg\" \/>\n\t<meta property=\"og:image:width\" content=\"800\" \/>\n\t<meta property=\"og:image:height\" content=\"450\" \/>\n\t<meta property=\"og:image:type\" content=\"image\/jpeg\" \/>\n<meta name=\"twitter:card\" content=\"summary_large_image\" \/>\n<meta name=\"twitter:label1\" content=\"Precio\" \/>\n\t<meta name=\"twitter:data1\" content=\"&euro;140,00\" \/>\n\t<meta name=\"twitter:label2\" content=\"Disponibilidad\" \/>\n\t<meta name=\"twitter:data2\" content=\"Disponible\" \/>\n<script type=\"application\/ld+json\" class=\"yoast-schema-graph\">{\"@context\":\"https:\/\/schema.org\",\"@graph\":[{\"@type\":\"WebPage\",\"@id\":\"https:\/\/thingstodoinmarrakech.ma\/product\/venice-rome-and-milan-9-days-8-nights\/\",\"url\":\"https:\/\/thingstodoinmarrakech.ma\/product\/venice-rome-and-milan-9-days-8-nights\/\",\"name\":\"Venice, Rome and Milan \u2013 9 Days 8 Nights - Things To Do In Marrakech\",\"isPartOf\":{\"@id\":\"https:\/\/thingstodoinmarrakech.ma\/#website\"},\"primaryImageOfPage\":{\"@id\":\"https:\/\/thingstodoinmarrakech.ma\/product\/venice-rome-and-milan-9-days-8-nights\/#primaryimage\"},\"image\":{\"@id\":\"https:\/\/thingstodoinmarrakech.ma\/product\/venice-rome-and-milan-9-days-8-nights\/#primaryimage\"},\"thumbnailUrl\":\"https:\/\/thingstodoinmarrakech.ma\/wp-content\/uploads\/2022\/07\/tour-10.jpg\",\"datePublished\":\"2022-07-07T10:15:07+00:00\",\"dateModified\":\"2025-07-01T16:14:07+00:00\",\"breadcrumb\":{\"@id\":\"https:\/\/thingstodoinmarrakech.ma\/product\/venice-rome-and-milan-9-days-8-nights\/#breadcrumb\"},\"inLanguage\":\"es\",\"potentialAction\":[{\"@type\":\"ReadAction\",\"target\":[\"https:\/\/thingstodoinmarrakech.ma\/product\/venice-rome-and-milan-9-days-8-nights\/\"]}]},{\"@type\":\"ImageObject\",\"inLanguage\":\"es\",\"@id\":\"https:\/\/thingstodoinmarrakech.ma\/product\/venice-rome-and-milan-9-days-8-nights\/#primaryimage\",\"url\":\"https:\/\/thingstodoinmarrakech.ma\/wp-content\/uploads\/2022\/07\/tour-10.jpg\",\"contentUrl\":\"https:\/\/thingstodoinmarrakech.ma\/wp-content\/uploads\/2022\/07\/tour-10.jpg\",\"width\":800,\"height\":450},{\"@type\":\"BreadcrumbList\",\"@id\":\"https:\/\/thingstodoinmarrakech.ma\/product\/venice-rome-and-milan-9-days-8-nights\/#breadcrumb\",\"itemListElement\":[{\"@type\":\"ListItem\",\"position\":1,\"name\":\"Home\",\"item\":\"https:\/\/thingstodoinmarrakech.ma\/\"},{\"@type\":\"ListItem\",\"position\":2,\"name\":\"Shop\",\"item\":\"https:\/\/thingstodoinmarrakech.ma\/shop\/\"},{\"@type\":\"ListItem\",\"position\":3,\"name\":\"Venice, Rome and Milan \u2013 9 Days 8 Nights\"}]},{\"@type\":\"WebSite\",\"@id\":\"https:\/\/thingstodoinmarrakech.ma\/#website\",\"url\":\"https:\/\/thingstodoinmarrakech.ma\/\",\"name\":\"Things To Do In Marrakech\",\"description\":\"Your journey starts here\",\"potentialAction\":[{\"@type\":\"SearchAction\",\"target\":{\"@type\":\"EntryPoint\",\"urlTemplate\":\"https:\/\/thingstodoinmarrakech.ma\/?s={search_term_string}\"},\"query-input\":{\"@type\":\"PropertyValueSpecification\",\"valueRequired\":true,\"valueName\":\"search_term_string\"}}],\"inLanguage\":\"es\"}]}<\/script>\n<meta property=\"product:price:amount\" content=\"140.00\" \/>\n<meta property=\"product:price:currency\" content=\"EUR\" \/>\n<meta property=\"og:availability\" content=\"instock\" \/>\n<meta property=\"product:availability\" content=\"instock\" \/>\n<meta property=\"product:condition\" content=\"new\" \/>\n<!-- \/ Yoast SEO Premium plugin. -->","yoast_head_json":{"title":"Venice, Rome and Milan \u2013 9 Days 8 Nights - Things To Do In Marrakech","robots":{"index":"index","follow":"follow","max-snippet":"max-snippet:-1","max-image-preview":"max-image-preview:large","max-video-preview":"max-video-preview:-1"},"canonical":"https:\/\/thingstodoinmarrakech.ma\/es\/product\/venice-rome-and-milan-9-days-8-nights\/","og_locale":"es_ES","og_type":"article","og_title":"Venice, Rome and Milan \u2013 9 Days 8 Nights","og_description":"It is almost impossible to read the news without coming across a lead story elections through fake social media accounts...","og_url":"https:\/\/thingstodoinmarrakech.ma\/es\/product\/venice-rome-and-milan-9-days-8-nights\/","og_site_name":"Things To Do In Marrakech","article_modified_time":"2025-07-01T16:14:07+00:00","og_image":[{"width":800,"height":450,"url":"https:\/\/thingstodoinmarrakech.ma\/wp-content\/uploads\/2022\/07\/tour-10.jpg","type":"image\/jpeg"}],"twitter_card":"summary_large_image","twitter_misc":{"Precio":"&euro;140,00","Disponibilidad":"Disponible"},"schema":{"@context":"https:\/\/schema.org","@graph":[{"@type":"WebPage","@id":"https:\/\/thingstodoinmarrakech.ma\/product\/venice-rome-and-milan-9-days-8-nights\/","url":"https:\/\/thingstodoinmarrakech.ma\/product\/venice-rome-and-milan-9-days-8-nights\/","name":"Venice, Rome and Milan \u2013 9 Days 8 Nights - Things To Do In Marrakech","isPartOf":{"@id":"https:\/\/thingstodoinmarrakech.ma\/#website"},"primaryImageOfPage":{"@id":"https:\/\/thingstodoinmarrakech.ma\/product\/venice-rome-and-milan-9-days-8-nights\/#primaryimage"},"image":{"@id":"https:\/\/thingstodoinmarrakech.ma\/product\/venice-rome-and-milan-9-days-8-nights\/#primaryimage"},"thumbnailUrl":"https:\/\/thingstodoinmarrakech.ma\/wp-content\/uploads\/2022\/07\/tour-10.jpg","datePublished":"2022-07-07T10:15:07+00:00","dateModified":"2025-07-01T16:14:07+00:00","breadcrumb":{"@id":"https:\/\/thingstodoinmarrakech.ma\/product\/venice-rome-and-milan-9-days-8-nights\/#breadcrumb"},"inLanguage":"es","potentialAction":[{"@type":"ReadAction","target":["https:\/\/thingstodoinmarrakech.ma\/product\/venice-rome-and-milan-9-days-8-nights\/"]}]},{"@type":"ImageObject","inLanguage":"es","@id":"https:\/\/thingstodoinmarrakech.ma\/product\/venice-rome-and-milan-9-days-8-nights\/#primaryimage","url":"https:\/\/thingstodoinmarrakech.ma\/wp-content\/uploads\/2022\/07\/tour-10.jpg","contentUrl":"https:\/\/thingstodoinmarrakech.ma\/wp-content\/uploads\/2022\/07\/tour-10.jpg","width":800,"height":450},{"@type":"BreadcrumbList","@id":"https:\/\/thingstodoinmarrakech.ma\/product\/venice-rome-and-milan-9-days-8-nights\/#breadcrumb","itemListElement":[{"@type":"ListItem","position":1,"name":"Home","item":"https:\/\/thingstodoinmarrakech.ma\/"},{"@type":"ListItem","position":2,"name":"Shop","item":"https:\/\/thingstodoinmarrakech.ma\/shop\/"},{"@type":"ListItem","position":3,"name":"Venice, Rome and Milan \u2013 9 Days 8 Nights"}]},{"@type":"WebSite","@id":"https:\/\/thingstodoinmarrakech.ma\/#website","url":"https:\/\/thingstodoinmarrakech.ma\/","name":"Qu\u00e9 hacer en Marrakech","description":"Su viaje comienza aqu\u00ed","potentialAction":[{"@type":"SearchAction","target":{"@type":"EntryPoint","urlTemplate":"https:\/\/thingstodoinmarrakech.ma\/?s={search_term_string}"},"query-input":{"@type":"PropertyValueSpecification","valueRequired":true,"valueName":"search_term_string"}}],"inLanguage":"es"}]},"product_price_amount":"140.00","product_price_currency":"EUR","og_availability":"instock","product_availability":"instock","product_condition":"new"},"_links":{"self":[{"href":"https:\/\/thingstodoinmarrakech.ma\/es\/wp-json\/wp\/v2\/product\/1699","targetHints":{"allow":["GET"]}}],"collection":[{"href":"https:\/\/thingstodoinmarrakech.ma\/es\/wp-json\/wp\/v2\/product"}],"about":[{"href":"https:\/\/thingstodoinmarrakech.ma\/es\/wp-json\/wp\/v2\/types\/product"}],"replies":[{"embeddable":true,"href":"https:\/\/thingstodoinmarrakech.ma\/es\/wp-json\/wp\/v2\/comments?post=1699"}],"wp:featuredmedia":[{"embeddable":true,"href":"https:\/\/thingstodoinmarrakech.ma\/es\/wp-json\/wp\/v2\/media\/3371"}],"wp:attachment":[{"href":"https:\/\/thingstodoinmarrakech.ma\/es\/wp-json\/wp\/v2\/media?parent=1699"}],"wp:term":[{"taxonomy":"product_brand","embeddable":true,"href":"https:\/\/thingstodoinmarrakech.ma\/es\/wp-json\/wp\/v2\/product_brand?post=1699"},{"taxonomy":"product_cat","embeddable":true,"href":"https:\/\/thingstodoinmarrakech.ma\/es\/wp-json\/wp\/v2\/product_cat?post=1699"},{"taxonomy":"product_tag","embeddable":true,"href":"https:\/\/thingstodoinmarrakech.ma\/es\/wp-json\/wp\/v2\/product_tag?post=1699"}],"curies":[{"name":"wp","href":"https:\/\/api.w.org\/{rel}","templated":true}]}}